{"id":199758,"date":"2025-10-23T09:46:34","date_gmt":"2025-10-23T07:46:34","guid":{"rendered":"https:\/\/www.fabioferro.eu\/ti-sento-milano-ring-zirkoniumdioxid-band-2.html"},"modified":"2026-02-06T10:12:58","modified_gmt":"2026-02-06T09:12:58","slug":"ti-sento-milano-ring-zirkoniumdioxid-band-2","status":"publish","type":"product","link":"https:\/\/www.fabioferro.eu\/de\/ti-sento-milano-ring-zirkoniumdioxid-band-2.html","title":{"rendered":"Ti Sento Milano Ring Zirkoniumdioxid Band"},"content":{"rendered":"<p>Ring aus 925 gelbvergoldetem Silber.<\/p>\n<p>Die gefassten Steine sind Zirkonia.<\/p>\n<p>Erh\u00e4ltlich in der Gr\u00f6\u00dfe 14\/54.<\/p>\n<p>Wird mit Box und offizieller Ti Sento Milano Garantie geliefert.<\/p>\n","protected":false},"excerpt":{"rendered":"<p>Ein Schmuckst\u00fcck, das es nicht erwarten kann, getragen zu werden, um in vollem Glanz zu erstrahlen.<\/p>\n","protected":false},"featured_media":199610,"comment_status":"open","ping_status":"closed","template":"","meta":[],"product_brand":[158],"product_cat":[6343],"product_tag":[],"class_list":{"0":"post-199758","1":"product","2":"type-product","3":"status-publish","4":"has-post-thumbnail","6":"product_brand-ti-sento-milano","7":"product_cat-ti-sento-milano-ringe","9":"first","10":"outofstock","11":"taxable","12":"shipping-taxable","13":"purchasable","14":"product-type-simple"},"exclude_global_add_ons":[],"addons":[],"df_price":169,"df_sale_price":"","df_regular_price":169,"df_image_link":"https:\/\/cdn02.fabioferro.eu\/wp-content\/uploads\/anello-ti-sento-milano-12397ZY.jpg","_links":{"self":[{"href":"https:\/\/www.fabioferro.eu\/de\/wp-json\/wp\/v2\/product\/199758","targetHints":{"allow":["GET"]}}],"collection":[{"href":"https:\/\/www.fabioferro.eu\/de\/wp-json\/wp\/v2\/product"}],"about":[{"href":"https:\/\/www.fabioferro.eu\/de\/wp-json\/wp\/v2\/types\/product"}],"replies":[{"embeddable":true,"href":"https:\/\/www.fabioferro.eu\/de\/wp-json\/wp\/v2\/comments?post=199758"}],"version-history":[{"count":1,"href":"https:\/\/www.fabioferro.eu\/de\/wp-json\/wp\/v2\/product\/199758\/revisions"}],"predecessor-version":[{"id":209195,"href":"https:\/\/www.fabioferro.eu\/de\/wp-json\/wp\/v2\/product\/199758\/revisions\/209195"}],"wp:featuredmedia":[{"embeddable":true,"href":"https:\/\/www.fabioferro.eu\/de\/wp-json\/wp\/v2\/media\/199610"}],"wp:attachment":[{"href":"https:\/\/www.fabioferro.eu\/de\/wp-json\/wp\/v2\/media?parent=199758"}],"wp:term":[{"taxonomy":"product_brand","embeddable":true,"href":"https:\/\/www.fabioferro.eu\/de\/wp-json\/wp\/v2\/product_brand?post=199758"},{"taxonomy":"product_cat","embeddable":true,"href":"https:\/\/www.fabioferro.eu\/de\/wp-json\/wp\/v2\/product_cat?post=199758"},{"taxonomy":"product_tag","embeddable":true,"href":"https:\/\/www.fabioferro.eu\/de\/wp-json\/wp\/v2\/product_tag?post=199758"}],"curies":[{"name":"wp","href":"https:\/\/api.w.org\/{rel}","templated":true}]}}