{"id":199765,"date":"2025-10-23T10:04:58","date_gmt":"2025-10-23T08:04:58","guid":{"rendered":"https:\/\/www.fabioferro.eu\/ti-sento-milano-ring-goldene-dreiecke.html"},"modified":"2026-02-06T10:13:00","modified_gmt":"2026-02-06T09:13:00","slug":"ti-sento-milano-ring-goldene-dreiecke","status":"publish","type":"product","link":"https:\/\/www.fabioferro.eu\/de\/ti-sento-milano-ring-goldene-dreiecke.html","title":{"rendered":"Ti Sento Milano Ring Goldene Dreiecke"},"content":{"rendered":"<p>Ring aus 925 gelbvergoldetem Silber.<\/p>\n<p>Die gefassten Steine sind Zirkonia.<\/p>\n<p>Erh\u00e4ltlich in der Gr\u00f6\u00dfe 14\/54.<\/p>\n<p>Wird mit Box und offizieller Ti Sento Milano Garantie geliefert.<\/p>\n","protected":false},"excerpt":{"rendered":"<p>Ein Schmuckst\u00fcck, das es nicht erwarten kann, getragen zu werden, um in vollem Glanz zu erstrahlen.<\/p>\n","protected":false},"featured_media":199626,"comment_status":"open","ping_status":"closed","template":"","meta":[],"product_brand":[158],"product_cat":[6343],"product_tag":[7442],"class_list":{"0":"post-199765","1":"product","2":"type-product","3":"status-publish","4":"has-post-thumbnail","6":"product_brand-ti-sento-milano","7":"product_cat-ti-sento-milano-ringe","8":"product_tag-verfugbar","10":"first","11":"instock","12":"taxable","13":"shipping-taxable","14":"purchasable","15":"product-type-simple"},"exclude_global_add_ons":[],"addons":[],"df_price":129,"df_sale_price":"","df_regular_price":129,"df_image_link":"https:\/\/cdn02.fabioferro.eu\/wp-content\/uploads\/anello-ti-sento-milano-12391ZY.jpg","_links":{"self":[{"href":"https:\/\/www.fabioferro.eu\/de\/wp-json\/wp\/v2\/product\/199765","targetHints":{"allow":["GET"]}}],"collection":[{"href":"https:\/\/www.fabioferro.eu\/de\/wp-json\/wp\/v2\/product"}],"about":[{"href":"https:\/\/www.fabioferro.eu\/de\/wp-json\/wp\/v2\/types\/product"}],"replies":[{"embeddable":true,"href":"https:\/\/www.fabioferro.eu\/de\/wp-json\/wp\/v2\/comments?post=199765"}],"version-history":[{"count":1,"href":"https:\/\/www.fabioferro.eu\/de\/wp-json\/wp\/v2\/product\/199765\/revisions"}],"predecessor-version":[{"id":209197,"href":"https:\/\/www.fabioferro.eu\/de\/wp-json\/wp\/v2\/product\/199765\/revisions\/209197"}],"wp:featuredmedia":[{"embeddable":true,"href":"https:\/\/www.fabioferro.eu\/de\/wp-json\/wp\/v2\/media\/199626"}],"wp:attachment":[{"href":"https:\/\/www.fabioferro.eu\/de\/wp-json\/wp\/v2\/media?parent=199765"}],"wp:term":[{"taxonomy":"product_brand","embeddable":true,"href":"https:\/\/www.fabioferro.eu\/de\/wp-json\/wp\/v2\/product_brand?post=199765"},{"taxonomy":"product_cat","embeddable":true,"href":"https:\/\/www.fabioferro.eu\/de\/wp-json\/wp\/v2\/product_cat?post=199765"},{"taxonomy":"product_tag","embeddable":true,"href":"https:\/\/www.fabioferro.eu\/de\/wp-json\/wp\/v2\/product_tag?post=199765"}],"curies":[{"name":"wp","href":"https:\/\/api.w.org\/{rel}","templated":true}]}}