{"id":199785,"date":"2025-10-22T18:34:15","date_gmt":"2025-10-22T16:34:15","guid":{"rendered":"https:\/\/www.fabioferro.eu\/ti-sento-milano-solitaer-gold-ring.html"},"modified":"2026-02-06T10:14:16","modified_gmt":"2026-02-06T09:14:16","slug":"ti-sento-milano-solitaer-gold-ring","status":"publish","type":"product","link":"https:\/\/www.fabioferro.eu\/de\/ti-sento-milano-solitaer-gold-ring.html","title":{"rendered":"Ti Sento Milano Solit\u00e4r Gold Ring"},"content":{"rendered":"<p>Ring aus 925 gelbvergoldetem Silber.<\/p>\n<p>Die gefassten Steine sind Zirkonia.<\/p>\n<p>Erh\u00e4ltlich in der Gr\u00f6\u00dfe 12\/52.<\/p>\n<p>Wird mit Box und offizieller Ti Sento Milano Garantie geliefert.<\/p>\n","protected":false},"excerpt":{"rendered":"<p>Ein Schmuckst\u00fcck, das es nicht erwarten kann, getragen zu werden, um in vollem Glanz zu erstrahlen.<\/p>\n","protected":false},"featured_media":199495,"comment_status":"open","ping_status":"closed","template":"","meta":[],"product_brand":[158],"product_cat":[6343],"product_tag":[7551,7442],"class_list":{"0":"post-199785","1":"product","2":"type-product","3":"status-publish","4":"has-post-thumbnail","6":"product_brand-ti-sento-milano","7":"product_cat-ti-sento-milano-ringe","8":"product_tag-ausschlusse","9":"product_tag-verfugbar","11":"first","12":"instock","13":"taxable","14":"shipping-taxable","15":"purchasable","16":"product-type-simple"},"exclude_global_add_ons":[],"addons":[],"df_price":69,"df_sale_price":"","df_regular_price":69,"df_image_link":"https:\/\/cdn02.fabioferro.eu\/wp-content\/uploads\/anello-ti-sento-milano-12367ZY.jpg","_links":{"self":[{"href":"https:\/\/www.fabioferro.eu\/de\/wp-json\/wp\/v2\/product\/199785","targetHints":{"allow":["GET"]}}],"collection":[{"href":"https:\/\/www.fabioferro.eu\/de\/wp-json\/wp\/v2\/product"}],"about":[{"href":"https:\/\/www.fabioferro.eu\/de\/wp-json\/wp\/v2\/types\/product"}],"replies":[{"embeddable":true,"href":"https:\/\/www.fabioferro.eu\/de\/wp-json\/wp\/v2\/comments?post=199785"}],"version-history":[{"count":1,"href":"https:\/\/www.fabioferro.eu\/de\/wp-json\/wp\/v2\/product\/199785\/revisions"}],"predecessor-version":[{"id":209258,"href":"https:\/\/www.fabioferro.eu\/de\/wp-json\/wp\/v2\/product\/199785\/revisions\/209258"}],"wp:featuredmedia":[{"embeddable":true,"href":"https:\/\/www.fabioferro.eu\/de\/wp-json\/wp\/v2\/media\/199495"}],"wp:attachment":[{"href":"https:\/\/www.fabioferro.eu\/de\/wp-json\/wp\/v2\/media?parent=199785"}],"wp:term":[{"taxonomy":"product_brand","embeddable":true,"href":"https:\/\/www.fabioferro.eu\/de\/wp-json\/wp\/v2\/product_brand?post=199785"},{"taxonomy":"product_cat","embeddable":true,"href":"https:\/\/www.fabioferro.eu\/de\/wp-json\/wp\/v2\/product_cat?post=199785"},{"taxonomy":"product_tag","embeddable":true,"href":"https:\/\/www.fabioferro.eu\/de\/wp-json\/wp\/v2\/product_tag?post=199785"}],"curies":[{"name":"wp","href":"https:\/\/api.w.org\/{rel}","templated":true}]}}