{"id":200023,"date":"2025-10-25T18:21:12","date_gmt":"2025-10-25T16:21:12","guid":{"rendered":"https:\/\/www.fabioferro.eu\/giovanni-raspini-halskette-mit-dschungel-anhaenger.html"},"modified":"2026-02-06T10:13:24","modified_gmt":"2026-02-06T09:13:24","slug":"giovanni-raspini-halskette-mit-dschungel-anhaenger","status":"publish","type":"product","link":"https:\/\/www.fabioferro.eu\/de\/giovanni-raspini-halskette-mit-dschungel-anhaenger.html","title":{"rendered":"Giovanni Raspini Halskette mit Dschungel-Anh\u00e4nger"},"content":{"rendered":"<p>Halskette aus handgefertigtem 925er Silber.<\/p>\n<p>Handgefertigt in Italien.<\/p>\n<p>L\u00e4nge 80 cm einmalig, nicht verstellbar.<\/p>\n<p>Mit Box und offizieller Giovanni Raspini Garantie.<\/p>\n<p>&nbsp;<\/p>\n","protected":false},"excerpt":{"rendered":"<p>Ein Anh\u00e4nger, der Sie zu Ihren Urspr\u00fcngen zur\u00fcckf\u00fchrt und Sie an die gro\u00dfe Liebe zur wahren Natur erinnert.<\/p>\n","protected":false},"featured_media":198290,"comment_status":"open","ping_status":"closed","template":"","meta":[],"product_brand":[],"product_cat":[7568],"product_tag":[7551],"class_list":{"0":"post-200023","1":"product","2":"type-product","3":"status-publish","4":"has-post-thumbnail","6":"product_cat-giovanni-raspini-halsketten","7":"product_tag-ausschlusse","9":"first","10":"instock","11":"taxable","12":"shipping-taxable","13":"purchasable","14":"product-type-simple"},"exclude_global_add_ons":[],"addons":[],"df_price":380,"df_sale_price":"","df_regular_price":380,"df_image_link":"https:\/\/cdn02.fabioferro.eu\/wp-content\/uploads\/collana-giovanni-raspini-pendente-jungle-12505.jpg","_links":{"self":[{"href":"https:\/\/www.fabioferro.eu\/de\/wp-json\/wp\/v2\/product\/200023","targetHints":{"allow":["GET"]}}],"collection":[{"href":"https:\/\/www.fabioferro.eu\/de\/wp-json\/wp\/v2\/product"}],"about":[{"href":"https:\/\/www.fabioferro.eu\/de\/wp-json\/wp\/v2\/types\/product"}],"replies":[{"embeddable":true,"href":"https:\/\/www.fabioferro.eu\/de\/wp-json\/wp\/v2\/comments?post=200023"}],"version-history":[{"count":1,"href":"https:\/\/www.fabioferro.eu\/de\/wp-json\/wp\/v2\/product\/200023\/revisions"}],"predecessor-version":[{"id":209212,"href":"https:\/\/www.fabioferro.eu\/de\/wp-json\/wp\/v2\/product\/200023\/revisions\/209212"}],"wp:featuredmedia":[{"embeddable":true,"href":"https:\/\/www.fabioferro.eu\/de\/wp-json\/wp\/v2\/media\/198290"}],"wp:attachment":[{"href":"https:\/\/www.fabioferro.eu\/de\/wp-json\/wp\/v2\/media?parent=200023"}],"wp:term":[{"taxonomy":"product_brand","embeddable":true,"href":"https:\/\/www.fabioferro.eu\/de\/wp-json\/wp\/v2\/product_brand?post=200023"},{"taxonomy":"product_cat","embeddable":true,"href":"https:\/\/www.fabioferro.eu\/de\/wp-json\/wp\/v2\/product_cat?post=200023"},{"taxonomy":"product_tag","embeddable":true,"href":"https:\/\/www.fabioferro.eu\/de\/wp-json\/wp\/v2\/product_tag?post=200023"}],"curies":[{"name":"wp","href":"https:\/\/api.w.org\/{rel}","templated":true}]}}