{"id":201640,"date":"2025-11-04T14:45:22","date_gmt":"2025-11-04T13:45:22","guid":{"rendered":"https:\/\/www.fabioferro.eu\/giovanni-raspini-sedona-nomad-halskette.html"},"modified":"2026-02-06T10:13:31","modified_gmt":"2026-02-06T09:13:31","slug":"giovanni-raspini-sedona-nomad-halskette","status":"publish","type":"product","link":"https:\/\/www.fabioferro.eu\/de\/giovanni-raspini-sedona-nomad-halskette.html","title":{"rendered":"Giovanni Raspini Sedona Nomad Halskette"},"content":{"rendered":"<p>Halskette aus Bronze mit 18-kar\u00e4tiger Vergoldung.<\/p>\n<p>Die Gr\u00f6\u00dfe des inneren Ovals betr\u00e4gt 12 cm.<\/p>\n<p>Verschluss mit klassischem Karabiner und Verstellringen.<\/p>\n<p>Handgefertigt in Italien.<\/p>\n<p>Mit Verpackung und offizieller Giovanni Raspini-Garantie.<\/p>\n","protected":false},"excerpt":{"rendered":"<p>Die authentische Sch\u00f6nheit von handgefertigtem Schmuck mit starkem Charakter und unverwechselbarem Stil.<\/p>\n","protected":false},"featured_media":201431,"comment_status":"open","ping_status":"closed","template":"","meta":[],"product_brand":[],"product_cat":[7568,7617],"product_tag":[7551,7442],"class_list":{"0":"post-201640","1":"product","2":"type-product","3":"status-publish","4":"has-post-thumbnail","6":"product_cat-giovanni-raspini-halsketten","7":"product_cat-giovanni-raspini-nomade","8":"product_tag-ausschlusse","9":"product_tag-verfugbar","11":"first","12":"instock","13":"taxable","14":"shipping-taxable","15":"purchasable","16":"product-type-simple"},"exclude_global_add_ons":[],"addons":[],"df_price":395,"df_sale_price":"","df_regular_price":395,"df_image_link":"https:\/\/cdn02.fabioferro.eu\/wp-content\/uploads\/collana-giovanni-raspini-sedona-N0001.jpg","_links":{"self":[{"href":"https:\/\/www.fabioferro.eu\/de\/wp-json\/wp\/v2\/product\/201640","targetHints":{"allow":["GET"]}}],"collection":[{"href":"https:\/\/www.fabioferro.eu\/de\/wp-json\/wp\/v2\/product"}],"about":[{"href":"https:\/\/www.fabioferro.eu\/de\/wp-json\/wp\/v2\/types\/product"}],"replies":[{"embeddable":true,"href":"https:\/\/www.fabioferro.eu\/de\/wp-json\/wp\/v2\/comments?post=201640"}],"version-history":[{"count":1,"href":"https:\/\/www.fabioferro.eu\/de\/wp-json\/wp\/v2\/product\/201640\/revisions"}],"predecessor-version":[{"id":209217,"href":"https:\/\/www.fabioferro.eu\/de\/wp-json\/wp\/v2\/product\/201640\/revisions\/209217"}],"wp:featuredmedia":[{"embeddable":true,"href":"https:\/\/www.fabioferro.eu\/de\/wp-json\/wp\/v2\/media\/201431"}],"wp:attachment":[{"href":"https:\/\/www.fabioferro.eu\/de\/wp-json\/wp\/v2\/media?parent=201640"}],"wp:term":[{"taxonomy":"product_brand","embeddable":true,"href":"https:\/\/www.fabioferro.eu\/de\/wp-json\/wp\/v2\/product_brand?post=201640"},{"taxonomy":"product_cat","embeddable":true,"href":"https:\/\/www.fabioferro.eu\/de\/wp-json\/wp\/v2\/product_cat?post=201640"},{"taxonomy":"product_tag","embeddable":true,"href":"https:\/\/www.fabioferro.eu\/de\/wp-json\/wp\/v2\/product_tag?post=201640"}],"curies":[{"name":"wp","href":"https:\/\/api.w.org\/{rel}","templated":true}]}}