{"id":203912,"date":"2025-11-13T17:08:29","date_gmt":"2025-11-13T16:08:29","guid":{"rendered":"https:\/\/www.fabioferro.eu\/comete-stahlarmband-mit-natuerlichen-hartsteinen-2.html"},"modified":"2026-02-06T10:11:28","modified_gmt":"2026-02-06T09:11:28","slug":"comete-stahlarmband-mit-natuerlichen-hartsteinen-2","status":"publish","type":"product","link":"https:\/\/www.fabioferro.eu\/de\/comete-stahlarmband-mit-natuerlichen-hartsteinen-2.html","title":{"rendered":"Comete Stahlarmband mit nat\u00fcrlichen Hartsteinen"},"content":{"rendered":"<p>Stahlarmband von Comete mit Tigerauge, gr\u00fcnem Malachit, blauem Achat und H\u00e4matit.<\/p>\n<p>Karabinerverschluss und verstellbare Verl\u00e4ngerung.<\/p>\n<p>Mit offizieller Comete-Box und Garantie.<\/p>\n","protected":false},"excerpt":{"rendered":"<p>Ein elegantes Armband, das Ihnen eine Geschichte erz\u00e4hlt, wenn Sie es tragen.<\/p>\n","protected":false},"featured_media":202145,"comment_status":"open","ping_status":"closed","template":"","meta":[],"product_brand":[157],"product_cat":[6341],"product_tag":[7551],"class_list":{"0":"post-203912","1":"product","2":"type-product","3":"status-publish","4":"has-post-thumbnail","6":"product_brand-comete","7":"product_cat-comete-armbander-manner","8":"product_tag-ausschlusse","10":"first","11":"outofstock","12":"taxable","13":"shipping-taxable","14":"purchasable","15":"product-type-simple"},"exclude_global_add_ons":[],"addons":[],"df_price":52,"df_sale_price":"","df_regular_price":52,"df_image_link":"https:\/\/cdn02.fabioferro.eu\/wp-content\/uploads\/bracciale-comete-pietre-dure-ubr-1198.jpg","_links":{"self":[{"href":"https:\/\/www.fabioferro.eu\/de\/wp-json\/wp\/v2\/product\/203912","targetHints":{"allow":["GET"]}}],"collection":[{"href":"https:\/\/www.fabioferro.eu\/de\/wp-json\/wp\/v2\/product"}],"about":[{"href":"https:\/\/www.fabioferro.eu\/de\/wp-json\/wp\/v2\/types\/product"}],"replies":[{"embeddable":true,"href":"https:\/\/www.fabioferro.eu\/de\/wp-json\/wp\/v2\/comments?post=203912"}],"version-history":[{"count":1,"href":"https:\/\/www.fabioferro.eu\/de\/wp-json\/wp\/v2\/product\/203912\/revisions"}],"predecessor-version":[{"id":209175,"href":"https:\/\/www.fabioferro.eu\/de\/wp-json\/wp\/v2\/product\/203912\/revisions\/209175"}],"wp:featuredmedia":[{"embeddable":true,"href":"https:\/\/www.fabioferro.eu\/de\/wp-json\/wp\/v2\/media\/202145"}],"wp:attachment":[{"href":"https:\/\/www.fabioferro.eu\/de\/wp-json\/wp\/v2\/media?parent=203912"}],"wp:term":[{"taxonomy":"product_brand","embeddable":true,"href":"https:\/\/www.fabioferro.eu\/de\/wp-json\/wp\/v2\/product_brand?post=203912"},{"taxonomy":"product_cat","embeddable":true,"href":"https:\/\/www.fabioferro.eu\/de\/wp-json\/wp\/v2\/product_cat?post=203912"},{"taxonomy":"product_tag","embeddable":true,"href":"https:\/\/www.fabioferro.eu\/de\/wp-json\/wp\/v2\/product_tag?post=203912"}],"curies":[{"name":"wp","href":"https:\/\/api.w.org\/{rel}","templated":true}]}}