{"id":205343,"date":"2025-12-20T16:23:09","date_gmt":"2025-12-20T15:23:09","guid":{"rendered":"https:\/\/www.fabioferro.eu\/?post_type=product&#038;p=205343.html"},"modified":"2026-01-15T10:05:51","modified_gmt":"2026-01-15T09:05:51","slug":"longines-dolcevita-auto-leder-silber-282-x-47mm","status":"publish","type":"product","link":"https:\/\/www.fabioferro.eu\/de\/longines-dolcevita-auto-leder-silber-282-x-47mm.html","title":{"rendered":"Longines Dolcevita Auto Leder Silber 28,2 x 47mm"},"content":{"rendered":"<p>Uhr mit Automatikwerk und Kaliber L592. Komplett mit Stunden, Minuten, Sekunden und Datumsfunktionen. Ausgestattet mit einem mechanischen Uhrwerk mit Automatikaufzug und einer Frequenz von 28.800 Halbschwingungen pro Stunde sowie einer Gangreserve von etwa 45 Stunden. Au\u00dferdem ist sie mit dem exklusiven Longines-Manufakturkaliber ausgestattet.<\/p>\n<p>Rechteckiges Geh\u00e4use aus Edelstahl mit den Ma\u00dfen 28,20 x 47 mm. Die Dicke betr\u00e4gt 10,10 mm und der Abstand zwischen den Anst\u00f6\u00dfen 19 mm. Die maximale Wasserdichtigkeit betr\u00e4gt 3 bar\/30 Meter. Das Gesamtgewicht betr\u00e4gt 129,0 g. Kratzfestes Saphirglas ist ebenfalls vorhanden.<\/p>\n<p>Das silberfarbene Flinqu\u00e9-Zifferblatt ist mit aufgemalten Indexen in r\u00f6mischen Ziffern und br\u00fcnierten Stahlzeigern versehen.<\/p>\n<p>Das schwarze Alligatorlederarmband ist mit einer Longines-Schlie\u00dfe und einem Longines-Logo versehen.<\/p>\n<p>Uhr komplett mit Box und offizieller 5-Jahres-Garantie von Longines.<\/p>\n","protected":false},"excerpt":{"rendered":"<p>Die Kollektion Dolcevita von Longines ist eine Hymne an das Leben und seine Sch\u00f6nheit. Zeitmesser, die sich durch einen einzigartigen Stil und Charme auszeichnen. Eine \u00e4u\u00dferst elegante und vielseitige Uhr, die vor allem durch ihre quadratischen und zarten Linien besticht.<\/p>\n","protected":false},"featured_media":205347,"comment_status":"open","ping_status":"closed","template":"","meta":[],"product_brand":[5391],"product_cat":[5966,5953],"product_tag":[],"class_list":{"0":"post-205343","1":"product","2":"type-product","3":"status-publish","4":"has-post-thumbnail","6":"product_brand-longines","7":"product_cat-longines-damenuhren","8":"product_cat-longines-herrenuhren","9":"pa_collezione-longines-dolcevita-de","11":"first","12":"instock","13":"taxable","14":"shipping-taxable","15":"purchasable","16":"product-type-simple"},"exclude_global_add_ons":[],"addons":[],"df_price":2000,"df_sale_price":"","df_regular_price":2000,"df_image_link":"https:\/\/cdn02.fabioferro.eu\/wp-content\/uploads\/longines-dolcevita-auto-nero-argento-l57674710.jpg","_links":{"self":[{"href":"https:\/\/www.fabioferro.eu\/de\/wp-json\/wp\/v2\/product\/205343","targetHints":{"allow":["GET"]}}],"collection":[{"href":"https:\/\/www.fabioferro.eu\/de\/wp-json\/wp\/v2\/product"}],"about":[{"href":"https:\/\/www.fabioferro.eu\/de\/wp-json\/wp\/v2\/types\/product"}],"replies":[{"embeddable":true,"href":"https:\/\/www.fabioferro.eu\/de\/wp-json\/wp\/v2\/comments?post=205343"}],"version-history":[{"count":1,"href":"https:\/\/www.fabioferro.eu\/de\/wp-json\/wp\/v2\/product\/205343\/revisions"}],"predecessor-version":[{"id":205639,"href":"https:\/\/www.fabioferro.eu\/de\/wp-json\/wp\/v2\/product\/205343\/revisions\/205639"}],"wp:featuredmedia":[{"embeddable":true,"href":"https:\/\/www.fabioferro.eu\/de\/wp-json\/wp\/v2\/media\/205347"}],"wp:attachment":[{"href":"https:\/\/www.fabioferro.eu\/de\/wp-json\/wp\/v2\/media?parent=205343"}],"wp:term":[{"taxonomy":"product_brand","embeddable":true,"href":"https:\/\/www.fabioferro.eu\/de\/wp-json\/wp\/v2\/product_brand?post=205343"},{"taxonomy":"product_cat","embeddable":true,"href":"https:\/\/www.fabioferro.eu\/de\/wp-json\/wp\/v2\/product_cat?post=205343"},{"taxonomy":"product_tag","embeddable":true,"href":"https:\/\/www.fabioferro.eu\/de\/wp-json\/wp\/v2\/product_tag?post=205343"}],"curies":[{"name":"wp","href":"https:\/\/api.w.org\/{rel}","templated":true}]}}