{"id":208088,"date":"2026-01-28T10:48:36","date_gmt":"2026-01-28T09:48:36","guid":{"rendered":"https:\/\/www.fabioferro.eu\/?post_type=product&#038;p=208088.html"},"modified":"2026-02-06T10:45:03","modified_gmt":"2026-02-06T09:45:03","slug":"hamilton-intra-matic-chrono-40mm-h38429541","status":"publish","type":"product","link":"https:\/\/www.fabioferro.eu\/de\/hamilton-intra-matic-chrono-40mm-h38429541.html","title":{"rendered":"Hamilton Intra-Matic Chrono 40mm H38429541"},"content":{"rendered":"<p>Hamilton Intra-Matic Chrono 40mm H38429541 mit mechanischem Uhrwerk, Kaliber H-51, mit 60 Stunden Gangreserve.<\/p>\n<p>Edelstahlgeh\u00e4use, 40 mm Durchmesser. Logo-Krone bei 3 Uhr, verschraubter Geh\u00e4useboden. Dr\u00fccker f\u00fcr die Chronographenfunktionen bei 2 und 4 Uhr.<\/p>\n<p>Wasserdicht bis zu 10 bar\/100 Meter.<\/p>\n<p>Schattiertes Zifferblatt mit zwei unteren Zifferbl\u00e4ttern bei 3 und 9 Uhr. Logo auf 12 Uhr.<\/p>\n<p>Versilberte Stundenmarkierungen und Zeiger in Lumibrite f\u00fcr die Ablesung im Dunkeln.<\/p>\n<p>Armband aus gr\u00fcnem Rindsleder, Faltschlie\u00dfe. Ansto\u00dfbreite 20 mm, Schnalle 18 mm.<\/p>\n<p>Kratzfestes, leicht gew\u00f6lbtes Saphirglas.<\/p>\n<p>Die Uhr wird von der offiziellen Hamilton Garantie und Verpackung begleitet.<\/p>\n","protected":false},"excerpt":{"rendered":"<p>Hamilton Intra-Matic Chrono 40mm H38429541, die Sch\u00f6nheit des automatischen Mechanismus, der sie einzigartig macht.<\/p>\n","protected":false},"featured_media":208097,"comment_status":"open","ping_status":"closed","template":"","meta":[],"product_brand":[161],"product_cat":[5974],"product_tag":[7442],"class_list":{"0":"post-208088","1":"product","2":"type-product","3":"status-publish","4":"has-post-thumbnail","6":"product_brand-hamilton","7":"product_cat-hamilton-herrenuhren","8":"product_tag-verfugbar","10":"first","11":"instock","12":"sale","13":"featured","14":"taxable","15":"shipping-taxable","16":"purchasable","17":"product-type-simple"},"exclude_global_add_ons":[],"addons":[],"df_price":1836,"df_sale_price":1836,"df_regular_price":2295,"df_image_link":"https:\/\/cdn02.fabioferro.eu\/wp-content\/uploads\/hamilton-intra-matic-blu-h38429541.jpg","_links":{"self":[{"href":"https:\/\/www.fabioferro.eu\/de\/wp-json\/wp\/v2\/product\/208088","targetHints":{"allow":["GET"]}}],"collection":[{"href":"https:\/\/www.fabioferro.eu\/de\/wp-json\/wp\/v2\/product"}],"about":[{"href":"https:\/\/www.fabioferro.eu\/de\/wp-json\/wp\/v2\/types\/product"}],"replies":[{"embeddable":true,"href":"https:\/\/www.fabioferro.eu\/de\/wp-json\/wp\/v2\/comments?post=208088"}],"version-history":[{"count":1,"href":"https:\/\/www.fabioferro.eu\/de\/wp-json\/wp\/v2\/product\/208088\/revisions"}],"predecessor-version":[{"id":209372,"href":"https:\/\/www.fabioferro.eu\/de\/wp-json\/wp\/v2\/product\/208088\/revisions\/209372"}],"wp:featuredmedia":[{"embeddable":true,"href":"https:\/\/www.fabioferro.eu\/de\/wp-json\/wp\/v2\/media\/208097"}],"wp:attachment":[{"href":"https:\/\/www.fabioferro.eu\/de\/wp-json\/wp\/v2\/media?parent=208088"}],"wp:term":[{"taxonomy":"product_brand","embeddable":true,"href":"https:\/\/www.fabioferro.eu\/de\/wp-json\/wp\/v2\/product_brand?post=208088"},{"taxonomy":"product_cat","embeddable":true,"href":"https:\/\/www.fabioferro.eu\/de\/wp-json\/wp\/v2\/product_cat?post=208088"},{"taxonomy":"product_tag","embeddable":true,"href":"https:\/\/www.fabioferro.eu\/de\/wp-json\/wp\/v2\/product_tag?post=208088"}],"curies":[{"name":"wp","href":"https:\/\/api.w.org\/{rel}","templated":true}]}}