{"id":208713,"date":"2026-02-05T08:28:34","date_gmt":"2026-02-05T07:28:34","guid":{"rendered":"https:\/\/www.fabioferro.eu\/?post_type=product&#038;p=208713.html"},"modified":"2026-02-06T10:45:22","modified_gmt":"2026-02-06T09:45:22","slug":"fope-armband-prima-flex-it-kollektion-rose-gelb-weiss-gold","status":"publish","type":"product","link":"https:\/\/www.fabioferro.eu\/de\/fope-armband-prima-flex-it-kollektion-rose-gelb-weiss-gold.html","title":{"rendered":"Fope Armband Prima Flex It Kollektion Rose Gelb Wei\u00df Gold"},"content":{"rendered":"<p class=\"p1\">Fope Armband aus 18 Karat Wei\u00df-, Gelb- und Ros\u00e9gold, das von italienischen Handwerksmeistern sorgf\u00e4ltig gefertigt wird.<\/p>\n<p class=\"p1\">In der Mitte des Armbands befindet sich ein elegantes Herzst\u00fcck, das mit 0,30 Karat nat\u00fcrlichen Diamanten besetzt ist und die Struktur des Schmuckst\u00fccks um einen raffinierten Lichtpunkt bereichert.<\/p>\n<p class=\"p1\">Ausgestattet mit der Flex it-Technologie bietet das Armband eine perfekte Passform und passt sich dank d\u00fcnner Goldfedern im Inneren ohne Verschluss dem Handgelenk an.<\/p>\n<p class=\"p1\">Jedes Armband wird strengen Qualit\u00e4tstests unterzogen und durchl\u00e4uft 12.000 Zugzyklen, um au\u00dfergew\u00f6hnliche Haltbarkeit und St\u00e4rke zu gew\u00e4hrleisten.<\/p>\n<p class=\"p1\">Pr\u00e4sentiert in einem eleganten Etui mit einem internationalen Garantiezertifikat ist sie ein Symbol f\u00fcr zeitlosen Stil und Qualit\u00e4t.<\/p>\n<p><img decoding=\"async\" class=\"alignnone size-full wp-image-205465\" src=\"http:\/\/cdn02.fabioferro.eu\/wp-content\/uploads\/tabelle-misure-bracciali.jpg\" alt=\"\" width=\"1900\" height=\"153\" title=\"\" srcset=\"https:\/\/cdn02.fabioferro.eu\/wp-content\/uploads\/tabelle-misure-bracciali.jpg 1900w, https:\/\/cdn02.fabioferro.eu\/wp-content\/uploads\/tabelle-misure-bracciali-768x62.jpg 768w, https:\/\/cdn02.fabioferro.eu\/wp-content\/uploads\/tabelle-misure-bracciali-1536x124.jpg 1536w, https:\/\/cdn02.fabioferro.eu\/wp-content\/uploads\/tabelle-misure-bracciali-990x80.jpg 990w, https:\/\/cdn02.fabioferro.eu\/wp-content\/uploads\/tabelle-misure-bracciali-441x36.jpg 441w, https:\/\/cdn02.fabioferro.eu\/wp-content\/uploads\/tabelle-misure-bracciali-600x48.jpg 600w, https:\/\/cdn02.fabioferro.eu\/wp-content\/uploads\/tabelle-misure-bracciali-150x12.jpg 150w\" sizes=\"(max-width: 1900px) 100vw, 1900px\" \/><\/p>\n","protected":false},"excerpt":{"rendered":"<p class=\"p1\">Ein Armband in drei Farben aus Gold, das die Raffinesse der Marke Fope verk\u00f6rpert.<\/p>\n","protected":false},"featured_media":208727,"comment_status":"open","ping_status":"closed","template":"","meta":[],"product_brand":[],"product_cat":[6161],"product_tag":[],"class_list":{"0":"post-208713","1":"product","2":"type-product","3":"status-publish","4":"has-post-thumbnail","6":"product_cat-fope-armbander","8":"first","9":"instock","10":"taxable","11":"shipping-taxable","12":"purchasable","13":"product-type-variable","14":"has-default-attributes"},"exclude_global_add_ons":[],"addons":[],"df_price":10150,"df_sale_price":"","df_regular_price":10150,"df_image_link":"https:\/\/cdn02.fabioferro.eu\/wp-content\/uploads\/bracciale-fope-collezione-prima-in-oro-75108BX_PB-3.jpg","_links":{"self":[{"href":"https:\/\/www.fabioferro.eu\/de\/wp-json\/wp\/v2\/product\/208713","targetHints":{"allow":["GET"]}}],"collection":[{"href":"https:\/\/www.fabioferro.eu\/de\/wp-json\/wp\/v2\/product"}],"about":[{"href":"https:\/\/www.fabioferro.eu\/de\/wp-json\/wp\/v2\/types\/product"}],"replies":[{"embeddable":true,"href":"https:\/\/www.fabioferro.eu\/de\/wp-json\/wp\/v2\/comments?post=208713"}],"version-history":[{"count":2,"href":"https:\/\/www.fabioferro.eu\/de\/wp-json\/wp\/v2\/product\/208713\/revisions"}],"predecessor-version":[{"id":209393,"href":"https:\/\/www.fabioferro.eu\/de\/wp-json\/wp\/v2\/product\/208713\/revisions\/209393"}],"wp:featuredmedia":[{"embeddable":true,"href":"https:\/\/www.fabioferro.eu\/de\/wp-json\/wp\/v2\/media\/208727"}],"wp:attachment":[{"href":"https:\/\/www.fabioferro.eu\/de\/wp-json\/wp\/v2\/media?parent=208713"}],"wp:term":[{"taxonomy":"product_brand","embeddable":true,"href":"https:\/\/www.fabioferro.eu\/de\/wp-json\/wp\/v2\/product_brand?post=208713"},{"taxonomy":"product_cat","embeddable":true,"href":"https:\/\/www.fabioferro.eu\/de\/wp-json\/wp\/v2\/product_cat?post=208713"},{"taxonomy":"product_tag","embeddable":true,"href":"https:\/\/www.fabioferro.eu\/de\/wp-json\/wp\/v2\/product_tag?post=208713"}],"curies":[{"name":"wp","href":"https:\/\/api.w.org\/{rel}","templated":true}]}}