{"id":208759,"date":"2026-02-05T08:35:20","date_gmt":"2026-02-05T07:35:20","guid":{"rendered":"https:\/\/www.fabioferro.eu\/?post_type=product&#038;p=208759.html"},"modified":"2026-02-06T10:45:26","modified_gmt":"2026-02-06T09:45:26","slug":"fope-prima-collection-halskette-in-rose-gelb-weissgold","status":"publish","type":"product","link":"https:\/\/www.fabioferro.eu\/de\/fope-prima-collection-halskette-in-rose-gelb-weissgold.html","title":{"rendered":"Fope Prima Collection Halskette in Rose Gelb Wei\u00dfgold"},"content":{"rendered":"<div class=\"description\">\n<div class=\"description\">\n<div class=\"description\">\n<div class=\"description\">\n<p>Komplett aus 18-kar\u00e4tigem Wei\u00df-, Gelb- und Ros\u00e9gold, hergestellt in Vicenza, Italien.<\/p>\n<p>Fope Prima Kollektion Collier mit drei eleganten Str\u00e4ngen in den Farben des Goldes.<\/p>\n<p>Das Collier verf\u00fcgt \u00fcber ein elegantes Zentrum, das mit Diamanten im Brillantschliff von insgesamt 0,49 Karat besetzt ist.<\/p>\n<p>Die Diamanten zeichnen sich durch eine Farbe von G und einen Reinheitsgrad von VS1 aus.<\/p>\n<p>Drehbarer Karabinerverschluss, der es erm\u00f6glicht, die Kette um den Hals zu legen, ohne dass sie sich um sich selbst dreht.<\/p>\n<p>Das Schmuckst\u00fcck wird von einem eleganten Etui und der offiziellen Fope-Garantie begleitet.<\/p>\n<p><img decoding=\"async\" class=\"alignnone size-full wp-image-204889\" src=\"http:\/\/cdn02.fabioferro.eu\/wp-content\/uploads\/misure-collane-fope-internazionale.jpg\" alt=\"\" width=\"1500\" height=\"1875\" title=\"\" srcset=\"https:\/\/cdn02.fabioferro.eu\/wp-content\/uploads\/misure-collane-fope-internazionale.jpg 1500w, https:\/\/cdn02.fabioferro.eu\/wp-content\/uploads\/misure-collane-fope-internazionale-768x960.jpg 768w, https:\/\/cdn02.fabioferro.eu\/wp-content\/uploads\/misure-collane-fope-internazionale-1229x1536.jpg 1229w, https:\/\/cdn02.fabioferro.eu\/wp-content\/uploads\/misure-collane-fope-internazionale-990x1238.jpg 990w, https:\/\/cdn02.fabioferro.eu\/wp-content\/uploads\/misure-collane-fope-internazionale-441x551.jpg 441w, https:\/\/cdn02.fabioferro.eu\/wp-content\/uploads\/misure-collane-fope-internazionale-600x750.jpg 600w, https:\/\/cdn02.fabioferro.eu\/wp-content\/uploads\/misure-collane-fope-internazionale-150x188.jpg 150w\" sizes=\"(max-width: 1500px) 100vw, 1500px\" \/><\/p>\n<\/div>\n<\/div>\n<\/div>\n<\/div>\n","protected":false},"excerpt":{"rendered":"<p>Elegant, bequem und f\u00fcr jeden Tag geeignet. Fope-Schmuck wird geboren, um gelebt zu werden, Tag f\u00fcr Tag.<\/p>\n","protected":false},"featured_media":208730,"comment_status":"open","ping_status":"closed","template":"","meta":[],"product_brand":[],"product_cat":[6203],"product_tag":[],"class_list":{"0":"post-208759","1":"product","2":"type-product","3":"status-publish","4":"has-post-thumbnail","6":"product_cat-fope-halsketten","8":"first","9":"instock","10":"taxable","11":"shipping-taxable","12":"purchasable","13":"product-type-variable","14":"has-default-attributes"},"exclude_global_add_ons":[],"addons":[],"df_price":10630,"df_sale_price":"","df_regular_price":10630,"df_image_link":"https:\/\/cdn02.fabioferro.eu\/wp-content\/uploads\/collana-fope-collezione-prima-in-oro-75108CX_PB_4_BBX_043.jpg","_links":{"self":[{"href":"https:\/\/www.fabioferro.eu\/de\/wp-json\/wp\/v2\/product\/208759","targetHints":{"allow":["GET"]}}],"collection":[{"href":"https:\/\/www.fabioferro.eu\/de\/wp-json\/wp\/v2\/product"}],"about":[{"href":"https:\/\/www.fabioferro.eu\/de\/wp-json\/wp\/v2\/types\/product"}],"replies":[{"embeddable":true,"href":"https:\/\/www.fabioferro.eu\/de\/wp-json\/wp\/v2\/comments?post=208759"}],"version-history":[{"count":2,"href":"https:\/\/www.fabioferro.eu\/de\/wp-json\/wp\/v2\/product\/208759\/revisions"}],"predecessor-version":[{"id":209394,"href":"https:\/\/www.fabioferro.eu\/de\/wp-json\/wp\/v2\/product\/208759\/revisions\/209394"}],"wp:featuredmedia":[{"embeddable":true,"href":"https:\/\/www.fabioferro.eu\/de\/wp-json\/wp\/v2\/media\/208730"}],"wp:attachment":[{"href":"https:\/\/www.fabioferro.eu\/de\/wp-json\/wp\/v2\/media?parent=208759"}],"wp:term":[{"taxonomy":"product_brand","embeddable":true,"href":"https:\/\/www.fabioferro.eu\/de\/wp-json\/wp\/v2\/product_brand?post=208759"},{"taxonomy":"product_cat","embeddable":true,"href":"https:\/\/www.fabioferro.eu\/de\/wp-json\/wp\/v2\/product_cat?post=208759"},{"taxonomy":"product_tag","embeddable":true,"href":"https:\/\/www.fabioferro.eu\/de\/wp-json\/wp\/v2\/product_tag?post=208759"}],"curies":[{"name":"wp","href":"https:\/\/api.w.org\/{rel}","templated":true}]}}