{"id":209303,"date":"2026-01-14T16:18:51","date_gmt":"2026-01-14T15:18:51","guid":{"rendered":"https:\/\/www.fabioferro.eu\/verlobungsring-fabio-ferro-in-weissgold-mit-diamant-2.html"},"modified":"2026-01-14T16:18:51","modified_gmt":"2026-01-14T15:18:51","slug":"verlobungsring-fabio-ferro-in-weissgold-mit-diamant-2","status":"publish","type":"product","link":"https:\/\/www.fabioferro.eu\/de\/verlobungsring-fabio-ferro-in-weissgold-mit-diamant-2.html","title":{"rendered":"Verlobungsring Fabio Ferro in Wei\u00dfgold mit Diamant"},"content":{"rendered":"<p>In unserer Goldschmiedewerkstatt handgefertigter Ring aus 18 Karat Wei\u00dfgold.<\/p>\n<p>Von Hand entworfen, recherchiert und gefertigt.<\/p>\n<p>Mit einem IGI-zertifizierten Naturdiamanten von 0,41 Karat, Farbe E und Reinheit SI1 besetzt.<\/p>\n<p>Die Fassung ist auf der Innenseite mit dem Fabio Ferro-Logo und dem Karat des Steins lasergraviert.<\/p>\n<p>Im Lieferumfang enthalten sind eine elegante Geschenkbox und ein Echtheitszertifikat sowie das gemmologische IGI-Zertifikat.<\/p>\n<p><img decoding=\"async\" class=\"alignnone size-full wp-image-68675\" src=\"http:\/\/cdn02.fabioferro.eu\/wp-content\/uploads\/IGI-4cs-chart-IT-scaled.jpg\" alt=\"\" width=\"1864\" height=\"2560\" title=\"\" srcset=\"https:\/\/cdn02.fabioferro.eu\/wp-content\/uploads\/IGI-4cs-chart-IT-scaled.jpg 1864w, https:\/\/cdn02.fabioferro.eu\/wp-content\/uploads\/IGI-4cs-chart-IT-768x1055.jpg 768w, https:\/\/cdn02.fabioferro.eu\/wp-content\/uploads\/IGI-4cs-chart-IT-1119x1536.jpg 1119w, https:\/\/cdn02.fabioferro.eu\/wp-content\/uploads\/IGI-4cs-chart-IT-1491x2048.jpg 1491w, https:\/\/cdn02.fabioferro.eu\/wp-content\/uploads\/IGI-4cs-chart-IT-990x1359.jpg 990w, https:\/\/cdn02.fabioferro.eu\/wp-content\/uploads\/IGI-4cs-chart-IT-441x606.jpg 441w, https:\/\/cdn02.fabioferro.eu\/wp-content\/uploads\/IGI-4cs-chart-IT-600x824.jpg 600w, https:\/\/cdn02.fabioferro.eu\/wp-content\/uploads\/IGI-4cs-chart-IT-150x206.jpg 150w\" sizes=\"(max-width: 1864px) 100vw, 1864px\" \/><\/p>\n","protected":false},"excerpt":{"rendered":"<p>Dieses Schmuckst\u00fcck birgt eine tiefe Bedeutung, die Sie f\u00fcr immer begleiten m\u00f6chte.<\/p>\n","protected":false},"featured_media":207440,"comment_status":"open","ping_status":"closed","template":"","meta":[],"product_brand":[152],"product_cat":[6021],"product_tag":[],"class_list":{"0":"post-209303","1":"product","2":"type-product","3":"status-publish","4":"has-post-thumbnail","6":"product_brand-fabio-ferro-i-gioielli","7":"product_cat-verlobungsringe","9":"first","10":"instock","11":"sale","12":"taxable","13":"shipping-taxable","14":"purchasable","15":"product-type-variable","16":"has-default-attributes"},"exclude_global_add_ons":[],"addons":[],"df_price":2050,"df_sale_price":"","df_regular_price":2050,"df_image_link":"https:\/\/cdn02.fabioferro.eu\/wp-content\/uploads\/anello-di-fidazamento-fabio-ferro-oro-bianco-diamante-ff1410.jpg","_links":{"self":[{"href":"https:\/\/www.fabioferro.eu\/de\/wp-json\/wp\/v2\/product\/209303","targetHints":{"allow":["GET"]}}],"collection":[{"href":"https:\/\/www.fabioferro.eu\/de\/wp-json\/wp\/v2\/product"}],"about":[{"href":"https:\/\/www.fabioferro.eu\/de\/wp-json\/wp\/v2\/types\/product"}],"replies":[{"embeddable":true,"href":"https:\/\/www.fabioferro.eu\/de\/wp-json\/wp\/v2\/comments?post=209303"}],"version-history":[{"count":0,"href":"https:\/\/www.fabioferro.eu\/de\/wp-json\/wp\/v2\/product\/209303\/revisions"}],"wp:featuredmedia":[{"embeddable":true,"href":"https:\/\/www.fabioferro.eu\/de\/wp-json\/wp\/v2\/media\/207440"}],"wp:attachment":[{"href":"https:\/\/www.fabioferro.eu\/de\/wp-json\/wp\/v2\/media?parent=209303"}],"wp:term":[{"taxonomy":"product_brand","embeddable":true,"href":"https:\/\/www.fabioferro.eu\/de\/wp-json\/wp\/v2\/product_brand?post=209303"},{"taxonomy":"product_cat","embeddable":true,"href":"https:\/\/www.fabioferro.eu\/de\/wp-json\/wp\/v2\/product_cat?post=209303"},{"taxonomy":"product_tag","embeddable":true,"href":"https:\/\/www.fabioferro.eu\/de\/wp-json\/wp\/v2\/product_tag?post=209303"}],"curies":[{"name":"wp","href":"https:\/\/api.w.org\/{rel}","templated":true}]}}