{"id":209305,"date":"2026-01-15T10:03:52","date_gmt":"2026-01-15T09:03:52","guid":{"rendered":"https:\/\/www.fabioferro.eu\/verlobungsring-fabio-ferro-in-weissgold-mit-diamant-2.html"},"modified":"2026-02-21T10:52:16","modified_gmt":"2026-02-21T09:52:16","slug":"verlobungsring-fabio-ferro-in-weissgold-mit-diamant-2-2","status":"publish","type":"product","link":"https:\/\/www.fabioferro.eu\/de\/verlobungsring-fabio-ferro-in-weissgold-mit-diamant-2-2.html","title":{"rendered":"Verlobungsring Fabio Ferro in Wei\u00dfgold mit Diamant"},"content":{"rendered":"<p>In unserer Goldschmiedewerkstatt handgefertigter Ring aus 18 Karat Wei\u00dfgold.<\/p>\n<p>Von Hand entworfen, recherchiert und gefertigt.<\/p>\n<p>Mit einem IGI-zertifizierten Naturdiamanten von 0,31 Karat, Farbe F und Reinheit SI1 besetzt.<\/p>\n<p>Die Fassung ist auf der Innenseite mit dem Fabio Ferro-Logo und dem Karat des Steins lasergraviert.<\/p>\n<p>Im Lieferumfang enthalten sind eine elegante Geschenkschatulle und ein Echtheitszertifikat sowie das gemmologische Zertifikat des GIA.<\/p>\n<p><img decoding=\"async\" class=\"alignnone size-full wp-image-187024\" src=\"http:\/\/cdn02.fabioferro.eu\/wp-content\/uploads\/igi-tabella-4c-diamanti.jpg\" alt=\"\" width=\"1000\" height=\"1250\" title=\"\" srcset=\"https:\/\/cdn02.fabioferro.eu\/wp-content\/uploads\/igi-tabella-4c-diamanti.jpg 1000w, https:\/\/cdn02.fabioferro.eu\/wp-content\/uploads\/igi-tabella-4c-diamanti-768x960.jpg 768w, https:\/\/cdn02.fabioferro.eu\/wp-content\/uploads\/igi-tabella-4c-diamanti-990x1238.jpg 990w, https:\/\/cdn02.fabioferro.eu\/wp-content\/uploads\/igi-tabella-4c-diamanti-441x551.jpg 441w, https:\/\/cdn02.fabioferro.eu\/wp-content\/uploads\/igi-tabella-4c-diamanti-600x750.jpg 600w, https:\/\/cdn02.fabioferro.eu\/wp-content\/uploads\/igi-tabella-4c-diamanti-150x188.jpg 150w\" sizes=\"(max-width: 1000px) 100vw, 1000px\" \/><\/p>\n","protected":false},"excerpt":{"rendered":"<p>Dieses Schmuckst\u00fcck birgt eine tiefe Bedeutung, die Sie f\u00fcr immer begleiten m\u00f6chte.<\/p>\n","protected":false},"featured_media":207431,"comment_status":"open","ping_status":"closed","template":"","meta":[],"product_brand":[],"product_cat":[6021],"product_tag":[],"class_list":{"0":"post-209305","1":"product","2":"type-product","3":"status-publish","4":"has-post-thumbnail","6":"product_cat-verlobungsringe","8":"first","9":"instock","10":"sale","11":"taxable","12":"shipping-taxable","13":"purchasable","14":"product-type-variable","15":"has-default-attributes"},"exclude_global_add_ons":[],"addons":[],"df_price":1400,"df_sale_price":"","df_regular_price":1400,"df_image_link":"https:\/\/cdn02.fabioferro.eu\/wp-content\/uploads\/anello-di-fidanzamento-fabio-ferro-in-oro-bianco-diamante-ff1408.jpg","_links":{"self":[{"href":"https:\/\/www.fabioferro.eu\/de\/wp-json\/wp\/v2\/product\/209305","targetHints":{"allow":["GET"]}}],"collection":[{"href":"https:\/\/www.fabioferro.eu\/de\/wp-json\/wp\/v2\/product"}],"about":[{"href":"https:\/\/www.fabioferro.eu\/de\/wp-json\/wp\/v2\/types\/product"}],"replies":[{"embeddable":true,"href":"https:\/\/www.fabioferro.eu\/de\/wp-json\/wp\/v2\/comments?post=209305"}],"version-history":[{"count":1,"href":"https:\/\/www.fabioferro.eu\/de\/wp-json\/wp\/v2\/product\/209305\/revisions"}],"predecessor-version":[{"id":211287,"href":"https:\/\/www.fabioferro.eu\/de\/wp-json\/wp\/v2\/product\/209305\/revisions\/211287"}],"wp:featuredmedia":[{"embeddable":true,"href":"https:\/\/www.fabioferro.eu\/de\/wp-json\/wp\/v2\/media\/207431"}],"wp:attachment":[{"href":"https:\/\/www.fabioferro.eu\/de\/wp-json\/wp\/v2\/media?parent=209305"}],"wp:term":[{"taxonomy":"product_brand","embeddable":true,"href":"https:\/\/www.fabioferro.eu\/de\/wp-json\/wp\/v2\/product_brand?post=209305"},{"taxonomy":"product_cat","embeddable":true,"href":"https:\/\/www.fabioferro.eu\/de\/wp-json\/wp\/v2\/product_cat?post=209305"},{"taxonomy":"product_tag","embeddable":true,"href":"https:\/\/www.fabioferro.eu\/de\/wp-json\/wp\/v2\/product_tag?post=209305"}],"curies":[{"name":"wp","href":"https:\/\/api.w.org\/{rel}","templated":true}]}}