{"id":211007,"date":"2026-02-21T10:41:16","date_gmt":"2026-02-21T09:41:16","guid":{"rendered":"https:\/\/www.fabioferro.eu\/paar-fabio-ferro-gestanzte-eheringe-mit-4-mm-diamant.html"},"modified":"2026-02-21T10:41:16","modified_gmt":"2026-02-21T09:41:16","slug":"paar-fabio-ferro-gestanzte-eheringe-mit-4-mm-diamant","status":"publish","type":"product","link":"https:\/\/www.fabioferro.eu\/de\/paar-fabio-ferro-gestanzte-eheringe-mit-4-mm-diamant.html","title":{"rendered":"Paar Fabio Ferro gestanzte Eheringe mit 4 mm Diamant"},"content":{"rendered":"<p data-path-to-node=\"0\">Ein Paar Eheringe aus 18 und 9 Karat Wei\u00dfgold, Silber und Platin in dem Material Ihrer Wahl. Hergestellt in Italien.<\/p>\n<p data-path-to-node=\"1\">Dieses Modell zeichnet sich durch seine fein polierte Verarbeitung mit Randzacken und einem 0,01-Karat-Diamanten (F-VS1) in der Damenversion aus.<\/p>\n<p data-path-to-node=\"2\">Die Breite betr\u00e4gt 4 mm und die Innenseite ist angenehm gew\u00f6lbt.<\/p>\n<p data-path-to-node=\"3\">Das Gewicht des Metalls variiert im Verh\u00e4ltnis zur Gr\u00f6\u00dfe des Rings.<\/p>\n<p data-path-to-node=\"4\">Trauringe k\u00f6nnen durch Gravur von Namen und Daten, Widmungen oder Zitaten individuell gestaltet werden.<\/p>\n<p data-path-to-node=\"5\">Sie erhalten zwei Garantien mit Beschreibungen des Schmucks und der jeweiligen Gewichte, Materialien und Verarbeitung.<\/p>\n<p data-path-to-node=\"6\">Begleitet von einer eleganten Box mit doppeltem Verschluss zur Aufbewahrung.<\/p>\n","protected":false},"excerpt":{"rendered":"<p>Eheringe, die eine nat\u00fcrliche Passform bieten, ohne auf eine raffinierte \u00c4sthetik zu verzichten.<\/p>\n","protected":false},"featured_media":209876,"comment_status":"open","ping_status":"closed","template":"","meta":[],"product_brand":[152],"product_cat":[7633],"product_tag":[],"class_list":{"0":"post-211007","1":"product","2":"type-product","3":"status-publish","4":"has-post-thumbnail","6":"product_brand-fabio-ferro-i-gioielli","7":"product_cat-eheringe-und-trauringe-nach-mas","9":"first","10":"instock","11":"taxable","12":"shipping-taxable","13":"product-type-simple"},"exclude_global_add_ons":[],"addons":[],"df_price":"","df_sale_price":"","df_regular_price":"","df_image_link":"https:\/\/cdn02.fabioferro.eu\/wp-content\/uploads\/coppia-fedi-nuziali-fabio-ferro-puntinate-con-diamante-4-mm.jpg","_links":{"self":[{"href":"https:\/\/www.fabioferro.eu\/de\/wp-json\/wp\/v2\/product\/211007","targetHints":{"allow":["GET"]}}],"collection":[{"href":"https:\/\/www.fabioferro.eu\/de\/wp-json\/wp\/v2\/product"}],"about":[{"href":"https:\/\/www.fabioferro.eu\/de\/wp-json\/wp\/v2\/types\/product"}],"replies":[{"embeddable":true,"href":"https:\/\/www.fabioferro.eu\/de\/wp-json\/wp\/v2\/comments?post=211007"}],"version-history":[{"count":0,"href":"https:\/\/www.fabioferro.eu\/de\/wp-json\/wp\/v2\/product\/211007\/revisions"}],"wp:featuredmedia":[{"embeddable":true,"href":"https:\/\/www.fabioferro.eu\/de\/wp-json\/wp\/v2\/media\/209876"}],"wp:attachment":[{"href":"https:\/\/www.fabioferro.eu\/de\/wp-json\/wp\/v2\/media?parent=211007"}],"wp:term":[{"taxonomy":"product_brand","embeddable":true,"href":"https:\/\/www.fabioferro.eu\/de\/wp-json\/wp\/v2\/product_brand?post=211007"},{"taxonomy":"product_cat","embeddable":true,"href":"https:\/\/www.fabioferro.eu\/de\/wp-json\/wp\/v2\/product_cat?post=211007"},{"taxonomy":"product_tag","embeddable":true,"href":"https:\/\/www.fabioferro.eu\/de\/wp-json\/wp\/v2\/product_tag?post=211007"}],"curies":[{"name":"wp","href":"https:\/\/api.w.org\/{rel}","templated":true}]}}