{"id":211012,"date":"2026-02-21T10:41:10","date_gmt":"2026-02-21T09:41:10","guid":{"rendered":"https:\/\/www.fabioferro.eu\/paar-zweifarbige-eheringe-von-fabio-ferro-43-mm.html"},"modified":"2026-02-21T10:49:52","modified_gmt":"2026-02-21T09:49:52","slug":"paar-zweifarbige-eheringe-von-fabio-ferro-43-mm","status":"publish","type":"product","link":"https:\/\/www.fabioferro.eu\/de\/paar-zweifarbige-eheringe-von-fabio-ferro-43-mm.html","title":{"rendered":"Paar zweifarbige Eheringe von Fabio Ferro 4,3 mm"},"content":{"rendered":"<p data-path-to-node=\"0\">Ein Paar Eheringe aus einem Material Ihrer Wahl: 18 und 9 Karat Wei\u00df-, Gelb- und Ros\u00e9gold, Silber und Platin. Hergestellt in Italien.<\/p>\n<p data-path-to-node=\"1\">Die Damenversion ist mit drei Diamanten von insgesamt 0,03 Karat besetzt (Farbe F, Reinheit VS1).<\/p>\n<p data-path-to-node=\"2\">Die Breite betr\u00e4gt 4,3 mm und die Innenseite ist angenehm gew\u00f6lbt f\u00fcr idealen Tragekomfort.<\/p>\n<p data-path-to-node=\"3\">Das Gewicht des Edelmetalls wird durch die gew\u00e4hlte Gr\u00f6\u00dfe bestimmt und steigt proportional zur Gr\u00f6\u00dfe des Eherings.<\/p>\n<p data-path-to-node=\"4\">Umfangreiche Individualisierungsm\u00f6glichkeiten durch Gravur von Namen und Daten, kurzen S\u00e4tzen oder Zitaten.<\/p>\n<p data-path-to-node=\"5\">Sie erhalten zwei Garantien mit Beschreibungen des Schmucks und der jeweiligen Gewichte, Materialien und Verarbeitung.<\/p>\n<p data-path-to-node=\"6\">Begleitet von einer eleganten Box mit doppeltem Verschluss zur Aufbewahrung.<\/p>\n","protected":false},"excerpt":{"rendered":"<p>Ein reines und komfortables Design, das f\u00fcr diejenigen gedacht ist, die in ihrem Ring das Siegel einer unvergesslichen Geschichte suchen.<\/p>\n","protected":false},"featured_media":210010,"comment_status":"open","ping_status":"closed","template":"","meta":[],"product_brand":[152],"product_cat":[7633],"product_tag":[],"class_list":{"0":"post-211012","1":"product","2":"type-product","3":"status-publish","4":"has-post-thumbnail","6":"product_brand-fabio-ferro-i-gioielli","7":"product_cat-eheringe-und-trauringe-nach-mas","9":"first","10":"instock","11":"taxable","12":"shipping-taxable","13":"product-type-simple"},"exclude_global_add_ons":[],"addons":[],"df_price":"","df_sale_price":"","df_regular_price":"","df_image_link":"https:\/\/cdn02.fabioferro.eu\/wp-content\/uploads\/coppia-fedi-nuziali-fabio-ferro-bicolore-43-mm.jpg","_links":{"self":[{"href":"https:\/\/www.fabioferro.eu\/de\/wp-json\/wp\/v2\/product\/211012","targetHints":{"allow":["GET"]}}],"collection":[{"href":"https:\/\/www.fabioferro.eu\/de\/wp-json\/wp\/v2\/product"}],"about":[{"href":"https:\/\/www.fabioferro.eu\/de\/wp-json\/wp\/v2\/types\/product"}],"replies":[{"embeddable":true,"href":"https:\/\/www.fabioferro.eu\/de\/wp-json\/wp\/v2\/comments?post=211012"}],"version-history":[{"count":1,"href":"https:\/\/www.fabioferro.eu\/de\/wp-json\/wp\/v2\/product\/211012\/revisions"}],"predecessor-version":[{"id":211016,"href":"https:\/\/www.fabioferro.eu\/de\/wp-json\/wp\/v2\/product\/211012\/revisions\/211016"}],"wp:featuredmedia":[{"embeddable":true,"href":"https:\/\/www.fabioferro.eu\/de\/wp-json\/wp\/v2\/media\/210010"}],"wp:attachment":[{"href":"https:\/\/www.fabioferro.eu\/de\/wp-json\/wp\/v2\/media?parent=211012"}],"wp:term":[{"taxonomy":"product_brand","embeddable":true,"href":"https:\/\/www.fabioferro.eu\/de\/wp-json\/wp\/v2\/product_brand?post=211012"},{"taxonomy":"product_cat","embeddable":true,"href":"https:\/\/www.fabioferro.eu\/de\/wp-json\/wp\/v2\/product_cat?post=211012"},{"taxonomy":"product_tag","embeddable":true,"href":"https:\/\/www.fabioferro.eu\/de\/wp-json\/wp\/v2\/product_tag?post=211012"}],"curies":[{"name":"wp","href":"https:\/\/api.w.org\/{rel}","templated":true}]}}