{"id":211015,"date":"2026-02-21T10:40:16","date_gmt":"2026-02-21T09:40:16","guid":{"rendered":"https:\/\/www.fabioferro.eu\/paar-trauringe-fabio-ferro-schiene-satin-rosa-4-mm.html"},"modified":"2026-02-21T10:40:16","modified_gmt":"2026-02-21T09:40:16","slug":"paar-trauringe-fabio-ferro-schiene-satin-rosa-4-mm","status":"publish","type":"product","link":"https:\/\/www.fabioferro.eu\/de\/paar-trauringe-fabio-ferro-schiene-satin-rosa-4-mm.html","title":{"rendered":"Paar Trauringe Fabio Ferro Schiene Satin Rosa 4 mm"},"content":{"rendered":"<p data-path-to-node=\"0\">Ein Paar Eheringe aus einem Material Ihrer Wahl: 18 und 9 Karat Wei\u00df-, Gelb- und Ros\u00e9gold, Silber und Platin. Hergestellt in Italien.<\/p>\n<p data-path-to-node=\"1\">Die weibliche Version ist mit einem Brillanten von 0,01 Karat (Farbe F, Reinheit VS1) und die m\u00e4nnliche Version mit einer kleinen sandgestrahlten Spur auf der Unterseite versehen.<\/p>\n<p data-path-to-node=\"2\">Die Breite betr\u00e4gt 4 mm und die Innenseite ist angenehm gew\u00f6lbt f\u00fcr idealen Tragekomfort.<\/p>\n<p data-path-to-node=\"3\">Das endg\u00fcltige Metallgewicht h\u00e4ngt von der gew\u00e4hlten Gr\u00f6\u00dfe ab und ist bei gr\u00f6\u00dferen Gr\u00f6\u00dfen h\u00f6her.<\/p>\n<p data-path-to-node=\"4\">Trauringe k\u00f6nnen durch Gravur von Namen und Daten, kleinen Gedanken oder Zitaten individuell gestaltet werden.<\/p>\n<p data-path-to-node=\"5\">Es werden zwei Garantien gegeben, die die Eigenschaften der beiden Juwelen zusammenfassen<\/p>\n<p data-path-to-node=\"6\">Begleitet von einer eleganten Box mit doppeltem Verschluss zur Aufbewahrung.<\/p>\n","protected":false},"excerpt":{"rendered":"<p>Ein solides und leuchtendes Zeichen der Einheit, das die Tradition in ein Schmuckst\u00fcck mit zeitgen\u00f6ssischem Charakter verwandelt.<\/p>\n","protected":false},"featured_media":210153,"comment_status":"open","ping_status":"closed","template":"","meta":[],"product_brand":[152],"product_cat":[7633],"product_tag":[],"class_list":{"0":"post-211015","1":"product","2":"type-product","3":"status-publish","4":"has-post-thumbnail","6":"product_brand-fabio-ferro-i-gioielli","7":"product_cat-eheringe-und-trauringe-nach-mas","9":"first","10":"instock","11":"taxable","12":"shipping-taxable","13":"product-type-simple"},"exclude_global_add_ons":[],"addons":[],"df_price":"","df_sale_price":"","df_regular_price":"","df_image_link":"https:\/\/cdn02.fabioferro.eu\/wp-content\/uploads\/coppia-fedi-nuziali-fabio-fero-binario-satinate-rosa-4-mm.jpg","_links":{"self":[{"href":"https:\/\/www.fabioferro.eu\/de\/wp-json\/wp\/v2\/product\/211015","targetHints":{"allow":["GET"]}}],"collection":[{"href":"https:\/\/www.fabioferro.eu\/de\/wp-json\/wp\/v2\/product"}],"about":[{"href":"https:\/\/www.fabioferro.eu\/de\/wp-json\/wp\/v2\/types\/product"}],"replies":[{"embeddable":true,"href":"https:\/\/www.fabioferro.eu\/de\/wp-json\/wp\/v2\/comments?post=211015"}],"version-history":[{"count":0,"href":"https:\/\/www.fabioferro.eu\/de\/wp-json\/wp\/v2\/product\/211015\/revisions"}],"wp:featuredmedia":[{"embeddable":true,"href":"https:\/\/www.fabioferro.eu\/de\/wp-json\/wp\/v2\/media\/210153"}],"wp:attachment":[{"href":"https:\/\/www.fabioferro.eu\/de\/wp-json\/wp\/v2\/media?parent=211015"}],"wp:term":[{"taxonomy":"product_brand","embeddable":true,"href":"https:\/\/www.fabioferro.eu\/de\/wp-json\/wp\/v2\/product_brand?post=211015"},{"taxonomy":"product_cat","embeddable":true,"href":"https:\/\/www.fabioferro.eu\/de\/wp-json\/wp\/v2\/product_cat?post=211015"},{"taxonomy":"product_tag","embeddable":true,"href":"https:\/\/www.fabioferro.eu\/de\/wp-json\/wp\/v2\/product_tag?post=211015"}],"curies":[{"name":"wp","href":"https:\/\/api.w.org\/{rel}","templated":true}]}}