{"id":211018,"date":"2026-02-21T10:40:50","date_gmt":"2026-02-21T09:40:50","guid":{"rendered":"https:\/\/www.fabioferro.eu\/paar-satinierte-fabio-ferro-trauringe-rosa-5-mm.html"},"modified":"2026-02-21T10:49:58","modified_gmt":"2026-02-21T09:49:58","slug":"paar-satinierte-fabio-ferro-trauringe-rosa-5-mm","status":"publish","type":"product","link":"https:\/\/www.fabioferro.eu\/de\/paar-satinierte-fabio-ferro-trauringe-rosa-5-mm.html","title":{"rendered":"Paar satinierte Fabio Ferro Trauringe Rosa 5 mm"},"content":{"rendered":"<p data-path-to-node=\"0\">Ein Paar Eheringe aus einem Material Ihrer Wahl: 18 und 9 Karat Wei\u00df-, Gelb- und Ros\u00e9gold, Silber und Platin. Hergestellt in Italien.<\/p>\n<p data-path-to-node=\"1\">Dieses Modell bietet ein elegantes Spiel mit Kontrasten, mit einer raffinierten zentralen Satinierung, die von polierten Kanten umrahmt wird. Die Damenversion ist mit einem Brillanten von 0,01 Karat (Farbe F, Reinheit VS1) verziert.<\/p>\n<p data-path-to-node=\"2\">Die Breite betr\u00e4gt 5 mm und die Innenseite ist angenehm gew\u00f6lbt f\u00fcr idealen Tragekomfort.<\/p>\n<p data-path-to-node=\"3\">Das Gewicht des Edelmetalls h\u00e4ngt von der angegebenen Gr\u00f6\u00dfe ab, wobei das Endgewicht je nach der gew\u00e4hlten Gr\u00f6\u00dfe variiert.<\/p>\n<p data-path-to-node=\"4\">Sie k\u00f6nnen das Innere individuell gestalten, indem Sie Namen und Daten, besondere Widmungen oder kurze Zitate eingravieren.<\/p>\n<p>Sie erhalten zwei Garantien mit Beschreibungen des Schmucks und der jeweiligen Gewichte, Materialien und Verarbeitung.<\/p>\n<p data-path-to-node=\"6\">Begleitet von einer eleganten Box mit doppeltem Verschluss zur Aufbewahrung.<\/p>\n","protected":false},"excerpt":{"rendered":"<p>Ein Paar Eheringe, die Ihr Schicksal mit zeitlosem Licht und au\u00dfergew\u00f6hnlichem Komfort verbinden.<\/p>\n","protected":false},"featured_media":210138,"comment_status":"open","ping_status":"closed","template":"","meta":[],"product_brand":[152],"product_cat":[7633],"product_tag":[],"class_list":{"0":"post-211018","1":"product","2":"type-product","3":"status-publish","4":"has-post-thumbnail","6":"product_brand-fabio-ferro-i-gioielli","7":"product_cat-eheringe-und-trauringe-nach-mas","9":"first","10":"instock","11":"taxable","12":"shipping-taxable","13":"product-type-simple"},"exclude_global_add_ons":[],"addons":[],"df_price":"","df_sale_price":"","df_regular_price":"","df_image_link":"https:\/\/cdn02.fabioferro.eu\/wp-content\/uploads\/coppia-fedi-nuziali-fabio-ferro-satinate-rosa-5-mm.jpg","_links":{"self":[{"href":"https:\/\/www.fabioferro.eu\/de\/wp-json\/wp\/v2\/product\/211018","targetHints":{"allow":["GET"]}}],"collection":[{"href":"https:\/\/www.fabioferro.eu\/de\/wp-json\/wp\/v2\/product"}],"about":[{"href":"https:\/\/www.fabioferro.eu\/de\/wp-json\/wp\/v2\/types\/product"}],"replies":[{"embeddable":true,"href":"https:\/\/www.fabioferro.eu\/de\/wp-json\/wp\/v2\/comments?post=211018"}],"version-history":[{"count":1,"href":"https:\/\/www.fabioferro.eu\/de\/wp-json\/wp\/v2\/product\/211018\/revisions"}],"predecessor-version":[{"id":211021,"href":"https:\/\/www.fabioferro.eu\/de\/wp-json\/wp\/v2\/product\/211018\/revisions\/211021"}],"wp:featuredmedia":[{"embeddable":true,"href":"https:\/\/www.fabioferro.eu\/de\/wp-json\/wp\/v2\/media\/210138"}],"wp:attachment":[{"href":"https:\/\/www.fabioferro.eu\/de\/wp-json\/wp\/v2\/media?parent=211018"}],"wp:term":[{"taxonomy":"product_brand","embeddable":true,"href":"https:\/\/www.fabioferro.eu\/de\/wp-json\/wp\/v2\/product_brand?post=211018"},{"taxonomy":"product_cat","embeddable":true,"href":"https:\/\/www.fabioferro.eu\/de\/wp-json\/wp\/v2\/product_cat?post=211018"},{"taxonomy":"product_tag","embeddable":true,"href":"https:\/\/www.fabioferro.eu\/de\/wp-json\/wp\/v2\/product_tag?post=211018"}],"curies":[{"name":"wp","href":"https:\/\/api.w.org\/{rel}","templated":true}]}}