{"id":211020,"date":"2026-02-21T10:40:45","date_gmt":"2026-02-21T09:40:45","guid":{"rendered":"https:\/\/www.fabioferro.eu\/paar-polierte-fabio-ferro-eheringe-aus-eisen-25-mm.html"},"modified":"2026-02-21T10:50:01","modified_gmt":"2026-02-21T09:50:01","slug":"paar-polierte-fabio-ferro-eheringe-aus-eisen-25-mm","status":"publish","type":"product","link":"https:\/\/www.fabioferro.eu\/de\/paar-polierte-fabio-ferro-eheringe-aus-eisen-25-mm.html","title":{"rendered":"Paar polierte Fabio Ferro Eheringe aus Eisen 2,5 mm"},"content":{"rendered":"<p data-path-to-node=\"0\">Ein Paar Eheringe aus 18 und 9 Karat Wei\u00dfgold, Silber und Platin in dem Material Ihrer Wahl. Hergestellt in Italien.<\/p>\n<p data-path-to-node=\"1\">Dieses Modell zeichnet sich durch eine feine, polierte Oberfl\u00e4che aus, die in der Damenversion von einem 0,01 Karat schweren Diamanten (F-VS1) beleuchtet wird.<\/p>\n<p data-path-to-node=\"2\">Die Breite ist 2,5 mm d\u00fcnn und die Innenseite ist angenehm gew\u00f6lbt f\u00fcr idealen Tragekomfort.<\/p>\n<p data-path-to-node=\"3\">Das Gesamtgewicht des Schmuckst\u00fccks variiert je nach angegebener Gr\u00f6\u00dfe, je gr\u00f6\u00dfer der Umfang, desto mehr wiegt es.<\/p>\n<p data-path-to-node=\"4\">Gro\u00dfe Freiheit bei der Personalisierung durch Gravur von Namen und Daten, kurzen S\u00e4tzen oder Zitaten.<\/p>\n<p data-path-to-node=\"5\">Sie erhalten zwei Garantien, die die Echtheit der Metalle, die Reinheit der Steine, die Gewichte und die Verarbeitung best\u00e4tigen.<\/p>\n<p data-path-to-node=\"6\">Begleitet von einer eleganten Box mit doppeltem Verschluss zur Aufbewahrung.<\/p>\n","protected":false},"excerpt":{"rendered":"<p>Zwei Eheringe, die Ihren Alltag in das Licht eines echten Versprechens tauchen.<\/p>\n","protected":false},"featured_media":201681,"comment_status":"open","ping_status":"closed","template":"","meta":[],"product_brand":[152],"product_cat":[7633],"product_tag":[],"class_list":{"0":"post-211020","1":"product","2":"type-product","3":"status-publish","4":"has-post-thumbnail","6":"product_brand-fabio-ferro-i-gioielli","7":"product_cat-eheringe-und-trauringe-nach-mas","9":"first","10":"instock","11":"taxable","12":"shipping-taxable","13":"product-type-simple"},"exclude_global_add_ons":[],"addons":[],"df_price":"","df_sale_price":"","df_regular_price":"","df_image_link":"https:\/\/cdn02.fabioferro.eu\/wp-content\/uploads\/coppia-fedi-nuziali-fabio-ferro-in-oro-bianco-fabio-ferro-f3ba.jpg","_links":{"self":[{"href":"https:\/\/www.fabioferro.eu\/de\/wp-json\/wp\/v2\/product\/211020","targetHints":{"allow":["GET"]}}],"collection":[{"href":"https:\/\/www.fabioferro.eu\/de\/wp-json\/wp\/v2\/product"}],"about":[{"href":"https:\/\/www.fabioferro.eu\/de\/wp-json\/wp\/v2\/types\/product"}],"replies":[{"embeddable":true,"href":"https:\/\/www.fabioferro.eu\/de\/wp-json\/wp\/v2\/comments?post=211020"}],"version-history":[{"count":1,"href":"https:\/\/www.fabioferro.eu\/de\/wp-json\/wp\/v2\/product\/211020\/revisions"}],"predecessor-version":[{"id":211023,"href":"https:\/\/www.fabioferro.eu\/de\/wp-json\/wp\/v2\/product\/211020\/revisions\/211023"}],"wp:featuredmedia":[{"embeddable":true,"href":"https:\/\/www.fabioferro.eu\/de\/wp-json\/wp\/v2\/media\/201681"}],"wp:attachment":[{"href":"https:\/\/www.fabioferro.eu\/de\/wp-json\/wp\/v2\/media?parent=211020"}],"wp:term":[{"taxonomy":"product_brand","embeddable":true,"href":"https:\/\/www.fabioferro.eu\/de\/wp-json\/wp\/v2\/product_brand?post=211020"},{"taxonomy":"product_cat","embeddable":true,"href":"https:\/\/www.fabioferro.eu\/de\/wp-json\/wp\/v2\/product_cat?post=211020"},{"taxonomy":"product_tag","embeddable":true,"href":"https:\/\/www.fabioferro.eu\/de\/wp-json\/wp\/v2\/product_tag?post=211020"}],"curies":[{"name":"wp","href":"https:\/\/api.w.org\/{rel}","templated":true}]}}