{"id":211038,"date":"2026-02-18T08:35:20","date_gmt":"2026-02-18T07:35:20","guid":{"rendered":"https:\/\/www.fabioferro.eu\/giovanni-raspini-haut-madreperla-ring.html"},"modified":"2026-02-18T08:35:20","modified_gmt":"2026-02-18T07:35:20","slug":"giovanni-raspini-haut-madreperla-ring","status":"publish","type":"product","link":"https:\/\/www.fabioferro.eu\/de\/giovanni-raspini-haut-madreperla-ring.html","title":{"rendered":"Giovanni Raspini Haut Madreperla Ring"},"content":{"rendered":"<p>Ring von Giovanni Raspini aus vergoldetem 925er Sterlingsilber.<\/p>\n<p>Das Schmuckst\u00fcck zeichnet sich durch raffinierte Perlmuttarbeiten aus.<\/p>\n<p>Erh\u00e4ltlich in verschiedenen Gr\u00f6\u00dfen.<\/p>\n<p>Hergestellt in Italien von Meisterhandwerkern, Made in Italy.<\/p>\n<p>Brandneuer Artikel, geliefert mit Box und offizieller Giovanni Raspini Garantie.<\/p>\n","protected":false},"excerpt":{"rendered":"<p>Diskrete Raffinesse f\u00fcr diejenigen, die mit Klasse auffallen m\u00f6chten.<\/p>\n","protected":false},"featured_media":207736,"comment_status":"open","ping_status":"closed","template":"","meta":[],"product_brand":[],"product_cat":[7572],"product_tag":[7551],"class_list":{"0":"post-211038","1":"product","2":"type-product","3":"status-publish","4":"has-post-thumbnail","6":"product_cat-ringe-giovanni-raspini","7":"product_tag-ausschlusse","9":"first","10":"instock","11":"taxable","12":"shipping-taxable","13":"purchasable","14":"product-type-variable","15":"has-default-attributes"},"exclude_global_add_ons":[],"addons":[],"df_price":320,"df_sale_price":"","df_regular_price":320,"df_image_link":"https:\/\/cdn02.fabioferro.eu\/wp-content\/uploads\/anello-giovanni-raspini-skin-madreperla.jpg","_links":{"self":[{"href":"https:\/\/www.fabioferro.eu\/de\/wp-json\/wp\/v2\/product\/211038","targetHints":{"allow":["GET"]}}],"collection":[{"href":"https:\/\/www.fabioferro.eu\/de\/wp-json\/wp\/v2\/product"}],"about":[{"href":"https:\/\/www.fabioferro.eu\/de\/wp-json\/wp\/v2\/types\/product"}],"replies":[{"embeddable":true,"href":"https:\/\/www.fabioferro.eu\/de\/wp-json\/wp\/v2\/comments?post=211038"}],"version-history":[{"count":0,"href":"https:\/\/www.fabioferro.eu\/de\/wp-json\/wp\/v2\/product\/211038\/revisions"}],"wp:featuredmedia":[{"embeddable":true,"href":"https:\/\/www.fabioferro.eu\/de\/wp-json\/wp\/v2\/media\/207736"}],"wp:attachment":[{"href":"https:\/\/www.fabioferro.eu\/de\/wp-json\/wp\/v2\/media?parent=211038"}],"wp:term":[{"taxonomy":"product_brand","embeddable":true,"href":"https:\/\/www.fabioferro.eu\/de\/wp-json\/wp\/v2\/product_brand?post=211038"},{"taxonomy":"product_cat","embeddable":true,"href":"https:\/\/www.fabioferro.eu\/de\/wp-json\/wp\/v2\/product_cat?post=211038"},{"taxonomy":"product_tag","embeddable":true,"href":"https:\/\/www.fabioferro.eu\/de\/wp-json\/wp\/v2\/product_tag?post=211038"}],"curies":[{"name":"wp","href":"https:\/\/api.w.org\/{rel}","templated":true}]}}