{"id":211092,"date":"2026-02-18T08:33:37","date_gmt":"2026-02-18T07:33:37","guid":{"rendered":"https:\/\/www.fabioferro.eu\/giovanni-raspini-croco-tubogas-doppelring.html"},"modified":"2026-04-14T08:40:14","modified_gmt":"2026-04-14T06:40:14","slug":"giovanni-raspini-croco-tubogas-doppelring","status":"publish","type":"product","link":"https:\/\/www.fabioferro.eu\/de\/giovanni-raspini-croco-tubogas-doppelring.html","title":{"rendered":"Giovanni Raspini Croco Tubogas Doppelring"},"content":{"rendered":"<p data-path-to-node=\"1\">Doppelter Ring von Giovanni Raspini, komplett aus 925er Silber gefertigt.<\/p>\n<p data-path-to-node=\"2\">Gekennzeichnet durch eine sorgf\u00e4ltige Textur, die an eine Krokoarbeit erinnert.<\/p>\n<p data-path-to-node=\"2\">Erh\u00e4ltlich in verschiedenen Gr\u00f6\u00dfen.<\/p>\n<p data-path-to-node=\"3\">Vollst\u00e4ndig in Italien handgefertigter Schmuck, Made in Italy.<\/p>\n<p data-path-to-node=\"4\">Mit Box und offizieller Garantie von Giovanni Raspini.<\/p>\n","protected":false},"excerpt":{"rendered":"<p>Das kostbare Detail, das jede Geste in einen Moment des Stils verwandelt.<\/p>\n","protected":false},"featured_media":207970,"comment_status":"open","ping_status":"closed","template":"","meta":[],"product_brand":[],"product_cat":[7572],"product_tag":[7551],"class_list":{"0":"post-211092","1":"product","2":"type-product","3":"status-publish","4":"has-post-thumbnail","6":"product_cat-ringe-giovanni-raspini","7":"product_tag-ausschlusse","9":"first","10":"instock","11":"taxable","12":"shipping-taxable","13":"purchasable","14":"product-type-variable","15":"has-default-attributes"},"exclude_global_add_ons":[],"addons":[],"df_price":185,"df_sale_price":"","df_regular_price":185,"df_image_link":"https:\/\/cdn02.fabioferro.eu\/wp-content\/uploads\/anello-giovanni-raspini-tubogas-croco-doppio.jpg","_links":{"self":[{"href":"https:\/\/www.fabioferro.eu\/de\/wp-json\/wp\/v2\/product\/211092","targetHints":{"allow":["GET"]}}],"collection":[{"href":"https:\/\/www.fabioferro.eu\/de\/wp-json\/wp\/v2\/product"}],"about":[{"href":"https:\/\/www.fabioferro.eu\/de\/wp-json\/wp\/v2\/types\/product"}],"replies":[{"embeddable":true,"href":"https:\/\/www.fabioferro.eu\/de\/wp-json\/wp\/v2\/comments?post=211092"}],"version-history":[{"count":1,"href":"https:\/\/www.fabioferro.eu\/de\/wp-json\/wp\/v2\/product\/211092\/revisions"}],"predecessor-version":[{"id":211101,"href":"https:\/\/www.fabioferro.eu\/de\/wp-json\/wp\/v2\/product\/211092\/revisions\/211101"}],"wp:featuredmedia":[{"embeddable":true,"href":"https:\/\/www.fabioferro.eu\/de\/wp-json\/wp\/v2\/media\/207970"}],"wp:attachment":[{"href":"https:\/\/www.fabioferro.eu\/de\/wp-json\/wp\/v2\/media?parent=211092"}],"wp:term":[{"taxonomy":"product_brand","embeddable":true,"href":"https:\/\/www.fabioferro.eu\/de\/wp-json\/wp\/v2\/product_brand?post=211092"},{"taxonomy":"product_cat","embeddable":true,"href":"https:\/\/www.fabioferro.eu\/de\/wp-json\/wp\/v2\/product_cat?post=211092"},{"taxonomy":"product_tag","embeddable":true,"href":"https:\/\/www.fabioferro.eu\/de\/wp-json\/wp\/v2\/product_tag?post=211092"}],"curies":[{"name":"wp","href":"https:\/\/api.w.org\/{rel}","templated":true}]}}