{"id":211169,"date":"2026-02-18T08:25:09","date_gmt":"2026-02-18T07:25:09","guid":{"rendered":"https:\/\/www.fabioferro.eu\/giovanni-raspini-tango-diaspro-halskette.html"},"modified":"2026-02-18T08:25:09","modified_gmt":"2026-02-18T07:25:09","slug":"giovanni-raspini-tango-diaspro-halskette","status":"publish","type":"product","link":"https:\/\/www.fabioferro.eu\/de\/giovanni-raspini-tango-diaspro-halskette.html","title":{"rendered":"Giovanni Raspini Tango Diaspro Halskette"},"content":{"rendered":"<p data-path-to-node=\"1\">Giovanni Raspini Halskette aus 925er Sterlingsilber.<\/p>\n<p data-path-to-node=\"1\">Dieses Modell zeigt eine Abfolge von Jaspissteinen auf einer L\u00e4nge von 50 cm.<\/p>\n<p data-path-to-node=\"1\">Der Karabinerverschluss wird durch praktische Endschlaufen erg\u00e4nzt, mit denen die Passform angepasst werden kann.<\/p>\n<p data-path-to-node=\"2\">Ein Schmuckst\u00fcck mit nat\u00fcrlichem und sorgf\u00e4ltigem Design, von Hand gefertigt und mit dem Markenlogo personalisiert.<\/p>\n<p data-path-to-node=\"2\">Handgefertigt in Italien von Meisterhandwerkern, Made in Italy.<\/p>\n<p data-path-to-node=\"3\">Mit Box und offizieller Garantie von Giovanni Raspini.<\/p>\n","protected":false},"excerpt":{"rendered":"<p>Ein charakteristisches Detail, das nicht unbemerkt bleibt.<\/p>\n","protected":false},"featured_media":209482,"comment_status":"open","ping_status":"closed","template":"","meta":[],"product_brand":[155],"product_cat":[7598],"product_tag":[7551,7442],"class_list":{"0":"post-211169","1":"product","2":"type-product","3":"status-publish","4":"has-post-thumbnail","6":"product_brand-raspini","7":"product_cat-giovanni-raspini-halsketten-fur-manner","8":"product_tag-ausschlusse","9":"product_tag-verfugbar","11":"first","12":"instock","13":"taxable","14":"shipping-taxable","15":"purchasable","16":"product-type-simple"},"exclude_global_add_ons":[],"addons":[],"df_price":220,"df_sale_price":"","df_regular_price":220,"df_image_link":"https:\/\/cdn02.fabioferro.eu\/wp-content\/uploads\/collana-giovanni-raspini-tango-diaspro.jpg","_links":{"self":[{"href":"https:\/\/www.fabioferro.eu\/de\/wp-json\/wp\/v2\/product\/211169","targetHints":{"allow":["GET"]}}],"collection":[{"href":"https:\/\/www.fabioferro.eu\/de\/wp-json\/wp\/v2\/product"}],"about":[{"href":"https:\/\/www.fabioferro.eu\/de\/wp-json\/wp\/v2\/types\/product"}],"replies":[{"embeddable":true,"href":"https:\/\/www.fabioferro.eu\/de\/wp-json\/wp\/v2\/comments?post=211169"}],"version-history":[{"count":0,"href":"https:\/\/www.fabioferro.eu\/de\/wp-json\/wp\/v2\/product\/211169\/revisions"}],"wp:featuredmedia":[{"embeddable":true,"href":"https:\/\/www.fabioferro.eu\/de\/wp-json\/wp\/v2\/media\/209482"}],"wp:attachment":[{"href":"https:\/\/www.fabioferro.eu\/de\/wp-json\/wp\/v2\/media?parent=211169"}],"wp:term":[{"taxonomy":"product_brand","embeddable":true,"href":"https:\/\/www.fabioferro.eu\/de\/wp-json\/wp\/v2\/product_brand?post=211169"},{"taxonomy":"product_cat","embeddable":true,"href":"https:\/\/www.fabioferro.eu\/de\/wp-json\/wp\/v2\/product_cat?post=211169"},{"taxonomy":"product_tag","embeddable":true,"href":"https:\/\/www.fabioferro.eu\/de\/wp-json\/wp\/v2\/product_tag?post=211169"}],"curies":[{"name":"wp","href":"https:\/\/api.w.org\/{rel}","templated":true}]}}