{"id":211170,"date":"2026-02-18T08:24:00","date_gmt":"2026-02-18T07:24:00","guid":{"rendered":"https:\/\/www.fabioferro.eu\/giovanni-raspini-croco-rigido-armband.html"},"modified":"2026-02-18T08:24:00","modified_gmt":"2026-02-18T07:24:00","slug":"giovanni-raspini-croco-rigido-armband","status":"publish","type":"product","link":"https:\/\/www.fabioferro.eu\/de\/giovanni-raspini-croco-rigido-armband.html","title":{"rendered":"Giovanni Raspini Croco Rigido Armband"},"content":{"rendered":"<p data-path-to-node=\"1\">Starres Armband von Giovanni Raspini, das vollst\u00e4ndig aus 925er Silber besteht.<\/p>\n<p data-path-to-node=\"1\">Dieses Modell mit einem essentiellen Design ist in zwei verschiedenen Gr\u00f6\u00dfen erh\u00e4ltlich: Gr\u00f6\u00dfe M (19 cm) und Gr\u00f6\u00dfe L (21 cm).<\/p>\n<p data-path-to-node=\"2\">Ein elegantes und vielseitiges handgefertigtes Schmuckst\u00fcck.<\/p>\n<p data-path-to-node=\"0\">Handgefertigt in Italien, Made in Italy.<\/p>\n<p data-path-to-node=\"3\">Mit Box und offizieller Garantie von Giovanni Raspini.<\/p>\n","protected":false},"excerpt":{"rendered":"<p>Ein Accessoire mit einer soliden Struktur und einer hochpr\u00e4zisen Verarbeitung.<\/p>\n","protected":false},"featured_media":209095,"comment_status":"open","ping_status":"closed","template":"","meta":[],"product_brand":[],"product_cat":[7597],"product_tag":[7551],"class_list":{"0":"post-211170","1":"product","2":"type-product","3":"status-publish","4":"has-post-thumbnail","6":"product_cat-armbander-giovanni-raspini-manner","7":"product_tag-ausschlusse","9":"first","10":"instock","11":"taxable","12":"shipping-taxable","13":"purchasable","14":"product-type-variable","15":"has-default-attributes"},"exclude_global_add_ons":[],"addons":[],"df_price":185,"df_sale_price":"","df_regular_price":185,"df_image_link":"https:\/\/cdn02.fabioferro.eu\/wp-content\/uploads\/bracciale-giovanni-raspini-croco-rigido.jpg","_links":{"self":[{"href":"https:\/\/www.fabioferro.eu\/de\/wp-json\/wp\/v2\/product\/211170","targetHints":{"allow":["GET"]}}],"collection":[{"href":"https:\/\/www.fabioferro.eu\/de\/wp-json\/wp\/v2\/product"}],"about":[{"href":"https:\/\/www.fabioferro.eu\/de\/wp-json\/wp\/v2\/types\/product"}],"replies":[{"embeddable":true,"href":"https:\/\/www.fabioferro.eu\/de\/wp-json\/wp\/v2\/comments?post=211170"}],"version-history":[{"count":0,"href":"https:\/\/www.fabioferro.eu\/de\/wp-json\/wp\/v2\/product\/211170\/revisions"}],"wp:featuredmedia":[{"embeddable":true,"href":"https:\/\/www.fabioferro.eu\/de\/wp-json\/wp\/v2\/media\/209095"}],"wp:attachment":[{"href":"https:\/\/www.fabioferro.eu\/de\/wp-json\/wp\/v2\/media?parent=211170"}],"wp:term":[{"taxonomy":"product_brand","embeddable":true,"href":"https:\/\/www.fabioferro.eu\/de\/wp-json\/wp\/v2\/product_brand?post=211170"},{"taxonomy":"product_cat","embeddable":true,"href":"https:\/\/www.fabioferro.eu\/de\/wp-json\/wp\/v2\/product_cat?post=211170"},{"taxonomy":"product_tag","embeddable":true,"href":"https:\/\/www.fabioferro.eu\/de\/wp-json\/wp\/v2\/product_tag?post=211170"}],"curies":[{"name":"wp","href":"https:\/\/api.w.org\/{rel}","templated":true}]}}