{"id":211180,"date":"2026-02-18T08:23:03","date_gmt":"2026-02-18T07:23:03","guid":{"rendered":"https:\/\/www.fabioferro.eu\/giovanni-raspini-tango-armband-windrose-jaspis-gruen.html"},"modified":"2026-02-18T08:23:03","modified_gmt":"2026-02-18T07:23:03","slug":"giovanni-raspini-tango-armband-windrose-jaspis-gruen","status":"publish","type":"product","link":"https:\/\/www.fabioferro.eu\/de\/giovanni-raspini-tango-armband-windrose-jaspis-gruen.html","title":{"rendered":"Giovanni Raspini Tango Armband Windrose Jaspis Gr\u00fcn"},"content":{"rendered":"<p data-path-to-node=\"1\">Giovanni Raspini Tango-Armband aus 925er Sterlingsilber.<\/p>\n<p data-path-to-node=\"1\">Das Schmuckst\u00fcck besteht aus einer Reihe von gr\u00fcnen Jaspissteinen und einem zentralen Werk, das der Windrose gewidmet ist.<\/p>\n<p data-path-to-node=\"1\">Ausgestattet mit Endschlaufen zur Anpassung der Passform und dem kultigen Gl\u00fcckshorn.<\/p>\n<p data-path-to-node=\"2\">Erh\u00e4ltlich in zwei verschiedenen Gr\u00f6\u00dfen: Gr\u00f6\u00dfe M (20 cm) und Gr\u00f6\u00dfe L (22 cm).<\/p>\n<p data-path-to-node=\"2\">Armband handgefertigt in Italien.<\/p>\n<p data-path-to-node=\"3\">Mit Box und offizieller Garantie von Giovanni Raspini.<\/p>\n","protected":false},"excerpt":{"rendered":"<p>Ein mutiger Farbakzent f\u00fcr Ihr Alltagsoutfit.<\/p>\n","protected":false},"featured_media":209154,"comment_status":"open","ping_status":"closed","template":"","meta":[],"product_brand":[],"product_cat":[7597],"product_tag":[7551],"class_list":{"0":"post-211180","1":"product","2":"type-product","3":"status-publish","4":"has-post-thumbnail","6":"product_cat-armbander-giovanni-raspini-manner","7":"product_tag-ausschlusse","9":"first","10":"instock","11":"taxable","12":"shipping-taxable","13":"purchasable","14":"product-type-variable","15":"has-default-attributes"},"exclude_global_add_ons":[],"addons":[],"df_price":210,"df_sale_price":"","df_regular_price":210,"df_image_link":"https:\/\/cdn02.fabioferro.eu\/wp-content\/uploads\/bracciale-giovanni-raspini-tango-rosa-dei-venti-diaspro-verde.jpg","_links":{"self":[{"href":"https:\/\/www.fabioferro.eu\/de\/wp-json\/wp\/v2\/product\/211180","targetHints":{"allow":["GET"]}}],"collection":[{"href":"https:\/\/www.fabioferro.eu\/de\/wp-json\/wp\/v2\/product"}],"about":[{"href":"https:\/\/www.fabioferro.eu\/de\/wp-json\/wp\/v2\/types\/product"}],"replies":[{"embeddable":true,"href":"https:\/\/www.fabioferro.eu\/de\/wp-json\/wp\/v2\/comments?post=211180"}],"version-history":[{"count":0,"href":"https:\/\/www.fabioferro.eu\/de\/wp-json\/wp\/v2\/product\/211180\/revisions"}],"wp:featuredmedia":[{"embeddable":true,"href":"https:\/\/www.fabioferro.eu\/de\/wp-json\/wp\/v2\/media\/209154"}],"wp:attachment":[{"href":"https:\/\/www.fabioferro.eu\/de\/wp-json\/wp\/v2\/media?parent=211180"}],"wp:term":[{"taxonomy":"product_brand","embeddable":true,"href":"https:\/\/www.fabioferro.eu\/de\/wp-json\/wp\/v2\/product_brand?post=211180"},{"taxonomy":"product_cat","embeddable":true,"href":"https:\/\/www.fabioferro.eu\/de\/wp-json\/wp\/v2\/product_cat?post=211180"},{"taxonomy":"product_tag","embeddable":true,"href":"https:\/\/www.fabioferro.eu\/de\/wp-json\/wp\/v2\/product_tag?post=211180"}],"curies":[{"name":"wp","href":"https:\/\/api.w.org\/{rel}","templated":true}]}}