{"id":211190,"date":"2026-02-18T08:23:21","date_gmt":"2026-02-18T07:23:21","guid":{"rendered":"https:\/\/www.fabioferro.eu\/giovanni-raspini-croco-cuoio-dorato-armband.html"},"modified":"2026-02-18T08:23:21","modified_gmt":"2026-02-18T07:23:21","slug":"giovanni-raspini-croco-cuoio-dorato-armband","status":"publish","type":"product","link":"https:\/\/www.fabioferro.eu\/de\/giovanni-raspini-croco-cuoio-dorato-armband.html","title":{"rendered":"Giovanni Raspini Croco Cuoio Dorato Armband"},"content":{"rendered":"<p data-path-to-node=\"0\">Das Armband von Giovanni Raspini zeichnet sich durch den Kontrast zwischen schwarzem Leder und 925er Silber mit goldenem Finish aus.<\/p>\n<p data-path-to-node=\"0\">  Das Modell ist in zwei verschiedenen Gr\u00f6\u00dfen erh\u00e4ltlich: Gr\u00f6\u00dfe M (19 cm) und Gr\u00f6\u00dfe L (21 cm).<\/p>\n<p data-path-to-node=\"2\">Handgefertigt und mit dem Logo der Marke versehen.<\/p>\n<p data-path-to-node=\"2\">Armband handgefertigt in Italien.<\/p>\n<p data-path-to-node=\"3\">Mit Box und offizieller Garantie von Giovanni Raspini.<\/p>\n","protected":false},"excerpt":{"rendered":"<p>Ein d\u00fcsterer Touch f\u00fcr Ihr Alltagsoutfit.<\/p>\n","protected":false},"featured_media":209142,"comment_status":"open","ping_status":"closed","template":"","meta":[],"product_brand":[],"product_cat":[7597],"product_tag":[7551],"class_list":{"0":"post-211190","1":"product","2":"type-product","3":"status-publish","4":"has-post-thumbnail","6":"product_cat-armbander-giovanni-raspini-manner","7":"product_tag-ausschlusse","9":"first","10":"instock","11":"taxable","12":"shipping-taxable","13":"purchasable","14":"product-type-variable","15":"has-default-attributes"},"exclude_global_add_ons":[],"addons":[],"df_price":210,"df_sale_price":"","df_regular_price":210,"df_image_link":"https:\/\/cdn02.fabioferro.eu\/wp-content\/uploads\/bracciale-giovanni-raspini-croco-dorato.jpg","_links":{"self":[{"href":"https:\/\/www.fabioferro.eu\/de\/wp-json\/wp\/v2\/product\/211190","targetHints":{"allow":["GET"]}}],"collection":[{"href":"https:\/\/www.fabioferro.eu\/de\/wp-json\/wp\/v2\/product"}],"about":[{"href":"https:\/\/www.fabioferro.eu\/de\/wp-json\/wp\/v2\/types\/product"}],"replies":[{"embeddable":true,"href":"https:\/\/www.fabioferro.eu\/de\/wp-json\/wp\/v2\/comments?post=211190"}],"version-history":[{"count":0,"href":"https:\/\/www.fabioferro.eu\/de\/wp-json\/wp\/v2\/product\/211190\/revisions"}],"wp:featuredmedia":[{"embeddable":true,"href":"https:\/\/www.fabioferro.eu\/de\/wp-json\/wp\/v2\/media\/209142"}],"wp:attachment":[{"href":"https:\/\/www.fabioferro.eu\/de\/wp-json\/wp\/v2\/media?parent=211190"}],"wp:term":[{"taxonomy":"product_brand","embeddable":true,"href":"https:\/\/www.fabioferro.eu\/de\/wp-json\/wp\/v2\/product_brand?post=211190"},{"taxonomy":"product_cat","embeddable":true,"href":"https:\/\/www.fabioferro.eu\/de\/wp-json\/wp\/v2\/product_cat?post=211190"},{"taxonomy":"product_tag","embeddable":true,"href":"https:\/\/www.fabioferro.eu\/de\/wp-json\/wp\/v2\/product_tag?post=211190"}],"curies":[{"name":"wp","href":"https:\/\/api.w.org\/{rel}","templated":true}]}}