{"id":211207,"date":"2026-02-18T08:28:24","date_gmt":"2026-02-18T07:28:24","guid":{"rendered":"https:\/\/www.fabioferro.eu\/giovanni-raspini-ring-pinky-snake.html"},"modified":"2026-02-21T10:51:29","modified_gmt":"2026-02-21T09:51:29","slug":"giovanni-raspini-ring-pinky-snake","status":"publish","type":"product","link":"https:\/\/www.fabioferro.eu\/de\/giovanni-raspini-ring-pinky-snake.html","title":{"rendered":"Giovanni Raspini Ring Pinky Snake"},"content":{"rendered":"<p data-path-to-node=\"1\">Dieses vollst\u00e4ndig aus 925er Sterlingsilber gefertigte Schmuckst\u00fcck ist f\u00fcr diejenigen gedacht, die ein unverwechselbares Detail mit Charakter suchen.<\/p>\n<p data-path-to-node=\"3\">Pinky Ring handgefertigt in Italien, Made in Italy.<\/p>\n<p data-path-to-node=\"3\">Erh\u00e4ltlich in verschiedenen Gr\u00f6\u00dfen.<\/p>\n<p data-path-to-node=\"4\">Mit Box und offizieller Garantie von Giovanni Raspini.<\/p>\n","protected":false},"excerpt":{"rendered":"<p>Ein Symbol f\u00fcr Stil, das man jeden Tag tragen kann, signiert von Giovanni Raspini.<\/p>\n","protected":false},"featured_media":209684,"comment_status":"open","ping_status":"closed","template":"","meta":[],"product_brand":[],"product_cat":[7600],"product_tag":[7551],"class_list":{"0":"post-211207","1":"product","2":"type-product","3":"status-publish","4":"has-post-thumbnail","6":"product_cat-ringe-giovanni-raspini-manner","7":"product_tag-ausschlusse","9":"first","10":"instock","11":"taxable","12":"shipping-taxable","13":"purchasable","14":"product-type-variable","15":"has-default-attributes"},"exclude_global_add_ons":[],"addons":[],"df_price":170,"df_sale_price":"","df_regular_price":170,"df_image_link":"https:\/\/cdn02.fabioferro.eu\/wp-content\/uploads\/anello-giovanni-raspini-mignolo-snake.jpg","_links":{"self":[{"href":"https:\/\/www.fabioferro.eu\/de\/wp-json\/wp\/v2\/product\/211207","targetHints":{"allow":["GET"]}}],"collection":[{"href":"https:\/\/www.fabioferro.eu\/de\/wp-json\/wp\/v2\/product"}],"about":[{"href":"https:\/\/www.fabioferro.eu\/de\/wp-json\/wp\/v2\/types\/product"}],"replies":[{"embeddable":true,"href":"https:\/\/www.fabioferro.eu\/de\/wp-json\/wp\/v2\/comments?post=211207"}],"version-history":[{"count":1,"href":"https:\/\/www.fabioferro.eu\/de\/wp-json\/wp\/v2\/product\/211207\/revisions"}],"predecessor-version":[{"id":211234,"href":"https:\/\/www.fabioferro.eu\/de\/wp-json\/wp\/v2\/product\/211207\/revisions\/211234"}],"wp:featuredmedia":[{"embeddable":true,"href":"https:\/\/www.fabioferro.eu\/de\/wp-json\/wp\/v2\/media\/209684"}],"wp:attachment":[{"href":"https:\/\/www.fabioferro.eu\/de\/wp-json\/wp\/v2\/media?parent=211207"}],"wp:term":[{"taxonomy":"product_brand","embeddable":true,"href":"https:\/\/www.fabioferro.eu\/de\/wp-json\/wp\/v2\/product_brand?post=211207"},{"taxonomy":"product_cat","embeddable":true,"href":"https:\/\/www.fabioferro.eu\/de\/wp-json\/wp\/v2\/product_cat?post=211207"},{"taxonomy":"product_tag","embeddable":true,"href":"https:\/\/www.fabioferro.eu\/de\/wp-json\/wp\/v2\/product_tag?post=211207"}],"curies":[{"name":"wp","href":"https:\/\/api.w.org\/{rel}","templated":true}]}}