{"id":211235,"date":"2026-02-18T08:22:27","date_gmt":"2026-02-18T07:22:27","guid":{"rendered":"https:\/\/www.fabioferro.eu\/giovanni-raspini-tango-ancora-sodalith-armband.html"},"modified":"2026-02-18T08:22:27","modified_gmt":"2026-02-18T07:22:27","slug":"giovanni-raspini-tango-ancora-sodalith-armband","status":"publish","type":"product","link":"https:\/\/www.fabioferro.eu\/de\/giovanni-raspini-tango-ancora-sodalith-armband.html","title":{"rendered":"Giovanni Raspini Tango Ancora Sodalith-Armband"},"content":{"rendered":"<p data-path-to-node=\"1\">Giovanni Raspini Armband aus 925er Silber, das zwischen den intensiven Blaut\u00f6nen des Sodaliths und einem ankerf\u00f6rmigen Mittelst\u00fcck changiert.<\/p>\n<p data-path-to-node=\"1\">Das Armband ist in zwei verschiedenen Gr\u00f6\u00dfen erh\u00e4ltlich: Gr\u00f6\u00dfe M (20 cm) und Gr\u00f6\u00dfe L (22 cm).<\/p>\n<p data-path-to-node=\"2\">Ein von der Seefahrt inspiriertes Schmuckst\u00fcck, handgefertigt und mit dem Logo der Marke versehen.<\/p>\n<p data-path-to-node=\"2\">Armband handgefertigt in Italien.<\/p>\n<p data-path-to-node=\"3\">Mit Box und offizieller Garantie von Giovanni Raspini.<\/p>\n","protected":false},"excerpt":{"rendered":"<p>Das tiefe Blau des Ozeans, umgeben von Natursteinen.<\/p>\n","protected":false},"featured_media":209461,"comment_status":"open","ping_status":"closed","template":"","meta":[],"product_brand":[],"product_cat":[7597],"product_tag":[7551],"class_list":{"0":"post-211235","1":"product","2":"type-product","3":"status-publish","4":"has-post-thumbnail","6":"product_cat-armbander-giovanni-raspini-manner","7":"product_tag-ausschlusse","9":"first","10":"instock","11":"taxable","12":"shipping-taxable","13":"purchasable","14":"product-type-variable","15":"has-default-attributes"},"exclude_global_add_ons":[],"addons":[],"df_price":185,"df_sale_price":"","df_regular_price":185,"df_image_link":"https:\/\/cdn02.fabioferro.eu\/wp-content\/uploads\/bracciale-giovanni-raspini-tango-ancora-sodalite.jpg","_links":{"self":[{"href":"https:\/\/www.fabioferro.eu\/de\/wp-json\/wp\/v2\/product\/211235","targetHints":{"allow":["GET"]}}],"collection":[{"href":"https:\/\/www.fabioferro.eu\/de\/wp-json\/wp\/v2\/product"}],"about":[{"href":"https:\/\/www.fabioferro.eu\/de\/wp-json\/wp\/v2\/types\/product"}],"replies":[{"embeddable":true,"href":"https:\/\/www.fabioferro.eu\/de\/wp-json\/wp\/v2\/comments?post=211235"}],"version-history":[{"count":0,"href":"https:\/\/www.fabioferro.eu\/de\/wp-json\/wp\/v2\/product\/211235\/revisions"}],"wp:featuredmedia":[{"embeddable":true,"href":"https:\/\/www.fabioferro.eu\/de\/wp-json\/wp\/v2\/media\/209461"}],"wp:attachment":[{"href":"https:\/\/www.fabioferro.eu\/de\/wp-json\/wp\/v2\/media?parent=211235"}],"wp:term":[{"taxonomy":"product_brand","embeddable":true,"href":"https:\/\/www.fabioferro.eu\/de\/wp-json\/wp\/v2\/product_brand?post=211235"},{"taxonomy":"product_cat","embeddable":true,"href":"https:\/\/www.fabioferro.eu\/de\/wp-json\/wp\/v2\/product_cat?post=211235"},{"taxonomy":"product_tag","embeddable":true,"href":"https:\/\/www.fabioferro.eu\/de\/wp-json\/wp\/v2\/product_tag?post=211235"}],"curies":[{"name":"wp","href":"https:\/\/api.w.org\/{rel}","templated":true}]}}