{"id":211241,"date":"2026-02-18T08:21:53","date_gmt":"2026-02-18T07:21:53","guid":{"rendered":"https:\/\/www.fabioferro.eu\/giovanni-raspini-tango-jaspis-armband.html"},"modified":"2026-02-21T10:52:00","modified_gmt":"2026-02-21T09:52:00","slug":"giovanni-raspini-tango-jaspis-armband","status":"publish","type":"product","link":"https:\/\/www.fabioferro.eu\/de\/giovanni-raspini-tango-jaspis-armband.html","title":{"rendered":"Giovanni Raspini Tango Jaspis-Armband"},"content":{"rendered":"<p data-path-to-node=\"1\">Giovanni Raspini Armband aus 925er Silber und Jaspis.<\/p>\n<p data-path-to-node=\"1\">Erh\u00e4ltlich in zwei Varianten: Gr\u00f6\u00dfe M (20 cm) und Gr\u00f6\u00dfe L (22 cm).<\/p>\n<p data-path-to-node=\"1\">Der Karabinerverschluss ist mit Endschlaufen ausgestattet, mit denen Sie die Passform bequem anpassen k\u00f6nnen.<\/p>\n<p data-path-to-node=\"2\">Ein Schmuckst\u00fcck mit handgefertigtem Charakter, individuell gestaltet mit dem Logo der Marke und einem Gl\u00fcckshorn.<\/p>\n<p data-path-to-node=\"2\">In Italien handgefertigtes Herrenarmband.<\/p>\n<p data-path-to-node=\"3\">Mit Box und offizieller Garantie von Giovanni Raspini.<\/p>\n","protected":false},"excerpt":{"rendered":"<p>Der Charakter des Jaspis in einem essentiellen Design.<\/p>\n","protected":false},"featured_media":209543,"comment_status":"open","ping_status":"closed","template":"","meta":[],"product_brand":[],"product_cat":[7597],"product_tag":[7551],"class_list":{"0":"post-211241","1":"product","2":"type-product","3":"status-publish","4":"has-post-thumbnail","6":"product_cat-armbander-giovanni-raspini-manner","7":"product_tag-ausschlusse","9":"first","10":"instock","11":"taxable","12":"shipping-taxable","13":"purchasable","14":"product-type-variable","15":"has-default-attributes"},"exclude_global_add_ons":[],"addons":[],"df_price":175,"df_sale_price":"","df_regular_price":175,"df_image_link":"https:\/\/cdn02.fabioferro.eu\/wp-content\/uploads\/bracciale-giovanni-raspini-tango-diaspro-1.jpg","_links":{"self":[{"href":"https:\/\/www.fabioferro.eu\/de\/wp-json\/wp\/v2\/product\/211241","targetHints":{"allow":["GET"]}}],"collection":[{"href":"https:\/\/www.fabioferro.eu\/de\/wp-json\/wp\/v2\/product"}],"about":[{"href":"https:\/\/www.fabioferro.eu\/de\/wp-json\/wp\/v2\/types\/product"}],"replies":[{"embeddable":true,"href":"https:\/\/www.fabioferro.eu\/de\/wp-json\/wp\/v2\/comments?post=211241"}],"version-history":[{"count":1,"href":"https:\/\/www.fabioferro.eu\/de\/wp-json\/wp\/v2\/product\/211241\/revisions"}],"predecessor-version":[{"id":211271,"href":"https:\/\/www.fabioferro.eu\/de\/wp-json\/wp\/v2\/product\/211241\/revisions\/211271"}],"wp:featuredmedia":[{"embeddable":true,"href":"https:\/\/www.fabioferro.eu\/de\/wp-json\/wp\/v2\/media\/209543"}],"wp:attachment":[{"href":"https:\/\/www.fabioferro.eu\/de\/wp-json\/wp\/v2\/media?parent=211241"}],"wp:term":[{"taxonomy":"product_brand","embeddable":true,"href":"https:\/\/www.fabioferro.eu\/de\/wp-json\/wp\/v2\/product_brand?post=211241"},{"taxonomy":"product_cat","embeddable":true,"href":"https:\/\/www.fabioferro.eu\/de\/wp-json\/wp\/v2\/product_cat?post=211241"},{"taxonomy":"product_tag","embeddable":true,"href":"https:\/\/www.fabioferro.eu\/de\/wp-json\/wp\/v2\/product_tag?post=211241"}],"curies":[{"name":"wp","href":"https:\/\/api.w.org\/{rel}","templated":true}]}}