{"id":211247,"date":"2026-02-18T08:21:25","date_gmt":"2026-02-18T07:21:25","guid":{"rendered":"https:\/\/www.fabioferro.eu\/armband-giovanni-raspini-tango-spinello-schwarz-nieten.html"},"modified":"2026-02-18T08:21:25","modified_gmt":"2026-02-18T07:21:25","slug":"armband-giovanni-raspini-tango-spinello-schwarz-nieten","status":"publish","type":"product","link":"https:\/\/www.fabioferro.eu\/de\/armband-giovanni-raspini-tango-spinello-schwarz-nieten.html","title":{"rendered":"Armband Giovanni Raspini Tango Spinello Schwarz Nieten"},"content":{"rendered":"<p>Giovanni Raspini Armband aus 925er Sterlingsilber mit schwarzen Natursteinen.<\/p>\n<p>Das Schmuckst\u00fcck ist in zwei Gr\u00f6\u00dfen erh\u00e4ltlich, M (20 cm) und L (22 cm).<\/p>\n<p>Mit Endringen zur Gr\u00f6\u00dfenanpassung des Armbands.<\/p>\n<p>Praktischer und sicherer Verschluss durch einen speziellen Karabinerhaken.<\/p>\n<p>Mit Box und offizieller Giovanni Raspini Garantie.<\/p>\n<p>&nbsp;<\/p>\n","protected":false},"excerpt":{"rendered":"<p>Der Charakter von Naturstein f\u00fcr ein starkes Handgelenk.<\/p>\n","protected":false},"featured_media":209564,"comment_status":"open","ping_status":"closed","template":"","meta":[],"product_brand":[],"product_cat":[7597],"product_tag":[7551],"class_list":{"0":"post-211247","1":"product","2":"type-product","3":"status-publish","4":"has-post-thumbnail","6":"product_cat-armbander-giovanni-raspini-manner","7":"product_tag-ausschlusse","9":"first","10":"instock","11":"taxable","12":"shipping-taxable","13":"purchasable","14":"product-type-variable","15":"has-default-attributes"},"exclude_global_add_ons":[],"addons":[],"df_price":205,"df_sale_price":"","df_regular_price":205,"df_image_link":"https:\/\/cdn02.fabioferro.eu\/wp-content\/uploads\/bracciale-giovanni-raspini-tango-spinello-nero-borchie-1.jpg","_links":{"self":[{"href":"https:\/\/www.fabioferro.eu\/de\/wp-json\/wp\/v2\/product\/211247","targetHints":{"allow":["GET"]}}],"collection":[{"href":"https:\/\/www.fabioferro.eu\/de\/wp-json\/wp\/v2\/product"}],"about":[{"href":"https:\/\/www.fabioferro.eu\/de\/wp-json\/wp\/v2\/types\/product"}],"replies":[{"embeddable":true,"href":"https:\/\/www.fabioferro.eu\/de\/wp-json\/wp\/v2\/comments?post=211247"}],"version-history":[{"count":0,"href":"https:\/\/www.fabioferro.eu\/de\/wp-json\/wp\/v2\/product\/211247\/revisions"}],"wp:featuredmedia":[{"embeddable":true,"href":"https:\/\/www.fabioferro.eu\/de\/wp-json\/wp\/v2\/media\/209564"}],"wp:attachment":[{"href":"https:\/\/www.fabioferro.eu\/de\/wp-json\/wp\/v2\/media?parent=211247"}],"wp:term":[{"taxonomy":"product_brand","embeddable":true,"href":"https:\/\/www.fabioferro.eu\/de\/wp-json\/wp\/v2\/product_brand?post=211247"},{"taxonomy":"product_cat","embeddable":true,"href":"https:\/\/www.fabioferro.eu\/de\/wp-json\/wp\/v2\/product_cat?post=211247"},{"taxonomy":"product_tag","embeddable":true,"href":"https:\/\/www.fabioferro.eu\/de\/wp-json\/wp\/v2\/product_tag?post=211247"}],"curies":[{"name":"wp","href":"https:\/\/api.w.org\/{rel}","templated":true}]}}