{"id":211253,"date":"2026-02-18T08:21:08","date_gmt":"2026-02-18T07:21:08","guid":{"rendered":"https:\/\/www.fabioferro.eu\/giovanni-raspini-ketten-armband-popcorn.html"},"modified":"2026-02-18T08:21:08","modified_gmt":"2026-02-18T07:21:08","slug":"giovanni-raspini-ketten-armband-popcorn","status":"publish","type":"product","link":"https:\/\/www.fabioferro.eu\/de\/giovanni-raspini-ketten-armband-popcorn.html","title":{"rendered":"Giovanni Raspini Ketten Armband Popcorn"},"content":{"rendered":"<p data-path-to-node=\"1\">Das Armband von Giovanni Raspini zeichnet sich durch sein spezielles Popcorn-Glied aus, das vollst\u00e4ndig aus 925er Sterlingsilber gefertigt ist.<\/p>\n<p data-path-to-node=\"1\">Erh\u00e4ltlich in zwei verschiedenen Gr\u00f6\u00dfen: Gr\u00f6\u00dfe M mit 19 cm und Gr\u00f6\u00dfe L mit 21 cm.<\/p>\n<p data-path-to-node=\"2\">Ein Schmuckst\u00fcck mit einer raffinierten Textur, handgefertigt und mit dem Logo der Marke personalisiert.<\/p>\n<p data-path-to-node=\"2\">Armband handgefertigt in Italien, Made in Italy.<\/p>\n<p data-path-to-node=\"3\">Mit Box und offizieller Garantie von Giovanni Raspini.<\/p>\n","protected":false},"excerpt":{"rendered":"<p>Das ideale Detail, um Ihr Outfit mit einem Hauch entschlossener, maskuliner Eleganz zu vervollst\u00e4ndigen.<\/p>\n","protected":false},"featured_media":209594,"comment_status":"open","ping_status":"closed","template":"","meta":[],"product_brand":[],"product_cat":[7597],"product_tag":[7551],"class_list":{"0":"post-211253","1":"product","2":"type-product","3":"status-publish","4":"has-post-thumbnail","6":"product_cat-armbander-giovanni-raspini-manner","7":"product_tag-ausschlusse","9":"first","10":"instock","11":"taxable","12":"shipping-taxable","13":"purchasable","14":"product-type-variable","15":"has-default-attributes"},"exclude_global_add_ons":[],"addons":[],"df_price":175,"df_sale_price":"","df_regular_price":175,"df_image_link":"https:\/\/cdn02.fabioferro.eu\/wp-content\/uploads\/bracciale-giovanni-raspini-catene-maglia-popcorn-2.jpg","_links":{"self":[{"href":"https:\/\/www.fabioferro.eu\/de\/wp-json\/wp\/v2\/product\/211253","targetHints":{"allow":["GET"]}}],"collection":[{"href":"https:\/\/www.fabioferro.eu\/de\/wp-json\/wp\/v2\/product"}],"about":[{"href":"https:\/\/www.fabioferro.eu\/de\/wp-json\/wp\/v2\/types\/product"}],"replies":[{"embeddable":true,"href":"https:\/\/www.fabioferro.eu\/de\/wp-json\/wp\/v2\/comments?post=211253"}],"version-history":[{"count":0,"href":"https:\/\/www.fabioferro.eu\/de\/wp-json\/wp\/v2\/product\/211253\/revisions"}],"wp:featuredmedia":[{"embeddable":true,"href":"https:\/\/www.fabioferro.eu\/de\/wp-json\/wp\/v2\/media\/209594"}],"wp:attachment":[{"href":"https:\/\/www.fabioferro.eu\/de\/wp-json\/wp\/v2\/media?parent=211253"}],"wp:term":[{"taxonomy":"product_brand","embeddable":true,"href":"https:\/\/www.fabioferro.eu\/de\/wp-json\/wp\/v2\/product_brand?post=211253"},{"taxonomy":"product_cat","embeddable":true,"href":"https:\/\/www.fabioferro.eu\/de\/wp-json\/wp\/v2\/product_cat?post=211253"},{"taxonomy":"product_tag","embeddable":true,"href":"https:\/\/www.fabioferro.eu\/de\/wp-json\/wp\/v2\/product_tag?post=211253"}],"curies":[{"name":"wp","href":"https:\/\/api.w.org\/{rel}","templated":true}]}}