{"id":211262,"date":"2026-02-18T08:20:53","date_gmt":"2026-02-18T07:20:53","guid":{"rendered":"https:\/\/www.fabioferro.eu\/giovanni-raspini-armband-ketten-ketten-achteck.html"},"modified":"2026-02-18T08:20:53","modified_gmt":"2026-02-18T07:20:53","slug":"giovanni-raspini-armband-ketten-ketten-achteck","status":"publish","type":"product","link":"https:\/\/www.fabioferro.eu\/de\/giovanni-raspini-armband-ketten-ketten-achteck.html","title":{"rendered":"Giovanni Raspini Armband Ketten Ketten Achteck"},"content":{"rendered":"<p data-path-to-node=\"1\">Armband Giovanni Raspini Catene Kollektion komplett aus 925er Silber.<\/p>\n<p data-path-to-node=\"1\">Das Armband ist in zwei verschiedenen Gr\u00f6\u00dfen erh\u00e4ltlich: Gr\u00f6\u00dfe M (19 cm) und Gr\u00f6\u00dfe L (21 cm).<\/p>\n<p data-path-to-node=\"1\">Dieses Modell mit einem essentiellen und vielseitigen Design ist mit einem praktischen Karabinerverschluss ausgestattet.<\/p>\n<p data-path-to-node=\"2\">Handgefertigt in Italien, Made in Italy.<\/p>\n<p data-path-to-node=\"3\">Mit Box und offizieller Garantie von Giovanni Raspini.<\/p>\n","protected":false},"excerpt":{"rendered":"<p>Struktur und starke Reflexe f\u00fcr ein Accessoire, das nie unbemerkt bleibt.<\/p>\n","protected":false},"featured_media":209603,"comment_status":"open","ping_status":"closed","template":"","meta":[],"product_brand":[],"product_cat":[7597],"product_tag":[7551],"class_list":{"0":"post-211262","1":"product","2":"type-product","3":"status-publish","4":"has-post-thumbnail","6":"product_cat-armbander-giovanni-raspini-manner","7":"product_tag-ausschlusse","9":"first","10":"instock","11":"taxable","12":"shipping-taxable","13":"purchasable","14":"product-type-variable","15":"has-default-attributes"},"exclude_global_add_ons":[],"addons":[],"df_price":265,"df_sale_price":"","df_regular_price":265,"df_image_link":"https:\/\/cdn02.fabioferro.eu\/wp-content\/uploads\/Progetto-senza-titolo.jpg","_links":{"self":[{"href":"https:\/\/www.fabioferro.eu\/de\/wp-json\/wp\/v2\/product\/211262","targetHints":{"allow":["GET"]}}],"collection":[{"href":"https:\/\/www.fabioferro.eu\/de\/wp-json\/wp\/v2\/product"}],"about":[{"href":"https:\/\/www.fabioferro.eu\/de\/wp-json\/wp\/v2\/types\/product"}],"replies":[{"embeddable":true,"href":"https:\/\/www.fabioferro.eu\/de\/wp-json\/wp\/v2\/comments?post=211262"}],"version-history":[{"count":0,"href":"https:\/\/www.fabioferro.eu\/de\/wp-json\/wp\/v2\/product\/211262\/revisions"}],"wp:featuredmedia":[{"embeddable":true,"href":"https:\/\/www.fabioferro.eu\/de\/wp-json\/wp\/v2\/media\/209603"}],"wp:attachment":[{"href":"https:\/\/www.fabioferro.eu\/de\/wp-json\/wp\/v2\/media?parent=211262"}],"wp:term":[{"taxonomy":"product_brand","embeddable":true,"href":"https:\/\/www.fabioferro.eu\/de\/wp-json\/wp\/v2\/product_brand?post=211262"},{"taxonomy":"product_cat","embeddable":true,"href":"https:\/\/www.fabioferro.eu\/de\/wp-json\/wp\/v2\/product_cat?post=211262"},{"taxonomy":"product_tag","embeddable":true,"href":"https:\/\/www.fabioferro.eu\/de\/wp-json\/wp\/v2\/product_tag?post=211262"}],"curies":[{"name":"wp","href":"https:\/\/api.w.org\/{rel}","templated":true}]}}