{"id":211279,"date":"2026-02-18T08:19:52","date_gmt":"2026-02-18T07:19:52","guid":{"rendered":"https:\/\/www.fabioferro.eu\/giovanni-raspini-armband-kleine-quadratische-grumetta-ketten.html"},"modified":"2026-02-18T08:19:52","modified_gmt":"2026-02-18T07:19:52","slug":"giovanni-raspini-armband-kleine-quadratische-grumetta-ketten","status":"publish","type":"product","link":"https:\/\/www.fabioferro.eu\/de\/giovanni-raspini-armband-kleine-quadratische-grumetta-ketten.html","title":{"rendered":"Giovanni Raspini Armband Kleine quadratische Grumetta-Ketten"},"content":{"rendered":"<p data-path-to-node=\"1\">Giovanni Raspini Armband aus 925er Sterlingsilber.<\/p>\n<p data-path-to-node=\"1\">Dieses Modell zeichnet sich durch das zeitlose Grumetta-Gestrick aus, das f\u00fcr Stil und Solidit\u00e4t steht.<\/p>\n<p data-path-to-node=\"1\">Schneller und sicherer Verschluss durch einen Karabinerhaken mit dem Logo der Marke.<\/p>\n<p data-path-to-node=\"1\">Erh\u00e4ltlich in zwei verschiedenen Gr\u00f6\u00dfen: Gr\u00f6\u00dfe M (19 cm) und Gr\u00f6\u00dfe L (21 cm).<\/p>\n<p data-path-to-node=\"2\">Handgefertigt in Italien.<\/p>\n<p data-path-to-node=\"3\">Mit Box und offizieller Garantie von Giovanni Raspini.<\/p>\n","protected":false},"excerpt":{"rendered":"<p>Ein einfaches Armband, das jeden Moment des Tages bereichert.<\/p>\n","protected":false},"featured_media":209625,"comment_status":"open","ping_status":"closed","template":"","meta":[],"product_brand":[],"product_cat":[7597],"product_tag":[7551],"class_list":{"0":"post-211279","1":"product","2":"type-product","3":"status-publish","4":"has-post-thumbnail","6":"product_cat-armbander-giovanni-raspini-manner","7":"product_tag-ausschlusse","9":"first","10":"instock","11":"taxable","12":"shipping-taxable","13":"purchasable","14":"product-type-variable","15":"has-default-attributes"},"exclude_global_add_ons":[],"addons":[],"df_price":145,"df_sale_price":"","df_regular_price":145,"df_image_link":"https:\/\/cdn02.fabioferro.eu\/wp-content\/uploads\/bracciale-giovanni-raspini-catene-grumetta-quadra-piccola.jpg","_links":{"self":[{"href":"https:\/\/www.fabioferro.eu\/de\/wp-json\/wp\/v2\/product\/211279","targetHints":{"allow":["GET"]}}],"collection":[{"href":"https:\/\/www.fabioferro.eu\/de\/wp-json\/wp\/v2\/product"}],"about":[{"href":"https:\/\/www.fabioferro.eu\/de\/wp-json\/wp\/v2\/types\/product"}],"replies":[{"embeddable":true,"href":"https:\/\/www.fabioferro.eu\/de\/wp-json\/wp\/v2\/comments?post=211279"}],"version-history":[{"count":0,"href":"https:\/\/www.fabioferro.eu\/de\/wp-json\/wp\/v2\/product\/211279\/revisions"}],"wp:featuredmedia":[{"embeddable":true,"href":"https:\/\/www.fabioferro.eu\/de\/wp-json\/wp\/v2\/media\/209625"}],"wp:attachment":[{"href":"https:\/\/www.fabioferro.eu\/de\/wp-json\/wp\/v2\/media?parent=211279"}],"wp:term":[{"taxonomy":"product_brand","embeddable":true,"href":"https:\/\/www.fabioferro.eu\/de\/wp-json\/wp\/v2\/product_brand?post=211279"},{"taxonomy":"product_cat","embeddable":true,"href":"https:\/\/www.fabioferro.eu\/de\/wp-json\/wp\/v2\/product_cat?post=211279"},{"taxonomy":"product_tag","embeddable":true,"href":"https:\/\/www.fabioferro.eu\/de\/wp-json\/wp\/v2\/product_tag?post=211279"}],"curies":[{"name":"wp","href":"https:\/\/api.w.org\/{rel}","templated":true}]}}