{"id":211337,"date":"2026-02-18T08:27:24","date_gmt":"2026-02-18T07:27:24","guid":{"rendered":"https:\/\/www.fabioferro.eu\/giovanni-raspini-ring-pinky-quadrifoglio.html"},"modified":"2026-02-21T10:52:28","modified_gmt":"2026-02-21T09:52:28","slug":"giovanni-raspini-ring-pinky-quadrifoglio","status":"publish","type":"product","link":"https:\/\/www.fabioferro.eu\/de\/giovanni-raspini-ring-pinky-quadrifoglio.html","title":{"rendered":"Giovanni Raspini Ring Pinky Quadrifoglio"},"content":{"rendered":"<p data-path-to-node=\"1\">Ring von Giovanni Raspini, komplett aus 925er Silber.<\/p>\n<p data-path-to-node=\"1\">Kennzeichnend f\u00fcr die Handwerkskunst ist die Darstellung eines vierbl\u00e4ttrigen Gl\u00fccksklees.<\/p>\n<p data-path-to-node=\"2\">Ein Schmuckst\u00fcck mit einem essentiellen und symbolischen Stil.<\/p>\n<p data-path-to-node=\"2\">Handgefertigt in Italien, Made in Italy.<\/p>\n<p data-path-to-node=\"3\">Mit Box und offizieller Garantie von Giovanni Raspini.<\/p>\n","protected":false},"excerpt":{"rendered":"<p>Das Herzst\u00fcck, das Ihren Alltagslook vervollst\u00e4ndigt.<\/p>\n","protected":false},"featured_media":209697,"comment_status":"open","ping_status":"closed","template":"","meta":[],"product_brand":[],"product_cat":[7572],"product_tag":[7551],"class_list":{"0":"post-211337","1":"product","2":"type-product","3":"status-publish","4":"has-post-thumbnail","6":"product_cat-ringe-giovanni-raspini","7":"product_tag-ausschlusse","9":"first","10":"instock","11":"taxable","12":"shipping-taxable","13":"purchasable","14":"product-type-variable","15":"has-default-attributes"},"exclude_global_add_ons":[],"addons":[],"df_price":150,"df_sale_price":"","df_regular_price":150,"df_image_link":"https:\/\/cdn02.fabioferro.eu\/wp-content\/uploads\/anello-giovanni-raspini-mignolo-quadrifoglio.jpg","_links":{"self":[{"href":"https:\/\/www.fabioferro.eu\/de\/wp-json\/wp\/v2\/product\/211337","targetHints":{"allow":["GET"]}}],"collection":[{"href":"https:\/\/www.fabioferro.eu\/de\/wp-json\/wp\/v2\/product"}],"about":[{"href":"https:\/\/www.fabioferro.eu\/de\/wp-json\/wp\/v2\/types\/product"}],"replies":[{"embeddable":true,"href":"https:\/\/www.fabioferro.eu\/de\/wp-json\/wp\/v2\/comments?post=211337"}],"version-history":[{"count":1,"href":"https:\/\/www.fabioferro.eu\/de\/wp-json\/wp\/v2\/product\/211337\/revisions"}],"predecessor-version":[{"id":211361,"href":"https:\/\/www.fabioferro.eu\/de\/wp-json\/wp\/v2\/product\/211337\/revisions\/211361"}],"wp:featuredmedia":[{"embeddable":true,"href":"https:\/\/www.fabioferro.eu\/de\/wp-json\/wp\/v2\/media\/209697"}],"wp:attachment":[{"href":"https:\/\/www.fabioferro.eu\/de\/wp-json\/wp\/v2\/media?parent=211337"}],"wp:term":[{"taxonomy":"product_brand","embeddable":true,"href":"https:\/\/www.fabioferro.eu\/de\/wp-json\/wp\/v2\/product_brand?post=211337"},{"taxonomy":"product_cat","embeddable":true,"href":"https:\/\/www.fabioferro.eu\/de\/wp-json\/wp\/v2\/product_cat?post=211337"},{"taxonomy":"product_tag","embeddable":true,"href":"https:\/\/www.fabioferro.eu\/de\/wp-json\/wp\/v2\/product_tag?post=211337"}],"curies":[{"name":"wp","href":"https:\/\/api.w.org\/{rel}","templated":true}]}}