{"id":211370,"date":"2026-02-18T08:33:57","date_gmt":"2026-02-18T07:33:57","guid":{"rendered":"https:\/\/www.fabioferro.eu\/giovanni-raspini-croco-tubogas-ring.html"},"modified":"2026-02-18T08:33:57","modified_gmt":"2026-02-18T07:33:57","slug":"giovanni-raspini-croco-tubogas-ring","status":"publish","type":"product","link":"https:\/\/www.fabioferro.eu\/de\/giovanni-raspini-croco-tubogas-ring.html","title":{"rendered":"Giovanni Raspini Croco Tubogas Ring"},"content":{"rendered":"<p data-path-to-node=\"1\">Ring von Giovanni Raspini, der vollst\u00e4ndig aus 925er Silber mit handwerklichen Techniken hergestellt wurde.<\/p>\n<p data-path-to-node=\"2\">Das Design unterstreicht den nat\u00fcrlichen Glanz und die Reinheit des Metalls.<\/p>\n<p data-path-to-node=\"2\">Handgefertigt in Italien, Made in Italy Ring.<\/p>\n<p data-path-to-node=\"2\">Erh\u00e4ltlich in verschiedenen Gr\u00f6\u00dfen.<\/p>\n<p data-path-to-node=\"4\">Mit Box und offizieller Garantie von Giovanni Raspini.<\/p>\n","protected":false},"excerpt":{"rendered":"<p data-path-to-node=\"2,3,0\">Ein bezauberndes Detail f\u00fcr alle, die an die Sch\u00f6nheit der kleinen Dinge glauben.<\/p>\n<h3 data-path-to-node=\"3\"><\/h3>\n","protected":false},"featured_media":208007,"comment_status":"open","ping_status":"closed","template":"","meta":[],"product_brand":[],"product_cat":[7572],"product_tag":[7551],"class_list":{"0":"post-211370","1":"product","2":"type-product","3":"status-publish","4":"has-post-thumbnail","6":"product_cat-ringe-giovanni-raspini","7":"product_tag-ausschlusse","9":"first","10":"instock","11":"taxable","12":"shipping-taxable","13":"purchasable","14":"product-type-variable","15":"has-default-attributes"},"exclude_global_add_ons":[],"addons":[],"df_price":150,"df_sale_price":"","df_regular_price":150,"df_image_link":"https:\/\/cdn02.fabioferro.eu\/wp-content\/uploads\/anello-giovanni-raspini-tubogas-croco.jpg","_links":{"self":[{"href":"https:\/\/www.fabioferro.eu\/de\/wp-json\/wp\/v2\/product\/211370","targetHints":{"allow":["GET"]}}],"collection":[{"href":"https:\/\/www.fabioferro.eu\/de\/wp-json\/wp\/v2\/product"}],"about":[{"href":"https:\/\/www.fabioferro.eu\/de\/wp-json\/wp\/v2\/types\/product"}],"replies":[{"embeddable":true,"href":"https:\/\/www.fabioferro.eu\/de\/wp-json\/wp\/v2\/comments?post=211370"}],"version-history":[{"count":0,"href":"https:\/\/www.fabioferro.eu\/de\/wp-json\/wp\/v2\/product\/211370\/revisions"}],"wp:featuredmedia":[{"embeddable":true,"href":"https:\/\/www.fabioferro.eu\/de\/wp-json\/wp\/v2\/media\/208007"}],"wp:attachment":[{"href":"https:\/\/www.fabioferro.eu\/de\/wp-json\/wp\/v2\/media?parent=211370"}],"wp:term":[{"taxonomy":"product_brand","embeddable":true,"href":"https:\/\/www.fabioferro.eu\/de\/wp-json\/wp\/v2\/product_brand?post=211370"},{"taxonomy":"product_cat","embeddable":true,"href":"https:\/\/www.fabioferro.eu\/de\/wp-json\/wp\/v2\/product_cat?post=211370"},{"taxonomy":"product_tag","embeddable":true,"href":"https:\/\/www.fabioferro.eu\/de\/wp-json\/wp\/v2\/product_tag?post=211370"}],"curies":[{"name":"wp","href":"https:\/\/api.w.org\/{rel}","templated":true}]}}