{"id":211379,"date":"2026-02-21T10:40:12","date_gmt":"2026-02-21T09:40:12","guid":{"rendered":"https:\/\/www.fabioferro.eu\/paar-fabio-ferro-satin-rosa-trauringe-33-mm.html"},"modified":"2026-02-21T10:52:59","modified_gmt":"2026-02-21T09:52:59","slug":"paar-fabio-ferro-satin-rosa-trauringe-33-mm","status":"publish","type":"product","link":"https:\/\/www.fabioferro.eu\/de\/paar-fabio-ferro-satin-rosa-trauringe-33-mm.html","title":{"rendered":"Paar Fabio Ferro Satin Rosa Trauringe 3,3 mm"},"content":{"rendered":"<p data-path-to-node=\"0\">Ein Paar Eheringe aus einem Material Ihrer Wahl: 18 und 9 Karat Wei\u00df-, Gelb- und Ros\u00e9gold, Silber und Platin. Hergestellt in Italien.<\/p>\n<p data-path-to-node=\"1\">Ein einzigartiges Design, das mit der Dualit\u00e4t der Oberfl\u00e4chen spielt: Die \u00e4u\u00dfere Oberfl\u00e4che ist vollst\u00e4ndig poliert und verspiegelt, w\u00e4hrend die Innenseite eine raffinierte Satinierung aufweist. In der ihr gewidmeten Version wird die Leuchtkraft durch den Besatz mit kostbaren Diamanten noch verst\u00e4rkt. <\/p>\n<p data-path-to-node=\"2\">Die Breite von 3,3 mm und das komfortable, gew\u00f6lbte Innenteil sorgen f\u00fcr eine optimale Passform, die f\u00fcr den t\u00e4glichen Komfort entwickelt wurde.<\/p>\n<p data-path-to-node=\"3\">Das Gesamtgewicht des Metalls bezieht sich auf die gew\u00e4hlte Gr\u00f6\u00dfe und nimmt mit der Gr\u00f6\u00dfe des Rings proportional zu.<\/p>\n<p data-path-to-node=\"4\">Freie Gravur von Namen und Datum, kurzen S\u00e4tzen und\/oder Zitaten.<\/p>\n<p data-path-to-node=\"5\">Sie erhalten zwei Qualit\u00e4tszertifikate, die die Eigenschaften des Schmucks zusammenfassen.<\/p>\n<p data-path-to-node=\"6\">Begleitet von einer eleganten Box mit doppeltem Verschluss zur Aufbewahrung.<\/p>\n","protected":false},"excerpt":{"rendered":"<p>Ein unverwechselbares Zeichen der Verbundenheit, das Alltagstauglichkeit mit der Kostbarkeit eines unvergesslichen Moments verbindet.<\/p>\n","protected":false},"featured_media":210177,"comment_status":"open","ping_status":"closed","template":"","meta":[],"product_brand":[152],"product_cat":[7633],"product_tag":[],"class_list":{"0":"post-211379","1":"product","2":"type-product","3":"status-publish","4":"has-post-thumbnail","6":"product_brand-fabio-ferro-i-gioielli","7":"product_cat-eheringe-und-trauringe-nach-mas","9":"first","10":"instock","11":"taxable","12":"shipping-taxable","13":"product-type-simple"},"exclude_global_add_ons":[],"addons":[],"df_price":"","df_sale_price":"","df_regular_price":"","df_image_link":"https:\/\/cdn02.fabioferro.eu\/wp-content\/uploads\/coppia-fedi-nuziali-fabio-ferro-satinate-rosa-33-mm.jpg","_links":{"self":[{"href":"https:\/\/www.fabioferro.eu\/de\/wp-json\/wp\/v2\/product\/211379","targetHints":{"allow":["GET"]}}],"collection":[{"href":"https:\/\/www.fabioferro.eu\/de\/wp-json\/wp\/v2\/product"}],"about":[{"href":"https:\/\/www.fabioferro.eu\/de\/wp-json\/wp\/v2\/types\/product"}],"replies":[{"embeddable":true,"href":"https:\/\/www.fabioferro.eu\/de\/wp-json\/wp\/v2\/comments?post=211379"}],"version-history":[{"count":1,"href":"https:\/\/www.fabioferro.eu\/de\/wp-json\/wp\/v2\/product\/211379\/revisions"}],"predecessor-version":[{"id":211385,"href":"https:\/\/www.fabioferro.eu\/de\/wp-json\/wp\/v2\/product\/211379\/revisions\/211385"}],"wp:featuredmedia":[{"embeddable":true,"href":"https:\/\/www.fabioferro.eu\/de\/wp-json\/wp\/v2\/media\/210177"}],"wp:attachment":[{"href":"https:\/\/www.fabioferro.eu\/de\/wp-json\/wp\/v2\/media?parent=211379"}],"wp:term":[{"taxonomy":"product_brand","embeddable":true,"href":"https:\/\/www.fabioferro.eu\/de\/wp-json\/wp\/v2\/product_brand?post=211379"},{"taxonomy":"product_cat","embeddable":true,"href":"https:\/\/www.fabioferro.eu\/de\/wp-json\/wp\/v2\/product_cat?post=211379"},{"taxonomy":"product_tag","embeddable":true,"href":"https:\/\/www.fabioferro.eu\/de\/wp-json\/wp\/v2\/product_tag?post=211379"}],"curies":[{"name":"wp","href":"https:\/\/api.w.org\/{rel}","templated":true}]}}