{"id":211381,"date":"2026-02-21T10:40:14","date_gmt":"2026-02-21T09:40:14","guid":{"rendered":"https:\/\/www.fabioferro.eu\/paar-33-mm-gelbe-satinierte-eheringe-von-fabio-ferro.html"},"modified":"2026-02-21T10:40:14","modified_gmt":"2026-02-21T09:40:14","slug":"paar-33-mm-gelbe-satinierte-eheringe-von-fabio-ferro","status":"publish","type":"product","link":"https:\/\/www.fabioferro.eu\/de\/paar-33-mm-gelbe-satinierte-eheringe-von-fabio-ferro.html","title":{"rendered":"Paar 3,3 mm gelbe satinierte Eheringe von Fabio Ferro"},"content":{"rendered":"<p data-path-to-node=\"0\">Ein Paar Eheringe aus einem Material Ihrer Wahl: 18 und 9 Karat Wei\u00df-, Gelb- und Ros\u00e9gold, Silber und Platin. Hergestellt in Italien.<\/p>\n<p data-path-to-node=\"1\">Dieses Modell zeichnet sich durch seine besondere kontrastreiche Verarbeitung aus, mit einer satinierten Innenseite des Traurings und einer vollst\u00e4ndig polierten Au\u00dfenseite.<\/p>\n<p data-path-to-node=\"2\">Die Breite betr\u00e4gt 3,3 mm und ist sowohl au\u00dfen als auch innen gew\u00f6lbt, so dass sie angenehm zu tragen ist.<\/p>\n<p data-path-to-node=\"3\">Das endg\u00fcltige Gewicht des Edelmetalls h\u00e4ngt von der gew\u00e4hlten Gr\u00f6\u00dfe ab und erh\u00f6ht sich proportional zur Gr\u00f6\u00dfe des Rings.<\/p>\n<p data-path-to-node=\"4\">Freie Gravur von Namen und Datum, kurzen S\u00e4tzen und\/oder Zitaten.<\/p>\n<p data-path-to-node=\"5\">Sie erhalten zwei Garantien, die den Schmuck, die Gewichte, die Materialien und die Verarbeitung genau beschreiben.<\/p>\n<p data-path-to-node=\"6\">Begleitet von einer eleganten Box mit doppeltem Verschluss zur Aufbewahrung.<\/p>\n","protected":false},"excerpt":{"rendered":"<p>Trauringe, die Sie in jedem Moment Ihres Lebens begleiten.<\/p>\n","protected":false},"featured_media":210163,"comment_status":"open","ping_status":"closed","template":"","meta":[],"product_brand":[152],"product_cat":[7633],"product_tag":[],"class_list":{"0":"post-211381","1":"product","2":"type-product","3":"status-publish","4":"has-post-thumbnail","6":"product_brand-fabio-ferro-i-gioielli","7":"product_cat-eheringe-und-trauringe-nach-mas","9":"first","10":"instock","11":"taxable","12":"shipping-taxable","13":"product-type-simple"},"exclude_global_add_ons":[],"addons":[],"df_price":"","df_sale_price":"","df_regular_price":"","df_image_link":"https:\/\/cdn02.fabioferro.eu\/wp-content\/uploads\/coppia-fedi-nuziali-fabio-ferro-satinate-gialle-33-mm.jpg","_links":{"self":[{"href":"https:\/\/www.fabioferro.eu\/de\/wp-json\/wp\/v2\/product\/211381","targetHints":{"allow":["GET"]}}],"collection":[{"href":"https:\/\/www.fabioferro.eu\/de\/wp-json\/wp\/v2\/product"}],"about":[{"href":"https:\/\/www.fabioferro.eu\/de\/wp-json\/wp\/v2\/types\/product"}],"replies":[{"embeddable":true,"href":"https:\/\/www.fabioferro.eu\/de\/wp-json\/wp\/v2\/comments?post=211381"}],"version-history":[{"count":0,"href":"https:\/\/www.fabioferro.eu\/de\/wp-json\/wp\/v2\/product\/211381\/revisions"}],"wp:featuredmedia":[{"embeddable":true,"href":"https:\/\/www.fabioferro.eu\/de\/wp-json\/wp\/v2\/media\/210163"}],"wp:attachment":[{"href":"https:\/\/www.fabioferro.eu\/de\/wp-json\/wp\/v2\/media?parent=211381"}],"wp:term":[{"taxonomy":"product_brand","embeddable":true,"href":"https:\/\/www.fabioferro.eu\/de\/wp-json\/wp\/v2\/product_brand?post=211381"},{"taxonomy":"product_cat","embeddable":true,"href":"https:\/\/www.fabioferro.eu\/de\/wp-json\/wp\/v2\/product_cat?post=211381"},{"taxonomy":"product_tag","embeddable":true,"href":"https:\/\/www.fabioferro.eu\/de\/wp-json\/wp\/v2\/product_tag?post=211381"}],"curies":[{"name":"wp","href":"https:\/\/api.w.org\/{rel}","templated":true}]}}