{"id":211386,"date":"2026-02-21T10:40:06","date_gmt":"2026-02-21T09:40:06","guid":{"rendered":"https:\/\/www.fabioferro.eu\/paar-fabio-ferro-trauringe-mit-4-mm-diamanten.html"},"modified":"2026-02-21T10:40:06","modified_gmt":"2026-02-21T09:40:06","slug":"paar-fabio-ferro-trauringe-mit-4-mm-diamanten","status":"publish","type":"product","link":"https:\/\/www.fabioferro.eu\/de\/paar-fabio-ferro-trauringe-mit-4-mm-diamanten.html","title":{"rendered":"Paar Fabio Ferro Trauringe mit 4 mm Diamanten"},"content":{"rendered":"<p data-path-to-node=\"0\">Ein Paar Eheringe aus einem Material Ihrer Wahl: 18 und 9 Karat Wei\u00df-, Gelb- und Ros\u00e9gold, Silber und Platin. Hergestellt in Italien.<\/p>\n<p data-path-to-node=\"1\">Dieses Modell verf\u00fcgt \u00fcber eine raffinierte Mittellinie und 0,07 Karat Diamanten (F-VS1), die in der Damenversion erh\u00e4ltlich sind.<\/p>\n<p data-path-to-node=\"2\">Die Breite betr\u00e4gt 4 mm und die Innenseite ist angenehm gew\u00f6lbt f\u00fcr idealen Tragekomfort.<\/p>\n<p data-path-to-node=\"3\">Das Gesamtgewicht bezieht sich auf die bestellte Gr\u00f6\u00dfe und steigt mit zunehmender Gr\u00f6\u00dfe des Rings.<\/p>\n<p data-path-to-node=\"4\">Auf den Innenb\u00e4ndern k\u00f6nnen Namen und Datum oder kurze S\u00e4tze und Zitate eingraviert werden.<\/p>\n<p data-path-to-node=\"5\">Sie werden mit zwei Garantien geliefert, die die Qualit\u00e4t des Schmucks, der Materialien, der Gewichte und der ausgef\u00fchrten Arbeiten best\u00e4tigen.<\/p>\n<p data-path-to-node=\"6\">Begleitet von einer eleganten Box mit doppeltem Verschluss zur Aufbewahrung.<\/p>\n","protected":false},"excerpt":{"rendered":"<p>Ein kostbares Band, das die Herzen durch zeitloses Design verbindet.<\/p>\n","protected":false},"featured_media":209789,"comment_status":"open","ping_status":"closed","template":"","meta":[],"product_brand":[152],"product_cat":[7633],"product_tag":[],"class_list":{"0":"post-211386","1":"product","2":"type-product","3":"status-publish","4":"has-post-thumbnail","6":"product_brand-fabio-ferro-i-gioielli","7":"product_cat-eheringe-und-trauringe-nach-mas","9":"first","10":"instock","11":"taxable","12":"shipping-taxable","13":"product-type-simple"},"exclude_global_add_ons":[],"addons":[],"df_price":"","df_sale_price":"","df_regular_price":"","df_image_link":"https:\/\/cdn02.fabioferro.eu\/wp-content\/uploads\/coppia-fedi-nuziali-fabio-ferro-binario-con-diamanti-4-mm.jpg","_links":{"self":[{"href":"https:\/\/www.fabioferro.eu\/de\/wp-json\/wp\/v2\/product\/211386","targetHints":{"allow":["GET"]}}],"collection":[{"href":"https:\/\/www.fabioferro.eu\/de\/wp-json\/wp\/v2\/product"}],"about":[{"href":"https:\/\/www.fabioferro.eu\/de\/wp-json\/wp\/v2\/types\/product"}],"replies":[{"embeddable":true,"href":"https:\/\/www.fabioferro.eu\/de\/wp-json\/wp\/v2\/comments?post=211386"}],"version-history":[{"count":0,"href":"https:\/\/www.fabioferro.eu\/de\/wp-json\/wp\/v2\/product\/211386\/revisions"}],"wp:featuredmedia":[{"embeddable":true,"href":"https:\/\/www.fabioferro.eu\/de\/wp-json\/wp\/v2\/media\/209789"}],"wp:attachment":[{"href":"https:\/\/www.fabioferro.eu\/de\/wp-json\/wp\/v2\/media?parent=211386"}],"wp:term":[{"taxonomy":"product_brand","embeddable":true,"href":"https:\/\/www.fabioferro.eu\/de\/wp-json\/wp\/v2\/product_brand?post=211386"},{"taxonomy":"product_cat","embeddable":true,"href":"https:\/\/www.fabioferro.eu\/de\/wp-json\/wp\/v2\/product_cat?post=211386"},{"taxonomy":"product_tag","embeddable":true,"href":"https:\/\/www.fabioferro.eu\/de\/wp-json\/wp\/v2\/product_tag?post=211386"}],"curies":[{"name":"wp","href":"https:\/\/api.w.org\/{rel}","templated":true}]}}