{"id":211427,"date":"2026-02-18T08:25:46","date_gmt":"2026-02-18T07:25:46","guid":{"rendered":"https:\/\/www.fabioferro.eu\/giovanni-raspini-halskette-mit-diamantsockel.html"},"modified":"2026-02-18T08:25:46","modified_gmt":"2026-02-18T07:25:46","slug":"giovanni-raspini-halskette-mit-diamantsockel","status":"publish","type":"product","link":"https:\/\/www.fabioferro.eu\/de\/giovanni-raspini-halskette-mit-diamantsockel.html","title":{"rendered":"Giovanni Raspini Halskette mit Diamantsockel"},"content":{"rendered":"<p data-path-to-node=\"1\">Giovanni Raspini Halskette aus 925er Silber, erh\u00e4ltlich in den L\u00e4ngen 45 cm, 60 cm und 80 cm.<\/p>\n<p data-path-to-node=\"1\">Speziell entworfen als ideale Basis, die Sie mit Ihren eigenen Anh\u00e4ngern individuell gestalten k\u00f6nnen.<\/p>\n<p data-path-to-node=\"2\">Handgefertigt mit einem Karabinerverschluss und dem ikonischen Logo der Marke.<\/p>\n<p data-path-to-node=\"2\">Halskette handgefertigt in Italien, Made in Italy.<\/p>\n<p data-path-to-node=\"3\">Mit Box und offizieller Garantie von Giovanni Raspini.<\/p>\n","protected":false},"excerpt":{"rendered":"<p>Das perfekte Schmuckst\u00fcck, um Ihr Gesicht mit Anh\u00e4ngern zu versch\u00f6nern.<\/p>\n","protected":false},"featured_media":209703,"comment_status":"open","ping_status":"closed","template":"","meta":[],"product_brand":[],"product_cat":[7568],"product_tag":[7551,7442],"class_list":{"0":"post-211427","1":"product","2":"type-product","3":"status-publish","4":"has-post-thumbnail","6":"product_cat-giovanni-raspini-halsketten","7":"product_tag-ausschlusse","8":"product_tag-verfugbar","10":"first","11":"instock","12":"taxable","13":"shipping-taxable","14":"purchasable","15":"product-type-variable","16":"has-default-attributes"},"exclude_global_add_ons":[],"addons":[],"df_price":75,"df_sale_price":"","df_regular_price":75,"df_image_link":"https:\/\/cdn02.fabioferro.eu\/wp-content\/uploads\/collana-giovanni-raspini-base-diamantata.jpg","_links":{"self":[{"href":"https:\/\/www.fabioferro.eu\/de\/wp-json\/wp\/v2\/product\/211427","targetHints":{"allow":["GET"]}}],"collection":[{"href":"https:\/\/www.fabioferro.eu\/de\/wp-json\/wp\/v2\/product"}],"about":[{"href":"https:\/\/www.fabioferro.eu\/de\/wp-json\/wp\/v2\/types\/product"}],"replies":[{"embeddable":true,"href":"https:\/\/www.fabioferro.eu\/de\/wp-json\/wp\/v2\/comments?post=211427"}],"version-history":[{"count":0,"href":"https:\/\/www.fabioferro.eu\/de\/wp-json\/wp\/v2\/product\/211427\/revisions"}],"wp:featuredmedia":[{"embeddable":true,"href":"https:\/\/www.fabioferro.eu\/de\/wp-json\/wp\/v2\/media\/209703"}],"wp:attachment":[{"href":"https:\/\/www.fabioferro.eu\/de\/wp-json\/wp\/v2\/media?parent=211427"}],"wp:term":[{"taxonomy":"product_brand","embeddable":true,"href":"https:\/\/www.fabioferro.eu\/de\/wp-json\/wp\/v2\/product_brand?post=211427"},{"taxonomy":"product_cat","embeddable":true,"href":"https:\/\/www.fabioferro.eu\/de\/wp-json\/wp\/v2\/product_cat?post=211427"},{"taxonomy":"product_tag","embeddable":true,"href":"https:\/\/www.fabioferro.eu\/de\/wp-json\/wp\/v2\/product_tag?post=211427"}],"curies":[{"name":"wp","href":"https:\/\/api.w.org\/{rel}","templated":true}]}}