{"id":211447,"date":"2026-02-18T08:33:13","date_gmt":"2026-02-18T07:33:13","guid":{"rendered":"https:\/\/www.fabioferro.eu\/giovanni-raspini-croco-tubogas-doppelter-goldring.html"},"modified":"2026-02-21T10:53:51","modified_gmt":"2026-02-21T09:53:51","slug":"giovanni-raspini-croco-tubogas-doppelter-goldring","status":"publish","type":"product","link":"https:\/\/www.fabioferro.eu\/de\/giovanni-raspini-croco-tubogas-doppelter-goldring.html","title":{"rendered":"Giovanni Raspini Croco Tubogas Doppelter Goldring"},"content":{"rendered":"<p data-path-to-node=\"0\">Giovanni Raspini Ring aus der Croco Tubogas Kollektion.<\/p>\n<p data-path-to-node=\"1\">Doppelbandmodell aus 925er Sterlingsilber mit leuchtender Gelbgoldplattierung.<\/p>\n<p data-path-to-node=\"3\">Handgefertigt in Italien, Made in Italy Ring.<\/p>\n<p data-path-to-node=\"3\">Erh\u00e4ltlich in verschiedenen Gr\u00f6\u00dfen.<\/p>\n<p data-path-to-node=\"4\">Mit Box und offizieller Garantie von Giovanni Raspini.<\/p>\n","protected":false},"excerpt":{"rendered":"<p>Edle Geometrien f\u00fcr alle, die einen starken, modernen Stil lieben.<\/p>\n","protected":false},"featured_media":208136,"comment_status":"open","ping_status":"closed","template":"","meta":[],"product_brand":[],"product_cat":[7572],"product_tag":[7551],"class_list":{"0":"post-211447","1":"product","2":"type-product","3":"status-publish","4":"has-post-thumbnail","6":"product_cat-ringe-giovanni-raspini","7":"product_tag-ausschlusse","9":"first","10":"instock","11":"taxable","12":"shipping-taxable","13":"purchasable","14":"product-type-variable","15":"has-default-attributes"},"exclude_global_add_ons":[],"addons":[],"df_price":240,"df_sale_price":"","df_regular_price":240,"df_image_link":"https:\/\/cdn02.fabioferro.eu\/wp-content\/uploads\/anello-giovanni-raspini-croco-tubogas-doppio-dorato.jpg","_links":{"self":[{"href":"https:\/\/www.fabioferro.eu\/de\/wp-json\/wp\/v2\/product\/211447","targetHints":{"allow":["GET"]}}],"collection":[{"href":"https:\/\/www.fabioferro.eu\/de\/wp-json\/wp\/v2\/product"}],"about":[{"href":"https:\/\/www.fabioferro.eu\/de\/wp-json\/wp\/v2\/types\/product"}],"replies":[{"embeddable":true,"href":"https:\/\/www.fabioferro.eu\/de\/wp-json\/wp\/v2\/comments?post=211447"}],"version-history":[{"count":1,"href":"https:\/\/www.fabioferro.eu\/de\/wp-json\/wp\/v2\/product\/211447\/revisions"}],"predecessor-version":[{"id":211457,"href":"https:\/\/www.fabioferro.eu\/de\/wp-json\/wp\/v2\/product\/211447\/revisions\/211457"}],"wp:featuredmedia":[{"embeddable":true,"href":"https:\/\/www.fabioferro.eu\/de\/wp-json\/wp\/v2\/media\/208136"}],"wp:attachment":[{"href":"https:\/\/www.fabioferro.eu\/de\/wp-json\/wp\/v2\/media?parent=211447"}],"wp:term":[{"taxonomy":"product_brand","embeddable":true,"href":"https:\/\/www.fabioferro.eu\/de\/wp-json\/wp\/v2\/product_brand?post=211447"},{"taxonomy":"product_cat","embeddable":true,"href":"https:\/\/www.fabioferro.eu\/de\/wp-json\/wp\/v2\/product_cat?post=211447"},{"taxonomy":"product_tag","embeddable":true,"href":"https:\/\/www.fabioferro.eu\/de\/wp-json\/wp\/v2\/product_tag?post=211447"}],"curies":[{"name":"wp","href":"https:\/\/api.w.org\/{rel}","templated":true}]}}