{"id":211491,"date":"2026-02-18T08:30:36","date_gmt":"2026-02-18T07:30:36","guid":{"rendered":"https:\/\/www.fabioferro.eu\/giovanni-raspini-cocktail-halskette.html"},"modified":"2026-02-18T08:30:36","modified_gmt":"2026-02-18T07:30:36","slug":"giovanni-raspini-cocktail-halskette","status":"publish","type":"product","link":"https:\/\/www.fabioferro.eu\/de\/giovanni-raspini-cocktail-halskette.html","title":{"rendered":"Giovanni Raspini Cocktail-Halskette"},"content":{"rendered":"<p data-path-to-node=\"1\">Giovanni Raspini Halskette, handgefertigt in Italien.<\/p>\n<p data-path-to-node=\"2\">Bestehend aus einer Mischung aus Achaten, Amethysten, nat\u00fcrlichen Perlen, Chalzedon, Siamit und Perlmutt.<\/p>\n<p data-path-to-node=\"3\">Die Gesamtl\u00e4nge des Schmuckst\u00fccks betr\u00e4gt 42 cm und ist \u00fcber Ringe verstellbar.<\/p>\n<p data-path-to-node=\"4\">Der Verschluss erfolgt \u00fcber einen speziellen Karabinerhaken, der bis ins kleinste Detail mit einer Gravur des Markenlogos versehen ist.<\/p>\n<p data-path-to-node=\"5\">Mit Box und offizieller Garantie von Giovanni Raspini.<\/p>\n","protected":false},"excerpt":{"rendered":"<p>Das ideale Spotlight, um das Dekollet\u00e9 zart zu betonen.<\/p>\n","protected":false},"featured_media":207752,"comment_status":"open","ping_status":"closed","template":"","meta":[],"product_brand":[155],"product_cat":[7568],"product_tag":[7551,7442],"class_list":{"0":"post-211491","1":"product","2":"type-product","3":"status-publish","4":"has-post-thumbnail","6":"product_brand-raspini","7":"product_cat-giovanni-raspini-halsketten","8":"product_tag-ausschlusse","9":"product_tag-verfugbar","11":"first","12":"instock","13":"taxable","14":"shipping-taxable","15":"purchasable","16":"product-type-simple"},"exclude_global_add_ons":[],"addons":[],"df_price":690,"df_sale_price":"","df_regular_price":690,"df_image_link":"https:\/\/cdn02.fabioferro.eu\/wp-content\/uploads\/collana-giovanni-raspini-cocktail.jpg","_links":{"self":[{"href":"https:\/\/www.fabioferro.eu\/de\/wp-json\/wp\/v2\/product\/211491","targetHints":{"allow":["GET"]}}],"collection":[{"href":"https:\/\/www.fabioferro.eu\/de\/wp-json\/wp\/v2\/product"}],"about":[{"href":"https:\/\/www.fabioferro.eu\/de\/wp-json\/wp\/v2\/types\/product"}],"replies":[{"embeddable":true,"href":"https:\/\/www.fabioferro.eu\/de\/wp-json\/wp\/v2\/comments?post=211491"}],"version-history":[{"count":0,"href":"https:\/\/www.fabioferro.eu\/de\/wp-json\/wp\/v2\/product\/211491\/revisions"}],"wp:featuredmedia":[{"embeddable":true,"href":"https:\/\/www.fabioferro.eu\/de\/wp-json\/wp\/v2\/media\/207752"}],"wp:attachment":[{"href":"https:\/\/www.fabioferro.eu\/de\/wp-json\/wp\/v2\/media?parent=211491"}],"wp:term":[{"taxonomy":"product_brand","embeddable":true,"href":"https:\/\/www.fabioferro.eu\/de\/wp-json\/wp\/v2\/product_brand?post=211491"},{"taxonomy":"product_cat","embeddable":true,"href":"https:\/\/www.fabioferro.eu\/de\/wp-json\/wp\/v2\/product_cat?post=211491"},{"taxonomy":"product_tag","embeddable":true,"href":"https:\/\/www.fabioferro.eu\/de\/wp-json\/wp\/v2\/product_tag?post=211491"}],"curies":[{"name":"wp","href":"https:\/\/api.w.org\/{rel}","templated":true}]}}