{"id":211495,"date":"2026-02-21T10:40:53","date_gmt":"2026-02-21T09:40:53","guid":{"rendered":"https:\/\/www.fabioferro.eu\/paar-5-mm-gelbe-satin-ferro-trauringe.html"},"modified":"2026-02-21T10:40:53","modified_gmt":"2026-02-21T09:40:53","slug":"paar-5-mm-gelbe-satin-ferro-trauringe","status":"publish","type":"product","link":"https:\/\/www.fabioferro.eu\/de\/paar-5-mm-gelbe-satin-ferro-trauringe.html","title":{"rendered":"Paar 5 mm Gelbe Satin Ferro Trauringe"},"content":{"rendered":"<p data-path-to-node=\"0\">Ein Paar Eheringe aus einem Material Ihrer Wahl: 18 und 9 Karat Wei\u00df-, Gelb- und Ros\u00e9gold, Silber und Platin. Hergestellt in Italien.<\/p>\n<p data-path-to-node=\"1\">Dieses Modell zeichnet sich durch seine raffinierte zentrale Satinierung aus, die von polierten Seitenprofilen eingerahmt wird. In der Damenversion wird es durch einen Brillanten von 0,01 Karat (Farbe F, Reinheit VS1) veredelt.<\/p>\n<p data-path-to-node=\"2\">Die Breite betr\u00e4gt 5 mm und die Innenseite ist angenehm gew\u00f6lbt f\u00fcr idealen Tragekomfort.<\/p>\n<p data-path-to-node=\"3\">Das Gewicht des Edelmetalls wird durch die gew\u00e4hlte Gr\u00f6\u00dfe bestimmt.<\/p>\n<p data-path-to-node=\"4\">Es ist m\u00f6glich, die Ringe mit Namen und Daten, kurzen S\u00e4tzen oder Zitaten zu personalisieren.<\/p>\n<p data-path-to-node=\"5\">Sie erhalten zwei Garantien, die die Echtheit der Materialien, der Gewichte und der Verarbeitung bescheinigen.<\/p>\n<p data-path-to-node=\"6\">Begleitet von einer eleganten Box mit doppeltem Verschluss zur Aufbewahrung.<\/p>\n","protected":false},"excerpt":{"rendered":"<p>Trauringe, die mit der Zeit gl\u00e4nzen und Ihre Reise mit kompromissloser Sch\u00f6nheit begleiten.<\/p>\n","protected":false},"featured_media":210132,"comment_status":"open","ping_status":"closed","template":"","meta":[],"product_brand":[152],"product_cat":[7633],"product_tag":[],"class_list":{"0":"post-211495","1":"product","2":"type-product","3":"status-publish","4":"has-post-thumbnail","6":"product_brand-fabio-ferro-i-gioielli","7":"product_cat-eheringe-und-trauringe-nach-mas","9":"first","10":"instock","11":"taxable","12":"shipping-taxable","13":"product-type-simple"},"exclude_global_add_ons":[],"addons":[],"df_price":"","df_sale_price":"","df_regular_price":"","df_image_link":"https:\/\/cdn02.fabioferro.eu\/wp-content\/uploads\/coppia-fedi-nuziali-fabio-ferro-satinate-gialle-5-mm-1.jpg","_links":{"self":[{"href":"https:\/\/www.fabioferro.eu\/de\/wp-json\/wp\/v2\/product\/211495","targetHints":{"allow":["GET"]}}],"collection":[{"href":"https:\/\/www.fabioferro.eu\/de\/wp-json\/wp\/v2\/product"}],"about":[{"href":"https:\/\/www.fabioferro.eu\/de\/wp-json\/wp\/v2\/types\/product"}],"replies":[{"embeddable":true,"href":"https:\/\/www.fabioferro.eu\/de\/wp-json\/wp\/v2\/comments?post=211495"}],"version-history":[{"count":0,"href":"https:\/\/www.fabioferro.eu\/de\/wp-json\/wp\/v2\/product\/211495\/revisions"}],"wp:featuredmedia":[{"embeddable":true,"href":"https:\/\/www.fabioferro.eu\/de\/wp-json\/wp\/v2\/media\/210132"}],"wp:attachment":[{"href":"https:\/\/www.fabioferro.eu\/de\/wp-json\/wp\/v2\/media?parent=211495"}],"wp:term":[{"taxonomy":"product_brand","embeddable":true,"href":"https:\/\/www.fabioferro.eu\/de\/wp-json\/wp\/v2\/product_brand?post=211495"},{"taxonomy":"product_cat","embeddable":true,"href":"https:\/\/www.fabioferro.eu\/de\/wp-json\/wp\/v2\/product_cat?post=211495"},{"taxonomy":"product_tag","embeddable":true,"href":"https:\/\/www.fabioferro.eu\/de\/wp-json\/wp\/v2\/product_tag?post=211495"}],"curies":[{"name":"wp","href":"https:\/\/api.w.org\/{rel}","templated":true}]}}