{"id":211499,"date":"2026-02-21T10:41:02","date_gmt":"2026-02-21T09:41:02","guid":{"rendered":"https:\/\/www.fabioferro.eu\/paar-satinierte-fabio-ferro-trauringe-5-mm.html"},"modified":"2026-02-21T10:41:02","modified_gmt":"2026-02-21T09:41:02","slug":"paar-satinierte-fabio-ferro-trauringe-5-mm","status":"publish","type":"product","link":"https:\/\/www.fabioferro.eu\/de\/paar-satinierte-fabio-ferro-trauringe-5-mm.html","title":{"rendered":"Paar satinierte Fabio Ferro Trauringe 5 mm"},"content":{"rendered":"<p data-path-to-node=\"0\">Ein Paar Eheringe aus einem Material Ihrer Wahl: 18 und 9 Karat Wei\u00df-, Gelb- und Ros\u00e9gold, Silber und Platin. Hergestellt in Italien.<\/p>\n<p data-path-to-node=\"1\">Dieses Modell zeichnet sich durch einen raffinierten Kontrast der Oberfl\u00e4chen aus, mit einer satinierten Oberfl\u00e4che in der Mitte und polierten R\u00e4ndern, verziert mit einem Brillanten von 0,01 Karat (Farbe F, Reinheit VS1) in der Damenversion.<\/p>\n<p data-path-to-node=\"2\">Die Breite betr\u00e4gt 5 mm und die Innenseite ist angenehm gew\u00f6lbt f\u00fcr idealen Tragekomfort.<\/p>\n<p data-path-to-node=\"3\">Das Gewicht des Edelmetalls ist an die angegebene Gr\u00f6\u00dfe gekoppelt und variiert je nach Gr\u00f6\u00dfe der Gr\u00f6\u00dfe.<\/p>\n<p data-path-to-node=\"4\">Die Gravur von Namen und Daten, kurzen S\u00e4tzen oder Zitaten ist m\u00f6glich.<\/p>\n<p data-path-to-node=\"5\">Sie werden mit zwei Garantiezertifikaten geliefert, die das Material, das Gewicht, die Verarbeitung und die Eigenschaften des Steins best\u00e4tigen.<\/p>\n<p data-path-to-node=\"6\">Begleitet von einer eleganten Box mit doppeltem Verschluss zur Aufbewahrung.<\/p>\n","protected":false},"excerpt":{"rendered":"<p data-path-to-node=\"1,9,0\">Diskrete Eleganz in einem Juwel, das f\u00fcr immer gl\u00e4nzt.<\/p>\n","protected":false},"featured_media":210036,"comment_status":"open","ping_status":"closed","template":"","meta":[],"product_brand":[152],"product_cat":[7633],"product_tag":[],"class_list":{"0":"post-211499","1":"product","2":"type-product","3":"status-publish","4":"has-post-thumbnail","6":"product_brand-fabio-ferro-i-gioielli","7":"product_cat-eheringe-und-trauringe-nach-mas","9":"first","10":"instock","11":"taxable","12":"shipping-taxable","13":"product-type-simple"},"exclude_global_add_ons":[],"addons":[],"df_price":"","df_sale_price":"","df_regular_price":"","df_image_link":"https:\/\/cdn02.fabioferro.eu\/wp-content\/uploads\/coppia-fedi-nuziali-fabio-ferro-satinate-5-mm.jpg","_links":{"self":[{"href":"https:\/\/www.fabioferro.eu\/de\/wp-json\/wp\/v2\/product\/211499","targetHints":{"allow":["GET"]}}],"collection":[{"href":"https:\/\/www.fabioferro.eu\/de\/wp-json\/wp\/v2\/product"}],"about":[{"href":"https:\/\/www.fabioferro.eu\/de\/wp-json\/wp\/v2\/types\/product"}],"replies":[{"embeddable":true,"href":"https:\/\/www.fabioferro.eu\/de\/wp-json\/wp\/v2\/comments?post=211499"}],"version-history":[{"count":0,"href":"https:\/\/www.fabioferro.eu\/de\/wp-json\/wp\/v2\/product\/211499\/revisions"}],"wp:featuredmedia":[{"embeddable":true,"href":"https:\/\/www.fabioferro.eu\/de\/wp-json\/wp\/v2\/media\/210036"}],"wp:attachment":[{"href":"https:\/\/www.fabioferro.eu\/de\/wp-json\/wp\/v2\/media?parent=211499"}],"wp:term":[{"taxonomy":"product_brand","embeddable":true,"href":"https:\/\/www.fabioferro.eu\/de\/wp-json\/wp\/v2\/product_brand?post=211499"},{"taxonomy":"product_cat","embeddable":true,"href":"https:\/\/www.fabioferro.eu\/de\/wp-json\/wp\/v2\/product_cat?post=211499"},{"taxonomy":"product_tag","embeddable":true,"href":"https:\/\/www.fabioferro.eu\/de\/wp-json\/wp\/v2\/product_tag?post=211499"}],"curies":[{"name":"wp","href":"https:\/\/api.w.org\/{rel}","templated":true}]}}