{"id":211500,"date":"2026-02-21T10:40:57","date_gmt":"2026-02-21T09:40:57","guid":{"rendered":"https:\/\/www.fabioferro.eu\/paar-fabio-ferro-satin-weiss-trauringe-4-mm.html"},"modified":"2026-02-21T10:40:57","modified_gmt":"2026-02-21T09:40:57","slug":"paar-fabio-ferro-satin-weiss-trauringe-4-mm","status":"publish","type":"product","link":"https:\/\/www.fabioferro.eu\/de\/paar-fabio-ferro-satin-weiss-trauringe-4-mm.html","title":{"rendered":"Paar Fabio Ferro Satin Wei\u00df Trauringe 4 mm"},"content":{"rendered":"<p data-path-to-node=\"0\">Ein Paar Eheringe aus einem Material Ihrer Wahl: 18 und 9 Karat Wei\u00df-, Gelb- und Ros\u00e9gold, Silber und Platin. Hergestellt in Italien.<\/p>\n<p data-path-to-node=\"1\">Dieses Modell zeichnet sich durch ein elegantes Zusammenspiel von Oberfl\u00e4chen aus, mit einer zentralen satinierten Oberfl\u00e4che, die von polierten Kanten eingerahmt wird, und einem Brillanten von 0,01 Karat (Farbe F, Reinheit VS1) in der Damenversion.<\/p>\n<p data-path-to-node=\"2\">Die Breite betr\u00e4gt 4 mm und die Innenseite ist angenehm gew\u00f6lbt f\u00fcr idealen Tragekomfort.<\/p>\n<p data-path-to-node=\"3\">Das Gesamtgewicht variiert je nach gew\u00e4hlter Gr\u00f6\u00dfe &#8211; je gr\u00f6\u00dfer die Gr\u00f6\u00dfe, desto mehr wiegt sie.<\/p>\n<p data-path-to-node=\"4\">Wir bieten Ihnen die M\u00f6glichkeit, das Innere durch die Gravur von Namen und Daten, kleinen Botschaften oder Zitaten zu personalisieren.<\/p>\n<p data-path-to-node=\"5\">Sie erhalten zwei Garantien mit Beschreibungen des Schmucks und der jeweiligen Gewichte, Materialien und Verarbeitung.<\/p>\n<p data-path-to-node=\"6\">Begleitet von einer eleganten Box mit doppeltem Verschluss zur Aufbewahrung.<\/p>\n","protected":false},"excerpt":{"rendered":"<p>Trauringe mit einem modernen und harmonischen Profil, die Ihren Bund mit diskreter Raffinesse schm\u00fccken.<\/p>\n","protected":false},"featured_media":210118,"comment_status":"open","ping_status":"closed","template":"","meta":[],"product_brand":[152],"product_cat":[7633],"product_tag":[],"class_list":{"0":"post-211500","1":"product","2":"type-product","3":"status-publish","4":"has-post-thumbnail","6":"product_brand-fabio-ferro-i-gioielli","7":"product_cat-eheringe-und-trauringe-nach-mas","9":"first","10":"instock","11":"taxable","12":"shipping-taxable","13":"product-type-simple"},"exclude_global_add_ons":[],"addons":[],"df_price":"","df_sale_price":"","df_regular_price":"","df_image_link":"https:\/\/cdn02.fabioferro.eu\/wp-content\/uploads\/coppia-fedi-nuziali-fabio-ferro-satinate-bianche-4-mm.jpg","_links":{"self":[{"href":"https:\/\/www.fabioferro.eu\/de\/wp-json\/wp\/v2\/product\/211500","targetHints":{"allow":["GET"]}}],"collection":[{"href":"https:\/\/www.fabioferro.eu\/de\/wp-json\/wp\/v2\/product"}],"about":[{"href":"https:\/\/www.fabioferro.eu\/de\/wp-json\/wp\/v2\/types\/product"}],"replies":[{"embeddable":true,"href":"https:\/\/www.fabioferro.eu\/de\/wp-json\/wp\/v2\/comments?post=211500"}],"version-history":[{"count":0,"href":"https:\/\/www.fabioferro.eu\/de\/wp-json\/wp\/v2\/product\/211500\/revisions"}],"wp:featuredmedia":[{"embeddable":true,"href":"https:\/\/www.fabioferro.eu\/de\/wp-json\/wp\/v2\/media\/210118"}],"wp:attachment":[{"href":"https:\/\/www.fabioferro.eu\/de\/wp-json\/wp\/v2\/media?parent=211500"}],"wp:term":[{"taxonomy":"product_brand","embeddable":true,"href":"https:\/\/www.fabioferro.eu\/de\/wp-json\/wp\/v2\/product_brand?post=211500"},{"taxonomy":"product_cat","embeddable":true,"href":"https:\/\/www.fabioferro.eu\/de\/wp-json\/wp\/v2\/product_cat?post=211500"},{"taxonomy":"product_tag","embeddable":true,"href":"https:\/\/www.fabioferro.eu\/de\/wp-json\/wp\/v2\/product_tag?post=211500"}],"curies":[{"name":"wp","href":"https:\/\/api.w.org\/{rel}","templated":true}]}}