{"id":211502,"date":"2026-02-21T10:41:08","date_gmt":"2026-02-21T09:41:08","guid":{"rendered":"https:\/\/www.fabioferro.eu\/paar-fabio-ferro-trauringe-weiss-und-gelb-4-mm.html"},"modified":"2026-02-21T10:41:08","modified_gmt":"2026-02-21T09:41:08","slug":"paar-fabio-ferro-trauringe-weiss-und-gelb-4-mm","status":"publish","type":"product","link":"https:\/\/www.fabioferro.eu\/de\/paar-fabio-ferro-trauringe-weiss-und-gelb-4-mm.html","title":{"rendered":"Paar Fabio Ferro Trauringe Wei\u00df und Gelb 4 mm"},"content":{"rendered":"<p data-path-to-node=\"0\">Ein Paar Eheringe aus einem Material Ihrer Wahl: 18 und 9 Karat Wei\u00df-, Gelb- und Ros\u00e9gold, Silber und Platin. Hergestellt in Italien.<\/p>\n<p data-path-to-node=\"1\">Bei diesem Modell handelt es sich um einen doppelten Ehering mit einer gelben Innenseite und einer wei\u00dfen Au\u00dfenseite, der in der Damenversion durch einen Diamanten im Brillantschliff von 0,01 Karat (Farbe F, Reinheit VS1) bereichert wird.<\/p>\n<p data-path-to-node=\"2\">Die Breite betr\u00e4gt 4 mm und die Innenseite ist angenehm gew\u00f6lbt f\u00fcr idealen Tragekomfort.<\/p>\n<p data-path-to-node=\"3\">Das Gewicht des Edelmetalls ist proportional zu der gew\u00e4hlten Gr\u00f6\u00dfe.<\/p>\n<p data-path-to-node=\"4\">Sie k\u00f6nnen Namen und Daten, pers\u00f6nliche Widmungen oder Zitate eingravieren lassen.<\/p>\n<p data-path-to-node=\"5\">Begleitet von zwei Garantien, die die Spezifikationen des Schmucks und der Materialien best\u00e4tigen.<\/p>\n<p data-path-to-node=\"6\">Begleitet von einer eleganten Box mit doppeltem Verschluss zur Aufbewahrung.<\/p>\n","protected":false},"excerpt":{"rendered":"<p>Zwei Eheringe, die von Ihnen erz\u00e4hlen: eine perfekte Synthese aus Handwerkskunst und tiefem Gef\u00fchl.<\/p>\n","protected":false},"featured_media":210016,"comment_status":"open","ping_status":"closed","template":"","meta":[],"product_brand":[152],"product_cat":[7633],"product_tag":[],"class_list":{"0":"post-211502","1":"product","2":"type-product","3":"status-publish","4":"has-post-thumbnail","6":"product_brand-fabio-ferro-i-gioielli","7":"product_cat-eheringe-und-trauringe-nach-mas","9":"first","10":"instock","11":"taxable","12":"shipping-taxable","13":"product-type-simple"},"exclude_global_add_ons":[],"addons":[],"df_price":"","df_sale_price":"","df_regular_price":"","df_image_link":"https:\/\/cdn02.fabioferro.eu\/wp-content\/uploads\/coppia-fedi-nuziali-fabio-ferro-bianche-e-gialle-4-mm.jpg","_links":{"self":[{"href":"https:\/\/www.fabioferro.eu\/de\/wp-json\/wp\/v2\/product\/211502","targetHints":{"allow":["GET"]}}],"collection":[{"href":"https:\/\/www.fabioferro.eu\/de\/wp-json\/wp\/v2\/product"}],"about":[{"href":"https:\/\/www.fabioferro.eu\/de\/wp-json\/wp\/v2\/types\/product"}],"replies":[{"embeddable":true,"href":"https:\/\/www.fabioferro.eu\/de\/wp-json\/wp\/v2\/comments?post=211502"}],"version-history":[{"count":0,"href":"https:\/\/www.fabioferro.eu\/de\/wp-json\/wp\/v2\/product\/211502\/revisions"}],"wp:featuredmedia":[{"embeddable":true,"href":"https:\/\/www.fabioferro.eu\/de\/wp-json\/wp\/v2\/media\/210016"}],"wp:attachment":[{"href":"https:\/\/www.fabioferro.eu\/de\/wp-json\/wp\/v2\/media?parent=211502"}],"wp:term":[{"taxonomy":"product_brand","embeddable":true,"href":"https:\/\/www.fabioferro.eu\/de\/wp-json\/wp\/v2\/product_brand?post=211502"},{"taxonomy":"product_cat","embeddable":true,"href":"https:\/\/www.fabioferro.eu\/de\/wp-json\/wp\/v2\/product_cat?post=211502"},{"taxonomy":"product_tag","embeddable":true,"href":"https:\/\/www.fabioferro.eu\/de\/wp-json\/wp\/v2\/product_tag?post=211502"}],"curies":[{"name":"wp","href":"https:\/\/api.w.org\/{rel}","templated":true}]}}