{"id":211507,"date":"2026-02-21T10:41:13","date_gmt":"2026-02-21T09:41:13","guid":{"rendered":"https:\/\/www.fabioferro.eu\/paar-fabio-ferro-trauringe-mit-diamanten-33-mm.html"},"modified":"2026-02-21T10:41:13","modified_gmt":"2026-02-21T09:41:13","slug":"paar-fabio-ferro-trauringe-mit-diamanten-33-mm","status":"publish","type":"product","link":"https:\/\/www.fabioferro.eu\/de\/paar-fabio-ferro-trauringe-mit-diamanten-33-mm.html","title":{"rendered":"Paar Fabio Ferro Trauringe mit Diamanten 3,3 mm"},"content":{"rendered":"<p data-path-to-node=\"0\">Ein Paar Eheringe aus einem Material Ihrer Wahl: 18 und 9 Karat Wei\u00df-, Gelb- und Ros\u00e9gold, Silber und Platin. Hergestellt in Italien.<\/p>\n<p data-path-to-node=\"1\">Die Damenversion ist mit drei Diamanten im Brillantschliff von insgesamt 0,03 Karat (Farbe F, Reinheit VS1) besetzt.<\/p>\n<p data-path-to-node=\"2\">Die Breite ist 3,3 mm intern gew\u00f6lbt f\u00fcr idealen Tragekomfort.<\/p>\n<p data-path-to-node=\"3\">Das Gewicht des Edelmetalls variiert je nach bestellter Gr\u00f6\u00dfe und nimmt mit der Gr\u00f6\u00dfe des Umfangs zu.<\/p>\n<p data-path-to-node=\"4\">Eine pers\u00f6nliche Gravur mit Namen und Datum, kurzen S\u00e4tzen oder Zitaten kann angefordert werden.<\/p>\n<p data-path-to-node=\"5\">Sie erhalten zwei Garantien mit detaillierten Beschreibungen des Schmucks, der Materialien, Gewichte und Steine.<\/p>\n<p data-path-to-node=\"6\">Begleitet von einer eleganten Box mit doppeltem Verschluss zur Aufbewahrung.<\/p>\n","protected":false},"excerpt":{"rendered":"<p>Eine Verflechtung von Licht und Design, die einem Versprechen Gestalt verleiht, das die Zeit nicht f\u00fcrchtet.<\/p>\n","protected":false},"featured_media":209992,"comment_status":"open","ping_status":"closed","template":"","meta":[],"product_brand":[152],"product_cat":[7633],"product_tag":[],"class_list":{"0":"post-211507","1":"product","2":"type-product","3":"status-publish","4":"has-post-thumbnail","6":"product_brand-fabio-ferro-i-gioielli","7":"product_cat-eheringe-und-trauringe-nach-mas","9":"first","10":"instock","11":"taxable","12":"shipping-taxable","13":"product-type-simple"},"exclude_global_add_ons":[],"addons":[],"df_price":"","df_sale_price":"","df_regular_price":"","df_image_link":"https:\/\/cdn02.fabioferro.eu\/wp-content\/uploads\/coppia-fedi-fabio-ferro-piattine-con-diamanti-33-mmjpg.jpg","_links":{"self":[{"href":"https:\/\/www.fabioferro.eu\/de\/wp-json\/wp\/v2\/product\/211507","targetHints":{"allow":["GET"]}}],"collection":[{"href":"https:\/\/www.fabioferro.eu\/de\/wp-json\/wp\/v2\/product"}],"about":[{"href":"https:\/\/www.fabioferro.eu\/de\/wp-json\/wp\/v2\/types\/product"}],"replies":[{"embeddable":true,"href":"https:\/\/www.fabioferro.eu\/de\/wp-json\/wp\/v2\/comments?post=211507"}],"version-history":[{"count":0,"href":"https:\/\/www.fabioferro.eu\/de\/wp-json\/wp\/v2\/product\/211507\/revisions"}],"wp:featuredmedia":[{"embeddable":true,"href":"https:\/\/www.fabioferro.eu\/de\/wp-json\/wp\/v2\/media\/209992"}],"wp:attachment":[{"href":"https:\/\/www.fabioferro.eu\/de\/wp-json\/wp\/v2\/media?parent=211507"}],"wp:term":[{"taxonomy":"product_brand","embeddable":true,"href":"https:\/\/www.fabioferro.eu\/de\/wp-json\/wp\/v2\/product_brand?post=211507"},{"taxonomy":"product_cat","embeddable":true,"href":"https:\/\/www.fabioferro.eu\/de\/wp-json\/wp\/v2\/product_cat?post=211507"},{"taxonomy":"product_tag","embeddable":true,"href":"https:\/\/www.fabioferro.eu\/de\/wp-json\/wp\/v2\/product_tag?post=211507"}],"curies":[{"name":"wp","href":"https:\/\/api.w.org\/{rel}","templated":true}]}}