{"id":211511,"date":"2026-02-21T10:41:20","date_gmt":"2026-02-21T09:41:20","guid":{"rendered":"https:\/\/www.fabioferro.eu\/fabio-ferro-satin-5-mm-ehering-paar.html"},"modified":"2026-02-21T10:41:20","modified_gmt":"2026-02-21T09:41:20","slug":"fabio-ferro-satin-5-mm-ehering-paar","status":"publish","type":"product","link":"https:\/\/www.fabioferro.eu\/de\/fabio-ferro-satin-5-mm-ehering-paar.html","title":{"rendered":"Fabio Ferro Satin 5 mm Ehering Paar"},"content":{"rendered":"<p data-path-to-node=\"0\">Ein Paar Eheringe aus 18 und 9 Karat Wei\u00dfgold, Silber und Platin in dem Material Ihrer Wahl. Hergestellt in Italien.<\/p>\n<p data-path-to-node=\"1\">Dieses Modell zeichnet sich durch eine elegante, satinierte Oberfl\u00e4che aus, die die gesamte Au\u00dfenfl\u00e4che gleichm\u00e4\u00dfig bedeckt.<\/p>\n<p data-path-to-node=\"2\">Die Breite betr\u00e4gt 5 mm und die Innenseite ist angenehm gew\u00f6lbt f\u00fcr idealen Tragekomfort.<\/p>\n<p data-path-to-node=\"3\">Das Gewicht variiert je nach gew\u00e4hlter Gr\u00f6\u00dfe, je gr\u00f6\u00dfer es ist, desto mehr wird es wiegen.<\/p>\n<p data-path-to-node=\"4\">Auf der Innenseite k\u00f6nnen Namen und Datum, kleine Nachrichten oder Zitate eingraviert werden.<\/p>\n<p data-path-to-node=\"5\">Zwei Echtheitszertifikate mit Angaben zum Gewicht, zu den Materialien und zur Verarbeitung werden mitgeliefert.<\/p>\n<p data-path-to-node=\"6\">Begleitet von einer eleganten Box mit doppeltem Verschluss zur Aufbewahrung.<\/p>\n","protected":false},"excerpt":{"rendered":"<p>Ein Geflecht aus Eleganz und St\u00e4rke, um Ihre Verbindung auf nat\u00fcrliche Weise zu feiern.<\/p>\n","protected":false},"featured_media":209828,"comment_status":"open","ping_status":"closed","template":"","meta":[],"product_brand":[152],"product_cat":[7633],"product_tag":[],"class_list":{"0":"post-211511","1":"product","2":"type-product","3":"status-publish","4":"has-post-thumbnail","6":"product_brand-fabio-ferro-i-gioielli","7":"product_cat-eheringe-und-trauringe-nach-mas","9":"first","10":"instock","11":"taxable","12":"shipping-taxable","13":"product-type-simple"},"exclude_global_add_ons":[],"addons":[],"df_price":"","df_sale_price":"","df_regular_price":"","df_image_link":"https:\/\/cdn02.fabioferro.eu\/wp-content\/uploads\/coppia-di-fedi-nuziali-fabio-ferro-satinata-5-mm.jpg","_links":{"self":[{"href":"https:\/\/www.fabioferro.eu\/de\/wp-json\/wp\/v2\/product\/211511","targetHints":{"allow":["GET"]}}],"collection":[{"href":"https:\/\/www.fabioferro.eu\/de\/wp-json\/wp\/v2\/product"}],"about":[{"href":"https:\/\/www.fabioferro.eu\/de\/wp-json\/wp\/v2\/types\/product"}],"replies":[{"embeddable":true,"href":"https:\/\/www.fabioferro.eu\/de\/wp-json\/wp\/v2\/comments?post=211511"}],"version-history":[{"count":0,"href":"https:\/\/www.fabioferro.eu\/de\/wp-json\/wp\/v2\/product\/211511\/revisions"}],"wp:featuredmedia":[{"embeddable":true,"href":"https:\/\/www.fabioferro.eu\/de\/wp-json\/wp\/v2\/media\/209828"}],"wp:attachment":[{"href":"https:\/\/www.fabioferro.eu\/de\/wp-json\/wp\/v2\/media?parent=211511"}],"wp:term":[{"taxonomy":"product_brand","embeddable":true,"href":"https:\/\/www.fabioferro.eu\/de\/wp-json\/wp\/v2\/product_brand?post=211511"},{"taxonomy":"product_cat","embeddable":true,"href":"https:\/\/www.fabioferro.eu\/de\/wp-json\/wp\/v2\/product_cat?post=211511"},{"taxonomy":"product_tag","embeddable":true,"href":"https:\/\/www.fabioferro.eu\/de\/wp-json\/wp\/v2\/product_tag?post=211511"}],"curies":[{"name":"wp","href":"https:\/\/api.w.org\/{rel}","templated":true}]}}