{"id":211600,"date":"2026-02-24T11:40:23","date_gmt":"2026-02-24T10:40:23","guid":{"rendered":"https:\/\/www.fabioferro.eu\/?post_type=product&#038;p=211600.html"},"modified":"2026-02-26T11:18:09","modified_gmt":"2026-02-26T10:18:09","slug":"hamilton-jazzmaster-offenes-herz-40mm-h32675581","status":"publish","type":"product","link":"https:\/\/www.fabioferro.eu\/de\/hamilton-jazzmaster-offenes-herz-40mm-h32675581.html","title":{"rendered":"Hamilton Jazzmaster Offenes Herz 40mm H32675581"},"content":{"rendered":"<p>Hamilton Jazzmaster Open Heart 40mm H32675581. Dreizeigerwerk mit Datum und 80 Stunden Gangreserve, mechanisch automatisch. Kaliber H-10 mit aufw\u00e4ndigen Perlmuttmotiven.<\/p>\n<p>Gew\u00f6lbtes Saphirkristallglas, beidseitig gegen Reflexionen behandelt.<\/p>\n<p>Seitlich satiniertes Edelstahlgeh\u00e4use mit einem Durchmesser von 40 mm, ger\u00e4ndelte Rastkrone mit Hamilton-Logo, Geh\u00e4useboden, der einen Blick auf den Mechanismus erlaubt, durch Druck geschlossen.<\/p>\n<p>Wasserdicht bis zu 5 bar\/50 Meter.<\/p>\n<p>Sonnenschliff-Zifferblatt mit hervorgehobenen Stundenmarkierungen. Es ist m\u00f6glich, einen gro\u00dfen Teil des Uhrwerks zu betrachten, einschlie\u00dflich der Unruh, der Schublade und der oberen Platine.<\/p>\n<p>Armband aus braunem gealtertem Rindsleder. Klassische Dornschlie\u00dfe.<\/p>\n<p>Uhr wird mit offizieller Hamilton-Box und Garantie verkauft.<\/p>\n","protected":false},"excerpt":{"rendered":"<p>Hamilton Jazzmaster Open Heart 40mm H32675581. Ein schattiertes Zifferblatt, wie Sie es noch nie gesehen haben.<\/p>\n","protected":false},"featured_media":211603,"comment_status":"open","ping_status":"closed","template":"","meta":[],"product_brand":[161],"product_cat":[5974],"product_tag":[],"class_list":{"0":"post-211600","1":"product","2":"type-product","3":"status-publish","4":"has-post-thumbnail","6":"product_brand-hamilton","7":"product_cat-hamilton-herrenuhren","9":"first","10":"instock","11":"sale","12":"taxable","13":"shipping-taxable","14":"purchasable","15":"product-type-simple"},"exclude_global_add_ons":[],"addons":[],"df_price":916,"df_sale_price":916,"df_regular_price":1145,"df_image_link":"https:\/\/cdn02.fabioferro.eu\/wp-content\/uploads\/hamilton-jazzmaster-open-heart-h32675581.jpg","_links":{"self":[{"href":"https:\/\/www.fabioferro.eu\/de\/wp-json\/wp\/v2\/product\/211600","targetHints":{"allow":["GET"]}}],"collection":[{"href":"https:\/\/www.fabioferro.eu\/de\/wp-json\/wp\/v2\/product"}],"about":[{"href":"https:\/\/www.fabioferro.eu\/de\/wp-json\/wp\/v2\/types\/product"}],"replies":[{"embeddable":true,"href":"https:\/\/www.fabioferro.eu\/de\/wp-json\/wp\/v2\/comments?post=211600"}],"version-history":[{"count":1,"href":"https:\/\/www.fabioferro.eu\/de\/wp-json\/wp\/v2\/product\/211600\/revisions"}],"predecessor-version":[{"id":211736,"href":"https:\/\/www.fabioferro.eu\/de\/wp-json\/wp\/v2\/product\/211600\/revisions\/211736"}],"wp:featuredmedia":[{"embeddable":true,"href":"https:\/\/www.fabioferro.eu\/de\/wp-json\/wp\/v2\/media\/211603"}],"wp:attachment":[{"href":"https:\/\/www.fabioferro.eu\/de\/wp-json\/wp\/v2\/media?parent=211600"}],"wp:term":[{"taxonomy":"product_brand","embeddable":true,"href":"https:\/\/www.fabioferro.eu\/de\/wp-json\/wp\/v2\/product_brand?post=211600"},{"taxonomy":"product_cat","embeddable":true,"href":"https:\/\/www.fabioferro.eu\/de\/wp-json\/wp\/v2\/product_cat?post=211600"},{"taxonomy":"product_tag","embeddable":true,"href":"https:\/\/www.fabioferro.eu\/de\/wp-json\/wp\/v2\/product_tag?post=211600"}],"curies":[{"name":"wp","href":"https:\/\/api.w.org\/{rel}","templated":true}]}}