{"id":211669,"date":"2026-02-24T16:14:27","date_gmt":"2026-02-24T15:14:27","guid":{"rendered":"https:\/\/www.fabioferro.eu\/?post_type=product&#038;p=211669.html"},"modified":"2026-02-26T11:17:51","modified_gmt":"2026-02-26T10:17:51","slug":"hamilton-jazzmaster-offenes-herz-42mm-h32705501","status":"publish","type":"product","link":"https:\/\/www.fabioferro.eu\/de\/hamilton-jazzmaster-offenes-herz-42mm-h32705501.html","title":{"rendered":"Hamilton Jazzmaster Offenes Herz 42mm H32705501"},"content":{"rendered":"<p>Hamilton Jazzmaster Open Heart 42mm H32705501. Dreizeigerwerk mit Datum und 80 Stunden Gangreserve, mechanisch automatisch. Kaliber H-10 mit aufw\u00e4ndigen Perlmuttmotiven.<\/p>\n<p>Gew\u00f6lbtes Saphirkristallglas, beidseitig gegen Reflexionen behandelt.<\/p>\n<p>Seitlich satiniertes Edelstahlgeh\u00e4use mit einem Durchmesser von 42 mm, ger\u00e4ndelte Einrastkrone mit Hamilton-Logo, Geh\u00e4useboden, der einen Blick auf den Mechanismus erlaubt, durch Druck geschlossen.<\/p>\n<p>Wasserdicht bis zu 5 bar\/50 Meter.<\/p>\n<p>Zifferblatt mit Sonnenschliff und hervorgehobenen Stundenmarkierungen. Sie k\u00f6nnen einen gro\u00dfen Teil des Uhrwerks betrachten, einschlie\u00dflich der Unruh, des Auszugs und der oberen Platine.<\/p>\n<p>Armband aus gealtertem Rindsleder. Klassische Dornschlie\u00dfe.<\/p>\n<p>Uhr wird mit offizieller Hamilton-Box und Garantie verkauft.<\/p>\n","protected":false},"excerpt":{"rendered":"<p>Hamilton Jazzmaster Open Heart 42mm H32705501. Ein schattiertes Zifferblatt, wie Sie es noch nie gesehen haben.<\/p>\n","protected":false},"featured_media":211685,"comment_status":"open","ping_status":"closed","template":"","meta":[],"product_brand":[161],"product_cat":[5974],"product_tag":[],"class_list":{"0":"post-211669","1":"product","2":"type-product","3":"status-publish","4":"has-post-thumbnail","6":"product_brand-hamilton","7":"product_cat-hamilton-herrenuhren","9":"first","10":"instock","11":"sale","12":"taxable","13":"shipping-taxable","14":"purchasable","15":"product-type-simple"},"exclude_global_add_ons":[],"addons":[],"df_price":916,"df_sale_price":916,"df_regular_price":1145,"df_image_link":"https:\/\/cdn02.fabioferro.eu\/wp-content\/uploads\/Hamilton-Jazzmaster-Open-Heart-42mm-H32705501.jpg","_links":{"self":[{"href":"https:\/\/www.fabioferro.eu\/de\/wp-json\/wp\/v2\/product\/211669","targetHints":{"allow":["GET"]}}],"collection":[{"href":"https:\/\/www.fabioferro.eu\/de\/wp-json\/wp\/v2\/product"}],"about":[{"href":"https:\/\/www.fabioferro.eu\/de\/wp-json\/wp\/v2\/types\/product"}],"replies":[{"embeddable":true,"href":"https:\/\/www.fabioferro.eu\/de\/wp-json\/wp\/v2\/comments?post=211669"}],"version-history":[{"count":2,"href":"https:\/\/www.fabioferro.eu\/de\/wp-json\/wp\/v2\/product\/211669\/revisions"}],"predecessor-version":[{"id":211815,"href":"https:\/\/www.fabioferro.eu\/de\/wp-json\/wp\/v2\/product\/211669\/revisions\/211815"}],"wp:featuredmedia":[{"embeddable":true,"href":"https:\/\/www.fabioferro.eu\/de\/wp-json\/wp\/v2\/media\/211685"}],"wp:attachment":[{"href":"https:\/\/www.fabioferro.eu\/de\/wp-json\/wp\/v2\/media?parent=211669"}],"wp:term":[{"taxonomy":"product_brand","embeddable":true,"href":"https:\/\/www.fabioferro.eu\/de\/wp-json\/wp\/v2\/product_brand?post=211669"},{"taxonomy":"product_cat","embeddable":true,"href":"https:\/\/www.fabioferro.eu\/de\/wp-json\/wp\/v2\/product_cat?post=211669"},{"taxonomy":"product_tag","embeddable":true,"href":"https:\/\/www.fabioferro.eu\/de\/wp-json\/wp\/v2\/product_tag?post=211669"}],"curies":[{"name":"wp","href":"https:\/\/api.w.org\/{rel}","templated":true}]}}