{"id":211742,"date":"2026-02-25T08:38:09","date_gmt":"2026-02-25T07:38:09","guid":{"rendered":"https:\/\/www.fabioferro.eu\/paar-fabio-ferro-satin-rosa-trauringe-35-mm.html"},"modified":"2026-02-25T08:38:09","modified_gmt":"2026-02-25T07:38:09","slug":"paar-fabio-ferro-satin-rosa-trauringe-35-mm","status":"publish","type":"product","link":"https:\/\/www.fabioferro.eu\/de\/paar-fabio-ferro-satin-rosa-trauringe-35-mm.html","title":{"rendered":"Paar Fabio Ferro Satin Rosa Trauringe 3,5 mm"},"content":{"rendered":"<p data-path-to-node=\"0\">Ein Paar Eheringe aus einem Material Ihrer Wahl: 18 und 9 Karat Wei\u00df-, Gelb- und Ros\u00e9gold, Silber und Platin. Hergestellt in Italien.<\/p>\n<p data-path-to-node=\"1\">Dieses Modell setzt auf ein modernes Design, das sich durch eine kr\u00e4ftige satinierte Oberfl\u00e4che auf der Au\u00dfenseite und eine gl\u00e4nzende, schimmernde Oberfl\u00e4che auf der Innenseite auszeichnet.<\/p>\n<p data-path-to-node=\"1\">Das Innenteil ist angenehm abgerundet, um einen idealen Tragekomfort und ein Maximum an t\u00e4glichem Komfort zu gew\u00e4hrleisten.<\/p>\n<p data-path-to-node=\"3\">Das Gewicht des Edelmetalls wird durch die gew\u00e4hlte Gr\u00f6\u00dfe bestimmt.<\/p>\n<p data-path-to-node=\"4\">Es ist m\u00f6glich, die Trauringe mit einer internen Gravur von Namen und Datum, kurzen Botschaften oder Zitaten zu personalisieren.<\/p>\n<p data-path-to-node=\"5\">Sie erhalten zwei Garantien mit Beschreibungen des Schmucks und der jeweiligen Gewichte, Materialien und Verarbeitung.<\/p>\n<p data-path-to-node=\"6\">Begleitet von einer eleganten Box mit doppeltem Verschluss zur Aufbewahrung.<\/p>\n","protected":false},"excerpt":{"rendered":"<p>Das greifbare Symbol einer gemeinsamen Reise, verk\u00f6rpert in zwei Ringen mit hohem Komfort und zeitlosem Stil.<\/p>\n","protected":false},"featured_media":211675,"comment_status":"open","ping_status":"closed","template":"","meta":[],"product_brand":[152],"product_cat":[7633],"product_tag":[],"class_list":{"0":"post-211742","1":"product","2":"type-product","3":"status-publish","4":"has-post-thumbnail","6":"product_brand-fabio-ferro-i-gioielli","7":"product_cat-eheringe-und-trauringe-nach-mas","9":"first","10":"instock","11":"taxable","12":"shipping-taxable","13":"product-type-simple"},"exclude_global_add_ons":[],"addons":[],"df_price":"","df_sale_price":"","df_regular_price":"","df_image_link":"https:\/\/cdn02.fabioferro.eu\/wp-content\/uploads\/coppia-fedi-nuziali-fabio-ferro-satinate-rosa-35-mm.jpg","_links":{"self":[{"href":"https:\/\/www.fabioferro.eu\/de\/wp-json\/wp\/v2\/product\/211742","targetHints":{"allow":["GET"]}}],"collection":[{"href":"https:\/\/www.fabioferro.eu\/de\/wp-json\/wp\/v2\/product"}],"about":[{"href":"https:\/\/www.fabioferro.eu\/de\/wp-json\/wp\/v2\/types\/product"}],"replies":[{"embeddable":true,"href":"https:\/\/www.fabioferro.eu\/de\/wp-json\/wp\/v2\/comments?post=211742"}],"version-history":[{"count":0,"href":"https:\/\/www.fabioferro.eu\/de\/wp-json\/wp\/v2\/product\/211742\/revisions"}],"wp:featuredmedia":[{"embeddable":true,"href":"https:\/\/www.fabioferro.eu\/de\/wp-json\/wp\/v2\/media\/211675"}],"wp:attachment":[{"href":"https:\/\/www.fabioferro.eu\/de\/wp-json\/wp\/v2\/media?parent=211742"}],"wp:term":[{"taxonomy":"product_brand","embeddable":true,"href":"https:\/\/www.fabioferro.eu\/de\/wp-json\/wp\/v2\/product_brand?post=211742"},{"taxonomy":"product_cat","embeddable":true,"href":"https:\/\/www.fabioferro.eu\/de\/wp-json\/wp\/v2\/product_cat?post=211742"},{"taxonomy":"product_tag","embeddable":true,"href":"https:\/\/www.fabioferro.eu\/de\/wp-json\/wp\/v2\/product_tag?post=211742"}],"curies":[{"name":"wp","href":"https:\/\/api.w.org\/{rel}","templated":true}]}}