{"id":211748,"date":"2026-02-25T08:38:14","date_gmt":"2026-02-25T07:38:14","guid":{"rendered":"https:\/\/www.fabioferro.eu\/paar-trauringe-fabio-ferro-holz-satin-35-mm.html"},"modified":"2026-02-25T08:38:14","modified_gmt":"2026-02-25T07:38:14","slug":"paar-trauringe-fabio-ferro-holz-satin-35-mm","status":"publish","type":"product","link":"https:\/\/www.fabioferro.eu\/de\/paar-trauringe-fabio-ferro-holz-satin-35-mm.html","title":{"rendered":"Paar Trauringe Fabio Ferro Holz Satin 3,5 mm"},"content":{"rendered":"<p data-path-to-node=\"0\">Ein Paar Eheringe aus einem Material Ihrer Wahl: 18 und 9 Karat Wei\u00df-, Gelb- und Ros\u00e9gold, Silber und Platin. Hergestellt in Italien.<\/p>\n<p data-path-to-node=\"1\">Die originelle Verarbeitung in Holzoptik mit einem satinierten Finish auf der Au\u00dfenfl\u00e4che verleiht dem Schmuckst\u00fcck einen nat\u00fcrlichen Charakter.<\/p>\n<p data-path-to-node=\"2\">Die Breite betr\u00e4gt 3,5 mm und die Innenseite ist angenehm gew\u00f6lbt f\u00fcr idealen Tragekomfort.<\/p>\n<p data-path-to-node=\"3\">Das Gewicht des Metalls variiert im Verh\u00e4ltnis zur Gr\u00f6\u00dfe des Rings.<\/p>\n<p data-path-to-node=\"4\">Es ist m\u00f6glich, die Trauringe mit einer internen Gravur von Namen und Datum, kurzen Botschaften oder Zitaten zu personalisieren.<\/p>\n<p data-path-to-node=\"5\">Sie erhalten zwei Garantien mit Beschreibungen des Schmucks und der jeweiligen Gewichte, Materialien und Verarbeitung.<\/p>\n<p data-path-to-node=\"6\">Begleitet von einer eleganten Box mit doppeltem Verschluss zur Aufbewahrung.<\/p>\n","protected":false},"excerpt":{"rendered":"<p>Die perfekte Synthese aus Tradition und Moderne, f\u00fcr Trauringe, die jede Ihrer Gesten ehren.<\/p>\n","protected":false},"featured_media":211699,"comment_status":"open","ping_status":"closed","template":"","meta":[],"product_brand":[152],"product_cat":[7633],"product_tag":[],"class_list":{"0":"post-211748","1":"product","2":"type-product","3":"status-publish","4":"has-post-thumbnail","6":"product_brand-fabio-ferro-i-gioielli","7":"product_cat-eheringe-und-trauringe-nach-mas","9":"first","10":"instock","11":"taxable","12":"shipping-taxable","13":"product-type-simple"},"exclude_global_add_ons":[],"addons":[],"df_price":"","df_sale_price":"","df_regular_price":"","df_image_link":"https:\/\/cdn02.fabioferro.eu\/wp-content\/uploads\/coppia-fedi-nuziali-fabio-ferro-legno-satinate-35-mm.jpg","_links":{"self":[{"href":"https:\/\/www.fabioferro.eu\/de\/wp-json\/wp\/v2\/product\/211748","targetHints":{"allow":["GET"]}}],"collection":[{"href":"https:\/\/www.fabioferro.eu\/de\/wp-json\/wp\/v2\/product"}],"about":[{"href":"https:\/\/www.fabioferro.eu\/de\/wp-json\/wp\/v2\/types\/product"}],"replies":[{"embeddable":true,"href":"https:\/\/www.fabioferro.eu\/de\/wp-json\/wp\/v2\/comments?post=211748"}],"version-history":[{"count":0,"href":"https:\/\/www.fabioferro.eu\/de\/wp-json\/wp\/v2\/product\/211748\/revisions"}],"wp:featuredmedia":[{"embeddable":true,"href":"https:\/\/www.fabioferro.eu\/de\/wp-json\/wp\/v2\/media\/211699"}],"wp:attachment":[{"href":"https:\/\/www.fabioferro.eu\/de\/wp-json\/wp\/v2\/media?parent=211748"}],"wp:term":[{"taxonomy":"product_brand","embeddable":true,"href":"https:\/\/www.fabioferro.eu\/de\/wp-json\/wp\/v2\/product_brand?post=211748"},{"taxonomy":"product_cat","embeddable":true,"href":"https:\/\/www.fabioferro.eu\/de\/wp-json\/wp\/v2\/product_cat?post=211748"},{"taxonomy":"product_tag","embeddable":true,"href":"https:\/\/www.fabioferro.eu\/de\/wp-json\/wp\/v2\/product_tag?post=211748"}],"curies":[{"name":"wp","href":"https:\/\/api.w.org\/{rel}","templated":true}]}}