{"id":214440,"date":"2026-03-12T15:16:43","date_gmt":"2026-03-12T14:16:43","guid":{"rendered":"https:\/\/www.fabioferro.eu\/original-tibetanisches-tamashii-armband-gemischte-farben-steine.html"},"modified":"2026-03-12T15:16:43","modified_gmt":"2026-03-12T14:16:43","slug":"original-tibetanisches-tamashii-armband-gemischte-farben-steine","status":"publish","type":"product","link":"https:\/\/www.fabioferro.eu\/de\/original-tibetanisches-tamashii-armband-gemischte-farben-steine.html","title":{"rendered":"Original Tibetanisches Tamashii Armband Gemischte Farben Steine"},"content":{"rendered":"<p data-path-to-node=\"0\">Tamashii Armband, das das Gleichgewicht der Vielfalt feiert, indem es eine Auswahl an mehrfarbigen Natursteinen mit der klassischen braunen Kordel, die von M\u00f6nchen gesegnet wurde, kombiniert.<\/p>\n<p data-path-to-node=\"1\">Die Version mit gemischten Steinen besteht aus einer zuf\u00e4lligen Abfolge von Steinen in Gelb-, Gr\u00fcn-, Burgunder-, Blau- und Braunt\u00f6nen. Diese Farbkombination symbolisiert universelle Harmonie und vermittelt einen tiefen Zustand der Ruhe und Gelassenheit. Das Tragen dieses Schmuckst\u00fccks ermutigt zu Toleranz und einem harmonischen Zusammenleben mit den verschiedenen Realit\u00e4ten um uns herum.  <\/p>\n<p data-path-to-node=\"2\">Die Steine haben einen Durchmesser von 8 mm. Das Schl\u00fcsselband ist durch \u00d6sen leicht verstellbar und passt bequem an jedes Handgelenk.<\/p>\n<p data-path-to-node=\"3\">Da es sich um ein handgefertigtes Produkt mit gemischten Natursteinen handelt, ist jedes St\u00fcck einzigartig und die Farbzusammenstellung variiert von Armband zu Armband.<\/p>\n<p data-path-to-node=\"4\">Jedes Schmuckst\u00fcck wird mit der Originalverpackung von Tamashii und einer Echtheitserkl\u00e4rung geliefert.<\/p>\n","protected":false},"excerpt":{"rendered":"<p>Tauchen Sie ein in eine Farbsequenz, mit der Sie die universelle Harmonie und die Sch\u00f6nheit der Vielfalt feiern.<\/p>\n","protected":false},"featured_media":213065,"comment_status":"open","ping_status":"closed","template":"","meta":[],"product_brand":[],"product_cat":[6318],"product_tag":[],"class_list":{"0":"post-214440","1":"product","2":"type-product","3":"status-publish","4":"has-post-thumbnail","6":"product_cat-tamashii","8":"first","9":"instock","10":"taxable","11":"shipping-taxable","12":"purchasable","13":"product-type-simple"},"exclude_global_add_ons":[],"addons":[],"df_price":42,"df_sale_price":"","df_regular_price":42,"df_image_link":"https:\/\/cdn02.fabioferro.eu\/wp-content\/uploads\/bracciale-tamashii-tibetano-originale-pietre-colori-misti.jpg","_links":{"self":[{"href":"https:\/\/www.fabioferro.eu\/de\/wp-json\/wp\/v2\/product\/214440","targetHints":{"allow":["GET"]}}],"collection":[{"href":"https:\/\/www.fabioferro.eu\/de\/wp-json\/wp\/v2\/product"}],"about":[{"href":"https:\/\/www.fabioferro.eu\/de\/wp-json\/wp\/v2\/types\/product"}],"replies":[{"embeddable":true,"href":"https:\/\/www.fabioferro.eu\/de\/wp-json\/wp\/v2\/comments?post=214440"}],"version-history":[{"count":0,"href":"https:\/\/www.fabioferro.eu\/de\/wp-json\/wp\/v2\/product\/214440\/revisions"}],"wp:featuredmedia":[{"embeddable":true,"href":"https:\/\/www.fabioferro.eu\/de\/wp-json\/wp\/v2\/media\/213065"}],"wp:attachment":[{"href":"https:\/\/www.fabioferro.eu\/de\/wp-json\/wp\/v2\/media?parent=214440"}],"wp:term":[{"taxonomy":"product_brand","embeddable":true,"href":"https:\/\/www.fabioferro.eu\/de\/wp-json\/wp\/v2\/product_brand?post=214440"},{"taxonomy":"product_cat","embeddable":true,"href":"https:\/\/www.fabioferro.eu\/de\/wp-json\/wp\/v2\/product_cat?post=214440"},{"taxonomy":"product_tag","embeddable":true,"href":"https:\/\/www.fabioferro.eu\/de\/wp-json\/wp\/v2\/product_tag?post=214440"}],"curies":[{"name":"wp","href":"https:\/\/api.w.org\/{rel}","templated":true}]}}