{"id":214442,"date":"2026-03-12T15:16:45","date_gmt":"2026-03-12T14:16:45","guid":{"rendered":"https:\/\/www.fabioferro.eu\/tamashii-armband-tibetische-haende-steine-jade-rosa.html"},"modified":"2026-03-12T15:16:45","modified_gmt":"2026-03-12T14:16:45","slug":"tamashii-armband-tibetische-haende-steine-jade-rosa","status":"publish","type":"product","link":"https:\/\/www.fabioferro.eu\/de\/tamashii-armband-tibetische-haende-steine-jade-rosa.html","title":{"rendered":"Tamashii Armband Tibetische H\u00e4nde Steine Jade Rosa"},"content":{"rendered":"<p data-path-to-node=\"0\">Tamashii-Armband, das die S\u00fc\u00dfe von rosa Jade mit der klassischen braunen Kordel kombiniert, die von buddhistischen M\u00f6nchen gesegnet wurde.<\/p>\n<p data-path-to-node=\"1\">Die Steine messen 8 mm und sind jeweils mit Silberpulver graviert. Die Sanskrit-Symbole geben das heilige Mantra des universellen Mitgef\u00fchls &#8216;Om Mani Padme H\u016bm&#8217; wieder. <\/p>\n<p data-path-to-node=\"2\">Jade ist seit Tausenden von Jahren ein m\u00e4chtiges Gl\u00fccksbringer-Amulett. Laut Konfuzius vermittelt dieser Stein elf Tugenden, darunter Wohlwollen, Loyalit\u00e4t und Aufrichtigkeit. In seiner rosafarbenen Variante f\u00f6rdert er die innere Harmonie und den Frieden in den Beziehungen zu anderen und wirkt als Talisman f\u00fcr Schutz und Gelassenheit.  <\/p>\n<p data-path-to-node=\"3\">Der Kordelzug l\u00e4sst sich \u00fcber \u00d6sen leicht verstellen und passt sich so bequem jedem Handgelenk an.<\/p>\n<p data-path-to-node=\"4\">Da es sich um ein handgefertigtes Produkt handelt, ist jedes St\u00fcck einzigartig und kann leichte Farbabweichungen aufweisen.<\/p>\n<p data-path-to-node=\"5\">Jedes Armband wird mit der Originalverpackung von Tamashii und einer Echtheitserkl\u00e4rung geliefert.<\/p>\n","protected":false},"excerpt":{"rendered":"<p>Er tr\u00e4gt ein m\u00e4chtiges Gl\u00fccksamulett, das Jahrtausende an Geschichte und Tradition enth\u00e4lt.<\/p>\n","protected":false},"featured_media":213051,"comment_status":"open","ping_status":"closed","template":"","meta":[],"product_brand":[],"product_cat":[6318],"product_tag":[],"class_list":{"0":"post-214442","1":"product","2":"type-product","3":"status-publish","4":"has-post-thumbnail","6":"product_cat-tamashii","8":"first","9":"instock","10":"taxable","11":"shipping-taxable","12":"purchasable","13":"product-type-simple"},"exclude_global_add_ons":[],"addons":[],"df_price":45,"df_sale_price":"","df_regular_price":45,"df_image_link":"https:\/\/cdn02.fabioferro.eu\/wp-content\/uploads\/bracciale-tamashii-tibetano-mani-stones-giada-rosa.jpg","_links":{"self":[{"href":"https:\/\/www.fabioferro.eu\/de\/wp-json\/wp\/v2\/product\/214442","targetHints":{"allow":["GET"]}}],"collection":[{"href":"https:\/\/www.fabioferro.eu\/de\/wp-json\/wp\/v2\/product"}],"about":[{"href":"https:\/\/www.fabioferro.eu\/de\/wp-json\/wp\/v2\/types\/product"}],"replies":[{"embeddable":true,"href":"https:\/\/www.fabioferro.eu\/de\/wp-json\/wp\/v2\/comments?post=214442"}],"version-history":[{"count":0,"href":"https:\/\/www.fabioferro.eu\/de\/wp-json\/wp\/v2\/product\/214442\/revisions"}],"wp:featuredmedia":[{"embeddable":true,"href":"https:\/\/www.fabioferro.eu\/de\/wp-json\/wp\/v2\/media\/213051"}],"wp:attachment":[{"href":"https:\/\/www.fabioferro.eu\/de\/wp-json\/wp\/v2\/media?parent=214442"}],"wp:term":[{"taxonomy":"product_brand","embeddable":true,"href":"https:\/\/www.fabioferro.eu\/de\/wp-json\/wp\/v2\/product_brand?post=214442"},{"taxonomy":"product_cat","embeddable":true,"href":"https:\/\/www.fabioferro.eu\/de\/wp-json\/wp\/v2\/product_cat?post=214442"},{"taxonomy":"product_tag","embeddable":true,"href":"https:\/\/www.fabioferro.eu\/de\/wp-json\/wp\/v2\/product_tag?post=214442"}],"curies":[{"name":"wp","href":"https:\/\/api.w.org\/{rel}","templated":true}]}}